{"id":5846,"date":"2022-06-20T09:04:00","date_gmt":"2022-06-20T07:04:00","guid":{"rendered":"https:\/\/easy-ukca.com\/perche-easy-ukca\/"},"modified":"2023-06-19T19:07:59","modified_gmt":"2023-06-19T17:07:59","slug":"perche-easy-ukca","status":"publish","type":"page","link":"https:\/\/easy-ukca.com\/it\/perche-easy-ukca\/","title":{"rendered":"Perch\u00e9 Easy UKCA"},"content":{"rendered":"<div class=\"wpb-content-wrapper\">[vc_row][vc_column]<div class=\"vcex-spacing wpex-w-100 wpex-clear\" style=\"height:40px;\"><\/div>[vc_column_text]<img loading=\"lazy\" decoding=\"async\" class=\"alignright size-thumbnail wp-image-5287\" src=\"https:\/\/easy-ukca.com\/wp-content\/uploads\/2022\/06\/Brexit-Easy-UKCA-150x150.jpg\" alt=\"Brexit Easy UKCA\" width=\"150\" height=\"150\" srcset=\"https:\/\/easy-ukca.com\/wp-content\/uploads\/2022\/06\/Brexit-Easy-UKCA-150x150.jpg 150w, https:\/\/easy-ukca.com\/wp-content\/uploads\/2022\/06\/Brexit-Easy-UKCA-300x300.jpg 300w, https:\/\/easy-ukca.com\/wp-content\/uploads\/2022\/06\/Brexit-Easy-UKCA.jpg 400w\" sizes=\"auto, (max-width: 150px) 100vw, 150px\" \/>Come tutti sanno, dal 1\u00ba gennaio 2021, il Regno Unito non forma pi\u00f9 parte dell&#8217;Unione Europea. Affinch\u00e9 questa uscita sia graduale e non traumatica, \u00e8 stato stabilito un periodo di transizione che, per la maggior parte dei prodotti, doveva terminare il 31 dicembre 2022.<\/p>\n<p>Ci si aspettava che il 2023 segnasse l&#8217;inizio di una nuova tappa nei rapporti commerciali con Inghilterra, Galles e Scozia e, in parte, con l&#8217;Irlanda del Nord, ma la decisione del governo britannico di <strong>posticipare l&#8217;obbligatoriet\u00e0 della marcatura UKCA al 2025<\/strong> ha congelato la situazione attuale. La marcatura CE continuer\u00e0 ad essere sufficiente per esportare nel Regno Unito per altri due anni.<\/p>\n<p>A prescindere dall\u2019opinione che ognuno pu\u00f2 avere sulla decisione presa dall\u2019elettorato britannico, la Brexit \u00e8 un fatto assodato che genera un nuovo orizzonte e qualche preoccupazione nelle aziende esportatrici.<\/p>\n<p><img loading=\"lazy\" decoding=\"async\" class=\"alignleft wp-image-5289 size-medium\" src=\"https:\/\/easy-ukca.com\/wp-content\/uploads\/2022\/06\/Easy-UKCA-marcado-UKCA-desde-Espana-300x300.jpg\" alt=\"Easy UKCA marcatura UKCA per aziende italiane\" width=\"300\" height=\"300\" srcset=\"https:\/\/easy-ukca.com\/wp-content\/uploads\/2022\/06\/Easy-UKCA-marcado-UKCA-desde-Espana-300x300.jpg 300w, https:\/\/easy-ukca.com\/wp-content\/uploads\/2022\/06\/Easy-UKCA-marcado-UKCA-desde-Espana-150x150.jpg 150w, https:\/\/easy-ukca.com\/wp-content\/uploads\/2022\/06\/Easy-UKCA-marcado-UKCA-desde-Espana-200x200.jpg 200w, https:\/\/easy-ukca.com\/wp-content\/uploads\/2022\/06\/Easy-UKCA-marcado-UKCA-desde-Espana.jpg 400w, https:\/\/easy-ukca.com\/wp-content\/uploads\/2022\/06\/Easy-UKCA-marcado-UKCA-desde-Espana-125x125.jpg 125w, https:\/\/easy-ukca.com\/wp-content\/uploads\/2022\/06\/Easy-UKCA-marcado-UKCA-desde-Espana-125x125@2x.jpg 250w\" sizes=\"auto, (max-width: 300px) 100vw, 300px\" \/>In questo contesto di parziale incertezza opera <strong>Easy UKCA, la societ\u00e0 di consulenza specializzata nella marcatura UKCA.<\/strong><\/p>\n<p>Easy UKCA vuole <strong>ridurre gli effetti della Brexit<\/strong> che ricadono sulle aziende, particolarmente spagnole e italiane, interessate nel mercato britannico, siano esse esportatrici consolidate o semplicemente potenziali.<\/p>\n<p>Il primo obiettivo di Easy UKCA \u00e8 stato quello di mettere a disposizione di clienti e utenti tutti gli strumenti per ottenere e capire la certificazione UKCA. Con il passare del tempo, sono stati aggiunti altri servizi, sia in ambito <em>compliance<\/em> (elaborazione fascicolo tecnico CE, rapporto con Organismi Notificati) che in ambito tecnico-commerciale (ricerca di partner nel Regno Unito).<\/p>\n<p>I nostri partner (Rappresentanti autorizzati, ingegneri certificatori, esperti di mercato) offrono assoluta fiducia e <strong>condizioni economiche competitive<\/strong> affinch\u00e8 i nostri clienti possano operare nel Regno Unito in sicurezza e risparmiando denaro.[\/vc_column_text][\/vc_column][\/vc_row][vc_row column_spacing=&#8221;60&#8243; bg_style=&#8221;stretch&#8221; css=&#8221;.vc_custom_1489785485029{padding-top: 50px !important;padding-bottom: 10px !important;}&#8221;][vc_column width=&#8221;1\/2&#8243;]<style>.vcex-heading.vcex_69e649c181477{color:#555555;font-weight:400;}<\/style><h3 class=\"vcex-heading vcex-heading-plain vcex-module wpex-heading wpex-text-2xl wpex-text-center vcex_69e649c181477\"><span class=\"vcex-heading-inner wpex-inline-block\">Cosa offriamo?<\/span><\/h3><div class=\"vcex-spacing wpex-w-100 wpex-clear\" style=\"height:15px;\"><\/div>[vc_column_text]Mettiamo a disposizione dei nostri clienti una serie di servizi:<\/p>\n<ol>\n<li><strong><a href=\"https:\/\/easy-ukca.com\/it\/marcatura-ukca\/\">Marcatura UKCA<\/a><\/strong> e <strong>Marcatura CE<\/strong> di ogni tipo di prodotto. Ci\u00f2 include tutte le azioni che possiamo svolgere direttamente o tramite i nostri partner britannici (preparazione dela documentazione tecnica, archiviazione della documentazione, elaborazione della <a href=\"https:\/\/easy-ukca.com\/it\/marcatura-ukca\/dichiarazione-di-conformita-ukca\/\">Dichiarazione di Conformit\u00e0 UKCA<\/a>, supporto nell\u2019applicazione dell\u2019etichettatura, ecc.) nonch\u00e9 la gestione del rapporto con gli Organismi Accreditati (o Notificati) necessari per effettuare la valutazione di conformit\u00e0 in alcuni casi.<\/li>\n<li>Servizio di <a href=\"https:\/\/easy-ukca.com\/it\/marcatura-ukca\/i-vantaggi-di-avere-un-rappresentante-autorizzato\/\">Rappresentante Autorizzato.<\/a><\/li>\n<li>Certificazioni NON UKCA richieste nel Regno Unito: cosmetici, sicurezza generale del prodotto, ecc.<\/li>\n<li>Supporto nelle gare di appalto del settore pubblico britannico.<\/li>\n<li>Ricerca di partner tecnici e commerciali nel Regno Unito.<\/li>\n<\/ol>\n[\/vc_column_text][\/vc_column][vc_column width=&#8221;1\/2&#8243;]<style>.vcex-heading.vcex_69e649c182cbd{color:#fedd00;font-size:24px;font-weight:700;background-color:#2f2951;}<\/style><h2 class=\"vcex-heading vcex-heading-plain vcex-module wpex-heading wpex-text-2xl wpex-text-center vc_custom_1653302552005 vcex_69e649c182cbd\"><span class=\"vcex-heading-inner wpex-inline-block\">CONTATTACI<\/span><\/h2><div class=\"vcex-spacing wpex-w-100 wpex-clear\" style=\"height:30px;\"><\/div>\n<div class=\"wpcf7 no-js\" id=\"wpcf7-f5828-o1\" lang=\"it-IT\" dir=\"ltr\" data-wpcf7-id=\"5828\">\n<div class=\"screen-reader-response\"><p role=\"status\" aria-live=\"polite\" aria-atomic=\"true\"><\/p> <ul><\/ul><\/div>\n<form action=\"\/it\/wp-json\/wp\/v2\/pages\/5846#wpcf7-f5828-o1\" method=\"post\" class=\"wpcf7-form init\" aria-label=\"Modulo di contatto\" novalidate=\"novalidate\" data-status=\"init\">\n<fieldset class=\"hidden-fields-container\"><input type=\"hidden\" name=\"_wpcf7\" value=\"5828\" \/><input type=\"hidden\" name=\"_wpcf7_version\" value=\"6.1.5\" \/><input type=\"hidden\" name=\"_wpcf7_locale\" value=\"it_IT\" \/><input type=\"hidden\" name=\"_wpcf7_unit_tag\" value=\"wpcf7-f5828-o1\" \/><input type=\"hidden\" name=\"_wpcf7_container_post\" value=\"0\" \/><input type=\"hidden\" name=\"_wpcf7_posted_data_hash\" value=\"\" \/><input type=\"hidden\" name=\"_wpcf7_recaptcha_response\" value=\"\" \/>\n<\/fieldset>\n<div class=\"form-contact\">\n\t<div class=\"form-contact__fields-short\">\n\t\t<div class=\"form-contact__item-short\">\n\t\t\t<p><span class=\"wpcf7-form-control-wrap\" data-name=\"your-surname\"><input size=\"40\" maxlength=\"400\" class=\"wpcf7-form-control wpcf7-text wpcf7-validates-as-required\" aria-required=\"true\" aria-invalid=\"false\" placeholder=\"Cognome*\" value=\"\" type=\"text\" name=\"your-surname\" \/><\/span>\n\t\t\t<\/p>\n\t\t<\/div>\n\t\t<div class=\"form-contact__item-short\">\n\t\t\t<p><span class=\"wpcf7-form-control-wrap\" data-name=\"your-name\"><input size=\"40\" maxlength=\"400\" class=\"wpcf7-form-control wpcf7-text wpcf7-validates-as-required\" aria-required=\"true\" aria-invalid=\"false\" placeholder=\"Nome*\" value=\"\" type=\"text\" name=\"your-name\" \/><\/span>\n\t\t\t<\/p>\n\t\t<\/div>\n\t\t<div class=\"form-contact__item-short\">\n\t\t\t<p><span class=\"wpcf7-form-control-wrap\" data-name=\"your-company\"><input size=\"40\" maxlength=\"400\" class=\"wpcf7-form-control wpcf7-text wpcf7-validates-as-required\" aria-required=\"true\" aria-invalid=\"false\" placeholder=\"Azienda*\" value=\"\" type=\"text\" name=\"your-company\" \/><\/span>\n\t\t\t<\/p>\n\t\t<\/div>\n\t\t<div class=\"form-contact__item-short\">\n\t\t\t<p><span class=\"wpcf7-form-control-wrap\" data-name=\"your-email\"><input size=\"40\" maxlength=\"400\" class=\"wpcf7-form-control wpcf7-email wpcf7-validates-as-required wpcf7-text wpcf7-validates-as-email\" aria-required=\"true\" aria-invalid=\"false\" placeholder=\"Email*\" value=\"\" type=\"email\" name=\"your-email\" \/><\/span>\n\t\t\t<\/p>\n\t\t<\/div>\n\t\t<div class=\"form-contact__item-short\">\n\t\t\t<p><span class=\"wpcf7-form-control-wrap\" data-name=\"your-phone\"><input size=\"40\" maxlength=\"400\" class=\"wpcf7-form-control wpcf7-tel wpcf7-validates-as-required wpcf7-text wpcf7-validates-as-tel\" aria-required=\"true\" aria-invalid=\"false\" placeholder=\"Telefono*\" value=\"\" type=\"tel\" name=\"your-phone\" \/><\/span>\n\t\t\t<\/p>\n\t\t<\/div>\n\t\t<div class=\"form-contact__item-short\">\n\t\t\t<p><span class=\"wpcf7-form-control-wrap\" data-name=\"your-message\"><textarea cols=\"0\" rows=\"0\" maxlength=\"2000\" class=\"wpcf7-form-control wpcf7-textarea\" aria-invalid=\"false\" placeholder=\"Come possiamo aiutarti?\" name=\"your-message\"><\/textarea><\/span>\n\t\t\t<\/p>\n\t\t<\/div>\n\t\t<div>\n\t\t\t<p><span class=\"wpcf7-form-control-wrap\" data-name=\"acceptance-396\"><span class=\"wpcf7-form-control wpcf7-acceptance\"><span class=\"wpcf7-list-item\"><label><input type=\"checkbox\" name=\"acceptance-396\" value=\"1\" aria-invalid=\"false\" \/><span class=\"wpcf7-list-item-label\">Ho letto e accetto l'Informativa sulla Privacy<\/span><\/label><\/span><\/span><\/span>\n\t\t\t<\/p>\n\t\t\t<p style=\"text-align: justify; font-size: 10px; line-height: 18px;\"><strong>Easy UKCA<\/strong> \u00e8 Titolare del trattamento dei dati personali dell'Utente e informa che tali dati verranno trattati in conformit\u00e0 a quanto previsto dalla vigente normativa in materia di protezione dei dati personali, Regolamento (UE) 2016\/679 del 27 aprile 2016 (GDPR), in base cui fornisce la seguente informativa sul trattamento.<br \/>\n<strong>Finalit\u00e0<\/strong>: rispondere alle richieste dell'utente, attraverso il nostro form di contatto.<br \/>\n<strong>Destinatari<\/strong>: non verranno ceduti dati a soggetti terzi, salvo obblighi di legge.<br \/>\n<strong>Diritti<\/strong>: ha diritto all'accesso, alla rettifica e alla soppressione dei dati, cos\u00ec come altri diritti, come indicato nelle informazioni aggiuntive.<br \/>\n<strong>Informazioni aggiuntive<\/strong>: pu\u00f2 consultare informazioni aggiuntive e dettagliate riguardo alla Protezione Dati nella nostra <a style=\"text-decoration: underline;\" href=\"\/politica-de-privacidad\/\">Informativa sulla Privacy<\/a>.\n\t\t\t<\/p>\n\t\t<span class=\"wpcf7-form-control-wrap recaptcha\" data-name=\"recaptcha\"><span data-sitekey=\"6Lf7ORAgAAAAACn2QNqI8dGMUiNmT4seDH_966Zt\" class=\"wpcf7-form-control wpcf7-recaptcha g-recaptcha\"><\/span>\r\n<noscript>\r\n\t<div class=\"grecaptcha-noscript\">\r\n\t\t<iframe src=\"https:\/\/www.google.com\/recaptcha\/api\/fallback?k=6Lf7ORAgAAAAACn2QNqI8dGMUiNmT4seDH_966Zt\" frameborder=\"0\" scrolling=\"no\" width=\"310\" height=\"430\">\r\n\t\t<\/iframe>\r\n\t\t<textarea name=\"g-recaptcha-response\" rows=\"3\" cols=\"40\" placeholder=\"reCaptcha Response Here\">\r\n\t\t<\/textarea>\r\n\t<\/div>\r\n<\/noscript>\r\n<\/span>\n\t\t<\/div>\n\t\t<div>\n\t\t\t<p><input class=\"wpcf7-form-control wpcf7-submit has-spinner\" type=\"submit\" value=\"INVIA\" \/>\n\t\t\t<\/p>\n\t\t<\/div>\n\t<\/div>\n<\/div><div class=\"wpcf7-response-output\" aria-hidden=\"true\"><\/div>\n<\/form>\n<\/div>\n[\/vc_column][\/vc_row]\n<\/div>","protected":false},"excerpt":{"rendered":"<p>[vc_row][vc_column][vc_column_text]Come tutti sanno, dal 1\u00ba gennaio 2021, il Regno Unito non forma pi\u00f9 parte dell&#8217;Unione Europea. Affinch\u00e9 questa uscita sia graduale e non traumatica, \u00e8 stato stabilito un periodo di transizione che, per la maggior parte dei prodotti, doveva terminare il 31 dicembre 2022. Ci si aspettava che il 2023 segnasse l&#8217;inizio di una nuova&hellip;<\/p>\n","protected":false},"author":1,"featured_media":5816,"parent":0,"menu_order":0,"comment_status":"closed","ping_status":"closed","template":"","meta":{"footnotes":""},"categories":[],"tags":[119],"class_list":["post-5846","page","type-page","status-publish","has-post-thumbnail","hentry","tag-marcatura-ukca-per-aziende-italiane","entry","has-media"],"yoast_head":"<!-- This site is optimized with the Yoast SEO plugin v27.2 - https:\/\/yoast.com\/product\/yoast-seo-wordpress\/ -->\n<title>Perch\u00e9 Easy UKCA | Marcatura UKCA per aziende italiane<\/title>\n<meta name=\"description\" content=\"Easy UKCA nasce col proposito di ridurre gli effetti del Brexit che ricadono sulle aziende che operano o vogliono operare nel mercato britannico.\" \/>\n<meta name=\"robots\" content=\"index, follow, max-snippet:-1, max-image-preview:large, max-video-preview:-1\" \/>\n<link rel=\"canonical\" href=\"https:\/\/easy-ukca.com\/it\/perche-easy-ukca\/\" \/>\n<meta name=\"twitter:card\" content=\"summary_large_image\" \/>\n<meta name=\"twitter:title\" content=\"Perch\u00e9 Easy UKCA | Marcatura UKCA per aziende italiane\" \/>\n<meta name=\"twitter:description\" content=\"Easy UKCA nasce col proposito di ridurre gli effetti del Brexit che ricadono sulle aziende che operano o vogliono operare nel mercato britannico.\" \/>\n<meta name=\"twitter:image\" content=\"https:\/\/easy-ukca.com\/wp-content\/uploads\/2022\/06\/Easy-UKCA-marcado-UKCA-desde-Espana.jpg\" \/>\n<meta name=\"twitter:site\" content=\"@EasyUKCA\" \/>\n<meta name=\"twitter:label1\" content=\"Tempo di lettura stimato\" \/>\n\t<meta name=\"twitter:data1\" content=\"3 minuti\" \/>\n<script type=\"application\/ld+json\" class=\"yoast-schema-graph\">{\"@context\":\"https:\/\/schema.org\",\"@graph\":[{\"@type\":\"Article\",\"@id\":\"https:\/\/easy-ukca.com\/it\/perche-easy-ukca\/#article\",\"isPartOf\":{\"@id\":\"https:\/\/easy-ukca.com\/it\/perche-easy-ukca\/\"},\"author\":{\"name\":\"admin\",\"@id\":\"https:\/\/easy-ukca.com\/it\/#\/schema\/person\/c549c554b3ddd8bc846883ffcff58977\"},\"headline\":\"Perch\u00e9 Easy UKCA\",\"datePublished\":\"2022-06-20T07:04:00+00:00\",\"dateModified\":\"2023-06-19T17:07:59+00:00\",\"mainEntityOfPage\":{\"@id\":\"https:\/\/easy-ukca.com\/it\/perche-easy-ukca\/\"},\"wordCount\":483,\"publisher\":{\"@id\":\"https:\/\/easy-ukca.com\/it\/#organization\"},\"image\":{\"@id\":\"https:\/\/easy-ukca.com\/it\/perche-easy-ukca\/#primaryimage\"},\"thumbnailUrl\":\"https:\/\/easy-ukca.com\/wp-content\/uploads\/2022\/06\/Easy-UKCA-marcado-UKCA-desde-Espana.jpg\",\"keywords\":[\"marcatura ukca per aziende italiane\"],\"inLanguage\":\"it-IT\"},{\"@type\":\"WebPage\",\"@id\":\"https:\/\/easy-ukca.com\/it\/perche-easy-ukca\/\",\"url\":\"https:\/\/easy-ukca.com\/it\/perche-easy-ukca\/\",\"name\":\"Perch\u00e9 Easy UKCA | Marcatura UKCA per aziende italiane\",\"isPartOf\":{\"@id\":\"https:\/\/easy-ukca.com\/it\/#website\"},\"primaryImageOfPage\":{\"@id\":\"https:\/\/easy-ukca.com\/it\/perche-easy-ukca\/#primaryimage\"},\"image\":{\"@id\":\"https:\/\/easy-ukca.com\/it\/perche-easy-ukca\/#primaryimage\"},\"thumbnailUrl\":\"https:\/\/easy-ukca.com\/wp-content\/uploads\/2022\/06\/Easy-UKCA-marcado-UKCA-desde-Espana.jpg\",\"datePublished\":\"2022-06-20T07:04:00+00:00\",\"dateModified\":\"2023-06-19T17:07:59+00:00\",\"description\":\"Easy UKCA nasce col proposito di ridurre gli effetti del Brexit che ricadono sulle aziende che operano o vogliono operare nel mercato britannico.\",\"inLanguage\":\"it-IT\",\"potentialAction\":[{\"@type\":\"ReadAction\",\"target\":[\"https:\/\/easy-ukca.com\/it\/perche-easy-ukca\/\"]}]},{\"@type\":\"ImageObject\",\"inLanguage\":\"it-IT\",\"@id\":\"https:\/\/easy-ukca.com\/it\/perche-easy-ukca\/#primaryimage\",\"url\":\"https:\/\/easy-ukca.com\/wp-content\/uploads\/2022\/06\/Easy-UKCA-marcado-UKCA-desde-Espana.jpg\",\"contentUrl\":\"https:\/\/easy-ukca.com\/wp-content\/uploads\/2022\/06\/Easy-UKCA-marcado-UKCA-desde-Espana.jpg\",\"width\":400,\"height\":400,\"caption\":\"Easy UKCA marcatura UKCA per aziende italiane\"},{\"@type\":\"WebSite\",\"@id\":\"https:\/\/easy-ukca.com\/it\/#website\",\"url\":\"https:\/\/easy-ukca.com\/it\/\",\"name\":\"Easy UKCA\",\"description\":\"Expertos en marcado UKCA\",\"publisher\":{\"@id\":\"https:\/\/easy-ukca.com\/it\/#organization\"},\"potentialAction\":[{\"@type\":\"SearchAction\",\"target\":{\"@type\":\"EntryPoint\",\"urlTemplate\":\"https:\/\/easy-ukca.com\/it\/?s={search_term_string}\"},\"query-input\":{\"@type\":\"PropertyValueSpecification\",\"valueRequired\":true,\"valueName\":\"search_term_string\"}}],\"inLanguage\":\"it-IT\"},{\"@type\":\"Organization\",\"@id\":\"https:\/\/easy-ukca.com\/it\/#organization\",\"name\":\"Easy UKCA\",\"url\":\"https:\/\/easy-ukca.com\/it\/\",\"logo\":{\"@type\":\"ImageObject\",\"inLanguage\":\"it-IT\",\"@id\":\"https:\/\/easy-ukca.com\/it\/#\/schema\/logo\/image\/\",\"url\":\"https:\/\/easy-ukca.com\/wp-content\/uploads\/2022\/05\/cropped-Logo-Easy-UKCA.png\",\"contentUrl\":\"https:\/\/easy-ukca.com\/wp-content\/uploads\/2022\/05\/cropped-Logo-Easy-UKCA.png\",\"width\":512,\"height\":512,\"caption\":\"Easy UKCA\"},\"image\":{\"@id\":\"https:\/\/easy-ukca.com\/it\/#\/schema\/logo\/image\/\"},\"sameAs\":[\"https:\/\/x.com\/EasyUKCA\"]},{\"@type\":\"Person\",\"@id\":\"https:\/\/easy-ukca.com\/it\/#\/schema\/person\/c549c554b3ddd8bc846883ffcff58977\",\"name\":\"admin\",\"image\":{\"@type\":\"ImageObject\",\"inLanguage\":\"it-IT\",\"@id\":\"https:\/\/secure.gravatar.com\/avatar\/79db6ad5491a2207ba489b12cbb7ab52cb955ae7249899fc77ac40d7d612dca6?s=96&d=mm&r=g\",\"url\":\"https:\/\/secure.gravatar.com\/avatar\/79db6ad5491a2207ba489b12cbb7ab52cb955ae7249899fc77ac40d7d612dca6?s=96&d=mm&r=g\",\"contentUrl\":\"https:\/\/secure.gravatar.com\/avatar\/79db6ad5491a2207ba489b12cbb7ab52cb955ae7249899fc77ac40d7d612dca6?s=96&d=mm&r=g\",\"caption\":\"admin\"},\"sameAs\":[\"https:\/\/easy-ukca.com\"]}]}<\/script>\n<!-- \/ Yoast SEO plugin. -->","yoast_head_json":{"title":"Perch\u00e9 Easy UKCA | Marcatura UKCA per aziende italiane","description":"Easy UKCA nasce col proposito di ridurre gli effetti del Brexit che ricadono sulle aziende che operano o vogliono operare nel mercato britannico.","robots":{"index":"index","follow":"follow","max-snippet":"max-snippet:-1","max-image-preview":"max-image-preview:large","max-video-preview":"max-video-preview:-1"},"canonical":"https:\/\/easy-ukca.com\/it\/perche-easy-ukca\/","twitter_card":"summary_large_image","twitter_title":"Perch\u00e9 Easy UKCA | Marcatura UKCA per aziende italiane","twitter_description":"Easy UKCA nasce col proposito di ridurre gli effetti del Brexit che ricadono sulle aziende che operano o vogliono operare nel mercato britannico.","twitter_image":"https:\/\/easy-ukca.com\/wp-content\/uploads\/2022\/06\/Easy-UKCA-marcado-UKCA-desde-Espana.jpg","twitter_site":"@EasyUKCA","twitter_misc":{"Tempo di lettura stimato":"3 minuti"},"schema":{"@context":"https:\/\/schema.org","@graph":[{"@type":"Article","@id":"https:\/\/easy-ukca.com\/it\/perche-easy-ukca\/#article","isPartOf":{"@id":"https:\/\/easy-ukca.com\/it\/perche-easy-ukca\/"},"author":{"name":"admin","@id":"https:\/\/easy-ukca.com\/it\/#\/schema\/person\/c549c554b3ddd8bc846883ffcff58977"},"headline":"Perch\u00e9 Easy UKCA","datePublished":"2022-06-20T07:04:00+00:00","dateModified":"2023-06-19T17:07:59+00:00","mainEntityOfPage":{"@id":"https:\/\/easy-ukca.com\/it\/perche-easy-ukca\/"},"wordCount":483,"publisher":{"@id":"https:\/\/easy-ukca.com\/it\/#organization"},"image":{"@id":"https:\/\/easy-ukca.com\/it\/perche-easy-ukca\/#primaryimage"},"thumbnailUrl":"https:\/\/easy-ukca.com\/wp-content\/uploads\/2022\/06\/Easy-UKCA-marcado-UKCA-desde-Espana.jpg","keywords":["marcatura ukca per aziende italiane"],"inLanguage":"it-IT"},{"@type":"WebPage","@id":"https:\/\/easy-ukca.com\/it\/perche-easy-ukca\/","url":"https:\/\/easy-ukca.com\/it\/perche-easy-ukca\/","name":"Perch\u00e9 Easy UKCA | Marcatura UKCA per aziende italiane","isPartOf":{"@id":"https:\/\/easy-ukca.com\/it\/#website"},"primaryImageOfPage":{"@id":"https:\/\/easy-ukca.com\/it\/perche-easy-ukca\/#primaryimage"},"image":{"@id":"https:\/\/easy-ukca.com\/it\/perche-easy-ukca\/#primaryimage"},"thumbnailUrl":"https:\/\/easy-ukca.com\/wp-content\/uploads\/2022\/06\/Easy-UKCA-marcado-UKCA-desde-Espana.jpg","datePublished":"2022-06-20T07:04:00+00:00","dateModified":"2023-06-19T17:07:59+00:00","description":"Easy UKCA nasce col proposito di ridurre gli effetti del Brexit che ricadono sulle aziende che operano o vogliono operare nel mercato britannico.","inLanguage":"it-IT","potentialAction":[{"@type":"ReadAction","target":["https:\/\/easy-ukca.com\/it\/perche-easy-ukca\/"]}]},{"@type":"ImageObject","inLanguage":"it-IT","@id":"https:\/\/easy-ukca.com\/it\/perche-easy-ukca\/#primaryimage","url":"https:\/\/easy-ukca.com\/wp-content\/uploads\/2022\/06\/Easy-UKCA-marcado-UKCA-desde-Espana.jpg","contentUrl":"https:\/\/easy-ukca.com\/wp-content\/uploads\/2022\/06\/Easy-UKCA-marcado-UKCA-desde-Espana.jpg","width":400,"height":400,"caption":"Easy UKCA marcatura UKCA per aziende italiane"},{"@type":"WebSite","@id":"https:\/\/easy-ukca.com\/it\/#website","url":"https:\/\/easy-ukca.com\/it\/","name":"Easy UKCA","description":"Expertos en marcado UKCA","publisher":{"@id":"https:\/\/easy-ukca.com\/it\/#organization"},"potentialAction":[{"@type":"SearchAction","target":{"@type":"EntryPoint","urlTemplate":"https:\/\/easy-ukca.com\/it\/?s={search_term_string}"},"query-input":{"@type":"PropertyValueSpecification","valueRequired":true,"valueName":"search_term_string"}}],"inLanguage":"it-IT"},{"@type":"Organization","@id":"https:\/\/easy-ukca.com\/it\/#organization","name":"Easy UKCA","url":"https:\/\/easy-ukca.com\/it\/","logo":{"@type":"ImageObject","inLanguage":"it-IT","@id":"https:\/\/easy-ukca.com\/it\/#\/schema\/logo\/image\/","url":"https:\/\/easy-ukca.com\/wp-content\/uploads\/2022\/05\/cropped-Logo-Easy-UKCA.png","contentUrl":"https:\/\/easy-ukca.com\/wp-content\/uploads\/2022\/05\/cropped-Logo-Easy-UKCA.png","width":512,"height":512,"caption":"Easy UKCA"},"image":{"@id":"https:\/\/easy-ukca.com\/it\/#\/schema\/logo\/image\/"},"sameAs":["https:\/\/x.com\/EasyUKCA"]},{"@type":"Person","@id":"https:\/\/easy-ukca.com\/it\/#\/schema\/person\/c549c554b3ddd8bc846883ffcff58977","name":"admin","image":{"@type":"ImageObject","inLanguage":"it-IT","@id":"https:\/\/secure.gravatar.com\/avatar\/79db6ad5491a2207ba489b12cbb7ab52cb955ae7249899fc77ac40d7d612dca6?s=96&d=mm&r=g","url":"https:\/\/secure.gravatar.com\/avatar\/79db6ad5491a2207ba489b12cbb7ab52cb955ae7249899fc77ac40d7d612dca6?s=96&d=mm&r=g","contentUrl":"https:\/\/secure.gravatar.com\/avatar\/79db6ad5491a2207ba489b12cbb7ab52cb955ae7249899fc77ac40d7d612dca6?s=96&d=mm&r=g","caption":"admin"},"sameAs":["https:\/\/easy-ukca.com"]}]}},"_links":{"self":[{"href":"https:\/\/easy-ukca.com\/it\/wp-json\/wp\/v2\/pages\/5846","targetHints":{"allow":["GET"]}}],"collection":[{"href":"https:\/\/easy-ukca.com\/it\/wp-json\/wp\/v2\/pages"}],"about":[{"href":"https:\/\/easy-ukca.com\/it\/wp-json\/wp\/v2\/types\/page"}],"author":[{"embeddable":true,"href":"https:\/\/easy-ukca.com\/it\/wp-json\/wp\/v2\/users\/1"}],"replies":[{"embeddable":true,"href":"https:\/\/easy-ukca.com\/it\/wp-json\/wp\/v2\/comments?post=5846"}],"version-history":[{"count":13,"href":"https:\/\/easy-ukca.com\/it\/wp-json\/wp\/v2\/pages\/5846\/revisions"}],"predecessor-version":[{"id":7080,"href":"https:\/\/easy-ukca.com\/it\/wp-json\/wp\/v2\/pages\/5846\/revisions\/7080"}],"wp:featuredmedia":[{"embeddable":true,"href":"https:\/\/easy-ukca.com\/it\/wp-json\/wp\/v2\/media\/5816"}],"wp:attachment":[{"href":"https:\/\/easy-ukca.com\/it\/wp-json\/wp\/v2\/media?parent=5846"}],"wp:term":[{"taxonomy":"category","embeddable":true,"href":"https:\/\/easy-ukca.com\/it\/wp-json\/wp\/v2\/categories?post=5846"},{"taxonomy":"post_tag","embeddable":true,"href":"https:\/\/easy-ukca.com\/it\/wp-json\/wp\/v2\/tags?post=5846"}],"curies":[{"name":"wp","href":"https:\/\/api.w.org\/{rel}","templated":true}]}}