{"id":5884,"date":"2023-01-22T10:32:20","date_gmt":"2023-01-22T08:32:20","guid":{"rendered":"https:\/\/easy-ukca.com\/tutto-sulla-marcatura-ukca\/"},"modified":"2023-01-24T19:13:12","modified_gmt":"2023-01-24T17:13:12","slug":"marcatura-ukca","status":"publish","type":"page","link":"https:\/\/easy-ukca.com\/it\/marcatura-ukca\/","title":{"rendered":"Tutto sulla marcatura UKCA"},"content":{"rendered":"<div class=\"wpb-content-wrapper\">[vc_row css=&#8221;.vc_custom_1653390500260{margin-top: 60px !important;}&#8221;][vc_column width=&#8221;1\/3&#8243;]<div class=\"vcex-spacing wpex-w-100 wpex-clear\" style=\"height:30px;\"><\/div>[vc_column_text]\n\n[\/vc_column_text][\/vc_column][vc_column width=&#8221;2\/3&#8243;][vc_column_text]\n<h2>Cos&#8217;\u00e8 la marcatura UKCA<\/h2>\n<p><img loading=\"lazy\" decoding=\"async\" class=\"size-thumbnail wp-image-5248 alignright\" src=\"https:\/\/easy-ukca.com\/wp-content\/uploads\/2022\/06\/UKCA-logo-Easy-UKCA-150x150.jpg\" alt=\"UKCA logo Easy UKCA\" width=\"150\" height=\"150\" srcset=\"https:\/\/easy-ukca.com\/wp-content\/uploads\/2022\/06\/UKCA-logo-Easy-UKCA-150x150.jpg 150w, https:\/\/easy-ukca.com\/wp-content\/uploads\/2022\/06\/UKCA-logo-Easy-UKCA-300x300.jpg 300w, https:\/\/easy-ukca.com\/wp-content\/uploads\/2022\/06\/UKCA-logo-Easy-UKCA-50x50@2x.jpg 100w, https:\/\/easy-ukca.com\/wp-content\/uploads\/2022\/06\/UKCA-logo-Easy-UKCA-200x200.jpg 200w, https:\/\/easy-ukca.com\/wp-content\/uploads\/2022\/06\/UKCA-logo-Easy-UKCA.jpg 400w, https:\/\/easy-ukca.com\/wp-content\/uploads\/2022\/06\/UKCA-logo-Easy-UKCA-40x40.jpg 40w, https:\/\/easy-ukca.com\/wp-content\/uploads\/2022\/06\/UKCA-logo-Easy-UKCA-40x40@2x.jpg 80w, https:\/\/easy-ukca.com\/wp-content\/uploads\/2022\/06\/UKCA-logo-Easy-UKCA-125x125.jpg 125w, https:\/\/easy-ukca.com\/wp-content\/uploads\/2022\/06\/UKCA-logo-Easy-UKCA-125x125@2x.jpg 250w, https:\/\/easy-ukca.com\/wp-content\/uploads\/2022\/06\/UKCA-logo-Easy-UKCA-30x30.jpg 30w, https:\/\/easy-ukca.com\/wp-content\/uploads\/2022\/06\/UKCA-logo-Easy-UKCA-30x30@2x.jpg 60w, https:\/\/easy-ukca.com\/wp-content\/uploads\/2022\/06\/UKCA-logo-Easy-UKCA-50x50.jpg 50w\" sizes=\"auto, (max-width: 150px) 100vw, 150px\" \/>La marcatura UKCA (o marchio UKCA) \u00e8 il nuovo marchio a cui sono soggetti alcuni prodotti per essere introdotti nel mercato britannico (Inghilterra, Galles, Scozia).<\/p>\n<p>Non \u00e8 applicabile ai prodotti destinati all&#8217;Irlanda del Nord, per i quali esiste un&#8217;altra marcatura l&#8217;<a href=\"https:\/\/easy-ukca.com\/it\/marcatura-ukca\/#Que_es_el_marcado_UKNI\">UKNI<\/a>.<\/p>\n<h2>Entrata in vigore della marcatura UKCA<\/h2>\n<p>Il marchio UKCA \u00e8 entrato in vigore su base facoltativa il 1\u00ba gennaio 2021 e sar\u00e0 obbligatorio dal 1\u00bagennaio 2025 nella maggior parte dei casi. I dispositivi medici dovranno essere marcati a partire dal 1\u00ba luglio 2025. I dispositivi medici e i prodotti per la costruzione dovranno essere marcati a partire dal 1\u00ba luglio 2025.<\/p>\n<p>Nel frattempo, gli esportatori possono continuare ad accedere al mercato del Regno Unito con la marcatura CE.<\/p>\n<h2>Aree di applicazione della marcatura UKCA<\/h2>\n<p>La marcatura UKCA si applica, in pratica, a tutti i prodotti soggetti alle Direttive Europee New Approach e, quindi, alla marcatura CE.<\/p>\n<p><img loading=\"lazy\" decoding=\"async\" class=\"size-thumbnail wp-image-4960 alignright\" src=\"https:\/\/easy-ukca.com\/wp-content\/uploads\/2022\/05\/del-marcado-CE-y-epsilon-invertida-a-marcado-UKCA-150x150.png\" alt=\"dalla marcatura CE ed epsilon rovesciata alla marcatura UKCA\" width=\"150\" height=\"150\" srcset=\"https:\/\/easy-ukca.com\/wp-content\/uploads\/2022\/05\/del-marcado-CE-y-epsilon-invertida-a-marcado-UKCA-150x150.png 150w, https:\/\/easy-ukca.com\/wp-content\/uploads\/2022\/05\/del-marcado-CE-y-epsilon-invertida-a-marcado-UKCA-300x300.png 300w, https:\/\/easy-ukca.com\/wp-content\/uploads\/2022\/05\/del-marcado-CE-y-epsilon-invertida-a-marcado-UKCA.png 400w\" sizes=\"auto, (max-width: 150px) 100vw, 150px\" \/>Inoltre, si applica agli aerosol che erano stati precedentemente contrassegnati con una epsilon rovesciata<\/p>\n<p>Queste sono le aree di applicazione della marcatura UKCA:<\/p>\n<ul>\n<li>Giocattoli<\/li>\n<li>Pirotecnica<\/li>\n<li>Imbarcazioni da diporto e moto d&#8217;acqua<\/li>\n<li>Recipienti a pressione semplici<\/li>\n<li>Compatibilit\u00e0 elettromagnetica<\/li>\n<li>Strumenti per pesare non automatici<\/li>\n<li>Strumenti di misura<\/li>\n<li>Ascensori<\/li>\n<li>ATEX<\/li>\n<li>Apparecchiature radio<\/li>\n<li>Attrezzature a pressione<\/li>\n<li>Dispositivi di protezione individuale<\/li>\n<li>Apparecchi a gas<\/li>\n<li>Macchine industriali<\/li>\n<li>Attrezzatura per uso esterno<\/li>\n<li>Ecodesign<\/li>\n<li>Aerosol<\/li>\n<li>Apparecchiature elettriche a bassa tensione<\/li>\n<li>Restrizioni di sostanze pericolose nelle apparecchiature elettriche ed elettroniche<\/li>\n<\/ul>\n<p>La marcatura UKCA \u00e8 applicabile, con apposite normative, anche alle seguenti aree:<\/p>\n<ul>\n<li>Dispositivi medici<\/li>\n<li>Interoperabilit\u00e0 ferroviaria<\/li>\n<li>Prodotti per l&#8217;edilizia<\/li>\n<li>Esplosivi civili<\/li>\n<\/ul>\n<p>Per maggiori informazioni, consulta la <a href=\"https:\/\/easy-ukca.com\/it\/marcatura-ukca\/corrispondenza-tra-le-normative-ce-e-uk\/\">Corrispondenza tra normative CE e UK<\/a>, con la posibilit\u00e0 di accedere alle normative e guide ufficiali.<\/p>\n<h2>Responsabili della marcatura UKCA<\/h2>\n<p>Ci sono quattro operatori economici rilevanti per l&#8217;immissione di un prodotto sul mercato britannico. Ognuno di loro ha delle responsabilit\u00e0 specifiche.<\/p>\n<p>\u2776 <strong>Fabbricante:<\/strong> commercializa il prodotto nel mercado britannico con il proprio marchio. Pu\u00f2 essere o meno il fabbricante effettivo. Responsabile di:<\/p>\n<ul>\n<li>rispettare le normative britanniche applicabili al suo prodotto;<\/li>\n<li>elaborare la documentazione tecnica e la <a href=\"https:\/\/easy-ukca.com\/it\/marcatura-ukca\/dichiarazione-di-conformita-ukca\/\">Dichiarazione di Conformit\u00e0 UKCA;<\/a><\/li>\n<li>fornire le sue informazioni di contatto sul prodotto o sul packaging;<\/li>\n<\/ul>\n<p>\u2777<strong> Importatore:<\/strong> immette nel mercato del Regno Unito beni provenienti dall&#8217;estero. Responsabilit\u00e0:<\/p>\n<ul>\n<li>verificare che la valutazione della conformit\u00e0, la documentazione tecnica, la Dichiarazione di Conformit\u00e0 UKCA e la marcatura UKCA siano stati realizzati in conformit\u00e0 con le normative britanniche vigenti;<\/li>\n<li>indicare le sue informazioni di contatto sul producto, sul packaging o nella documentazione aggiuntiva (&#8220;accompanying documentation&#8221;, pu\u00f2 essere il manuale tecnico o un foglio illustrativo);<\/li>\n<li>conservare durante 10 anni la <a href=\"https:\/\/easy-ukca.com\/it\/marcatura-ukca\/autodichiarazione-ukca-prodotti-soggetti-e-obblighi-legali\/#Elaboracion_o_transposicion_del_expediente_tecnico\">documentazione tecnica<\/a> sui cui si basa la Dichiarazione di Conformit\u00e0 UKCA.<\/li>\n<\/ul>\n<p>\u2778 <strong>Distributore:<\/strong> figura, diversa dalle precedenti, che partecipa anche all&#8217;immissione del prodotto.nel mercato. Pu\u00f2 esser responsabile del packaging del prodotto prima della consegna al consumatore finale. Le sue responsabilit\u00e0 sono solo in parte legate alla marcatura UKCA:<\/p>\n<ul>\n<li>verificare il rispetto dei requisiti di legge a cui \u00e8 soggetto il prodotto;<\/li>\n<li>fungere, in alcuni casi, da collegamento tra il Fabbricante e i clienti finali, rendendo possibile la vendita diretta.<\/li>\n<\/ul>\n<p>\u2779 <strong>Rappresentante Autorizzato<\/strong>, nominato dal Fabbricante. Pu\u00f2 assumere obblighi dello stesso Fabbricante e dell&#8217;Importatore:<\/p>\n<ul>\n<li>elaborare la Dichiarazione di Conformit\u00e0 UKCA;<\/li>\n<li>conservare la documentazione tecnica;<\/li>\n<li>fornire le sue informazioni di contatto sul prodotto o sul packaging;<\/li>\n<li>collaborare con le agenzie di sorveglianza del mercato.<\/li>\n<\/ul>\n<p>Non \u00e8 obbligatorio assumere un Rappresentante Autorizzato, ma farlo offre <a href=\"https:\/\/easy-ukca.com\/it\/marcatura-ukca\/i-vantaggi-di-avere-un-rappresentante-autorizzato\/\">dei chiari vantaggi.<\/a><\/p>\n<h2>Quando \u00e8 possibile l&#8217;autodichiarazione UKCA?<\/h2>\n<p>Il produttore pu\u00f2 rilasciare una dichiarazione di conformit\u00e0 UKCA senza la necessit\u00e0 di sottoporsi a una valutazione di un organismo accreditato in determinate condizioni.<\/p>\n<p>L&#8217;Autodichiarazione \u00e8 <strong>sempre<\/strong> possibile per queste tipologie di prodotti\/normative:<\/p>\n<ul>\n<li>Compatibilit\u00e0 elettromagnetica<\/li>\n<li>Equipaggiamento elettrico<\/li>\n<li>Restrizioni di sostanze pericolose nelle apparecchiature elettriche ed elettroniche<\/li>\n<\/ul>\n<p>Sar\u00e0 possibile anche per la <strong>maggior parte<\/strong> dei prodotti coperti da queste normative:<\/p>\n<ul>\n<li>Giocattoli<\/li>\n<li>Macchine industriali<\/li>\n<li>Apparecchiature radio<\/li>\n<\/ul>\n<p><strong>Alcuni<\/strong> prodotti che rientrano nel campo di applicazione delle seguenti normative possono essere autodichiarati:<\/p>\n<ul>\n<li>Prodotti per l&#8217;edilizia<\/li>\n<li>Imbarcazioni da diporto e moto d&#8217;acqua<\/li>\n<li>Attrezzature a pressione<\/li>\n<li>ATEX<\/li>\n<li>DPI<\/li>\n<\/ul>\n<p>La possibilit\u00e0 di accedere ad una &#8220;Selfdeclaration&#8221; non esime dall&#8217;adempimento di due importanti obblighi di legge: la preparazione della <strong>documentazione tecnica<\/strong> e l&#8217;<strong>archiviazione della documentazione<\/strong> durante 10 anni.<\/p>\n<p>Per maggiorni informazioni: <a href=\"https:\/\/easy-ukca.com\/it\/marcatura-ukca\/autodichiarazione-ukca-prodotti-soggetti-e-obblighi-legali\/\">Autodichiarazione UKCA: prodotti soggetti e obblighi legali<\/a><\/p>\n<h2>Ricerca dell&#8217;organismo certificatore<\/h2>\n<p>Quando la legge impone la valutazione della conformit\u00e0 da parte di terzi, \u00e8 necessario rivolgersi a un CAB (Conformity Assessment Body). \u00c8 possibile fare una ricerca nel <a href=\"https:\/\/www.gov.uk\/uk-market-conformity-assessment-bodies\">database ufficiale (UKMCAB)<\/a> oppure richiederci questa gestione e in tal modo ridurre notevolmente i tempi.<\/p>\n<h2>Come eseguire la marcatura UKCA<\/h2>\n<p>La marcatura UKCA \u00e8 responsabilit\u00e0 del Fabbricante o del Rappresentante Autorizzato, assumendo cos\u00ec precisi obblighi di legge.<\/p>\n<p>Il logo UKCA deve avere una dimensione minima di 5 mm e deve essere posizionato il pi\u00f9 chiaramente possibile senza creare confusione nei consumatori. Dal 1\u00ba gennaio 2028 deve essere applicato in modo permanente, cio\u00e8 non tramite etichetta adesiva.<\/p>\n<p>Maggiori informazioni sulle <a href=\"https:\/\/easy-ukca.com\/it\/marcatura-ukca\/come-eseguire-la-marcatura-ukca\/#Las_5_Reglas_fundamentales_del_marcado_UKCA\"><span id=\"Las_5_Reglas_fundamentales_del_marcado_UKCA\">5 Regole fondamentali della marcatura UKCA.<\/span><\/a><\/p>\n<h2>Cos&#8217;\u00e8 la marcatura UKNI<\/h2>\n<p><img loading=\"lazy\" decoding=\"async\" class=\"size-thumbnail wp-image-5247 alignright\" src=\"https:\/\/easy-ukca.com\/wp-content\/uploads\/2022\/06\/UKNI-logo-Easy-UKCA-150x150.jpg\" alt=\"UKNI logo Easy UKCA\" width=\"150\" height=\"150\" srcset=\"https:\/\/easy-ukca.com\/wp-content\/uploads\/2022\/06\/UKNI-logo-Easy-UKCA-150x150.jpg 150w, https:\/\/easy-ukca.com\/wp-content\/uploads\/2022\/06\/UKNI-logo-Easy-UKCA-300x300.jpg 300w, https:\/\/easy-ukca.com\/wp-content\/uploads\/2022\/06\/UKNI-logo-Easy-UKCA-200x200.jpg 200w, https:\/\/easy-ukca.com\/wp-content\/uploads\/2022\/06\/UKNI-logo-Easy-UKCA.jpg 400w, https:\/\/easy-ukca.com\/wp-content\/uploads\/2022\/06\/UKNI-logo-Easy-UKCA-125x125.jpg 125w, https:\/\/easy-ukca.com\/wp-content\/uploads\/2022\/06\/UKNI-logo-Easy-UKCA-125x125@2x.jpg 250w\" sizes=\"auto, (max-width: 150px) 100vw, 150px\" \/>Il logo UKNI deve accompagnare il logo CE quando alcuni prodotti vengono messi in vendita in Irlanda del Nord, paese che, pur appartenendo al Regno Unito, fa ancora parte del mercato unico europeo delle merci.<\/p>\n<p>Ai fini pratici, un&#8217;azienda esportatrice dovrebbe utilizzare questo marchio solo nel caso sia richiesta una valutazione di conformit\u00e0 di terzi e solo nel caso in cui l&#8217;organismo di certificazione si trovi nel Regno Unito.<\/p>\n<p>Consulta la pagina sulla <a href=\"https:\/\/easy-ukca.com\/it\/marcatura-ukni\/\">marcatura UKNI<\/a> per maggiori informazioni.[\/vc_column_text][\/vc_column][\/vc_row]\n<\/div>","protected":false},"excerpt":{"rendered":"<p>[vc_row css=&#8221;.vc_custom_1653390500260{margin-top: 60px !important;}&#8221;][vc_column width=&#8221;1\/3&#8243;][vc_column_text] [\/vc_column_text][\/vc_column][vc_column width=&#8221;2\/3&#8243;][vc_column_text] Cos&#8217;\u00e8 la marcatura UKCA La marcatura UKCA (o marchio UKCA) \u00e8 il nuovo marchio a cui sono soggetti alcuni prodotti per essere introdotti nel mercato britannico (Inghilterra, Galles, Scozia). Non \u00e8 applicabile ai prodotti destinati all&#8217;Irlanda del Nord, per i quali esiste un&#8217;altra marcatura l&#8217;UKNI. Entrata in vigore&hellip;<\/p>\n","protected":false},"author":1,"featured_media":5811,"parent":0,"menu_order":0,"comment_status":"closed","ping_status":"closed","template":"templates\/no-sidebar.php","meta":{"footnotes":""},"categories":[103],"tags":[108],"class_list":["post-5884","page","type-page","status-publish","has-post-thumbnail","hentry","category-capire-la-marcatura-ukca","tag-marcatura-ukca","entry","has-media"],"yoast_head":"<!-- This site is optimized with the Yoast SEO plugin v27.2 - https:\/\/yoast.com\/product\/yoast-seo-wordpress\/ -->\n<title>Tutto sulla marcatura UKCA | Easy UKCA<\/title>\n<meta name=\"description\" content=\"Il marchio UKCA sar\u00e0 obbligatorio dal 1\u00ba gennaio 2025. Tutte le informazioni sui requisiti legali e sulle procedure da seguire sul nostro sito web.\" \/>\n<meta name=\"robots\" content=\"index, follow, max-snippet:-1, max-image-preview:large, max-video-preview:-1\" \/>\n<link rel=\"canonical\" href=\"https:\/\/easy-ukca.com\/it\/marcatura-ukca\/\" \/>\n<meta name=\"twitter:card\" content=\"summary_large_image\" \/>\n<meta name=\"twitter:title\" content=\"Tutto sulla marcatura UKCA | Easy UKCA\" \/>\n<meta name=\"twitter:description\" content=\"Il marchio UKCA sar\u00e0 obbligatorio dal 1\u00ba gennaio 2025. Tutte le informazioni sui requisiti legali e sulle procedure da seguire sul nostro sito web.\" \/>\n<meta name=\"twitter:image\" content=\"https:\/\/easy-ukca.com\/wp-content\/uploads\/2022\/06\/UKCA-logo-Easy-UKCA.jpg\" \/>\n<meta name=\"twitter:site\" content=\"@EasyUKCA\" \/>\n<meta name=\"twitter:label1\" content=\"Tempo di lettura stimato\" \/>\n\t<meta name=\"twitter:data1\" content=\"5 minuti\" \/>\n<script type=\"application\/ld+json\" class=\"yoast-schema-graph\">{\"@context\":\"https:\/\/schema.org\",\"@graph\":[{\"@type\":\"Article\",\"@id\":\"https:\/\/easy-ukca.com\/it\/marcatura-ukca\/#article\",\"isPartOf\":{\"@id\":\"https:\/\/easy-ukca.com\/it\/marcatura-ukca\/\"},\"author\":{\"name\":\"admin\",\"@id\":\"https:\/\/easy-ukca.com\/it\/#\/schema\/person\/c549c554b3ddd8bc846883ffcff58977\"},\"headline\":\"Tutto sulla marcatura UKCA\",\"datePublished\":\"2023-01-22T08:32:20+00:00\",\"dateModified\":\"2023-01-24T17:13:12+00:00\",\"mainEntityOfPage\":{\"@id\":\"https:\/\/easy-ukca.com\/it\/marcatura-ukca\/\"},\"wordCount\":901,\"publisher\":{\"@id\":\"https:\/\/easy-ukca.com\/it\/#organization\"},\"image\":{\"@id\":\"https:\/\/easy-ukca.com\/it\/marcatura-ukca\/#primaryimage\"},\"thumbnailUrl\":\"https:\/\/easy-ukca.com\/wp-content\/uploads\/2022\/06\/UKCA-logo-Easy-UKCA.jpg\",\"keywords\":[\"marcatura UKCA\"],\"articleSection\":[\"Capire la marcatura UKCA\"],\"inLanguage\":\"it-IT\"},{\"@type\":\"WebPage\",\"@id\":\"https:\/\/easy-ukca.com\/it\/marcatura-ukca\/\",\"url\":\"https:\/\/easy-ukca.com\/it\/marcatura-ukca\/\",\"name\":\"Tutto sulla marcatura UKCA | Easy UKCA\",\"isPartOf\":{\"@id\":\"https:\/\/easy-ukca.com\/it\/#website\"},\"primaryImageOfPage\":{\"@id\":\"https:\/\/easy-ukca.com\/it\/marcatura-ukca\/#primaryimage\"},\"image\":{\"@id\":\"https:\/\/easy-ukca.com\/it\/marcatura-ukca\/#primaryimage\"},\"thumbnailUrl\":\"https:\/\/easy-ukca.com\/wp-content\/uploads\/2022\/06\/UKCA-logo-Easy-UKCA.jpg\",\"datePublished\":\"2023-01-22T08:32:20+00:00\",\"dateModified\":\"2023-01-24T17:13:12+00:00\",\"description\":\"Il marchio UKCA sar\u00e0 obbligatorio dal 1\u00ba gennaio 2025. Tutte le informazioni sui requisiti legali e sulle procedure da seguire sul nostro sito web.\",\"inLanguage\":\"it-IT\",\"potentialAction\":[{\"@type\":\"ReadAction\",\"target\":[\"https:\/\/easy-ukca.com\/it\/marcatura-ukca\/\"]}]},{\"@type\":\"ImageObject\",\"inLanguage\":\"it-IT\",\"@id\":\"https:\/\/easy-ukca.com\/it\/marcatura-ukca\/#primaryimage\",\"url\":\"https:\/\/easy-ukca.com\/wp-content\/uploads\/2022\/06\/UKCA-logo-Easy-UKCA.jpg\",\"contentUrl\":\"https:\/\/easy-ukca.com\/wp-content\/uploads\/2022\/06\/UKCA-logo-Easy-UKCA.jpg\",\"width\":400,\"height\":400,\"caption\":\"UKCA logo Easy UKCA\"},{\"@type\":\"WebSite\",\"@id\":\"https:\/\/easy-ukca.com\/it\/#website\",\"url\":\"https:\/\/easy-ukca.com\/it\/\",\"name\":\"Easy UKCA\",\"description\":\"Expertos en marcado UKCA\",\"publisher\":{\"@id\":\"https:\/\/easy-ukca.com\/it\/#organization\"},\"potentialAction\":[{\"@type\":\"SearchAction\",\"target\":{\"@type\":\"EntryPoint\",\"urlTemplate\":\"https:\/\/easy-ukca.com\/it\/?s={search_term_string}\"},\"query-input\":{\"@type\":\"PropertyValueSpecification\",\"valueRequired\":true,\"valueName\":\"search_term_string\"}}],\"inLanguage\":\"it-IT\"},{\"@type\":\"Organization\",\"@id\":\"https:\/\/easy-ukca.com\/it\/#organization\",\"name\":\"Easy UKCA\",\"url\":\"https:\/\/easy-ukca.com\/it\/\",\"logo\":{\"@type\":\"ImageObject\",\"inLanguage\":\"it-IT\",\"@id\":\"https:\/\/easy-ukca.com\/it\/#\/schema\/logo\/image\/\",\"url\":\"https:\/\/easy-ukca.com\/wp-content\/uploads\/2022\/05\/cropped-Logo-Easy-UKCA.png\",\"contentUrl\":\"https:\/\/easy-ukca.com\/wp-content\/uploads\/2022\/05\/cropped-Logo-Easy-UKCA.png\",\"width\":512,\"height\":512,\"caption\":\"Easy UKCA\"},\"image\":{\"@id\":\"https:\/\/easy-ukca.com\/it\/#\/schema\/logo\/image\/\"},\"sameAs\":[\"https:\/\/x.com\/EasyUKCA\"]},{\"@type\":\"Person\",\"@id\":\"https:\/\/easy-ukca.com\/it\/#\/schema\/person\/c549c554b3ddd8bc846883ffcff58977\",\"name\":\"admin\",\"image\":{\"@type\":\"ImageObject\",\"inLanguage\":\"it-IT\",\"@id\":\"https:\/\/secure.gravatar.com\/avatar\/79db6ad5491a2207ba489b12cbb7ab52cb955ae7249899fc77ac40d7d612dca6?s=96&d=mm&r=g\",\"url\":\"https:\/\/secure.gravatar.com\/avatar\/79db6ad5491a2207ba489b12cbb7ab52cb955ae7249899fc77ac40d7d612dca6?s=96&d=mm&r=g\",\"contentUrl\":\"https:\/\/secure.gravatar.com\/avatar\/79db6ad5491a2207ba489b12cbb7ab52cb955ae7249899fc77ac40d7d612dca6?s=96&d=mm&r=g\",\"caption\":\"admin\"},\"sameAs\":[\"https:\/\/easy-ukca.com\"]}]}<\/script>\n<!-- \/ Yoast SEO plugin. -->","yoast_head_json":{"title":"Tutto sulla marcatura UKCA | Easy UKCA","description":"Il marchio UKCA sar\u00e0 obbligatorio dal 1\u00ba gennaio 2025. Tutte le informazioni sui requisiti legali e sulle procedure da seguire sul nostro sito web.","robots":{"index":"index","follow":"follow","max-snippet":"max-snippet:-1","max-image-preview":"max-image-preview:large","max-video-preview":"max-video-preview:-1"},"canonical":"https:\/\/easy-ukca.com\/it\/marcatura-ukca\/","twitter_card":"summary_large_image","twitter_title":"Tutto sulla marcatura UKCA | Easy UKCA","twitter_description":"Il marchio UKCA sar\u00e0 obbligatorio dal 1\u00ba gennaio 2025. Tutte le informazioni sui requisiti legali e sulle procedure da seguire sul nostro sito web.","twitter_image":"https:\/\/easy-ukca.com\/wp-content\/uploads\/2022\/06\/UKCA-logo-Easy-UKCA.jpg","twitter_site":"@EasyUKCA","twitter_misc":{"Tempo di lettura stimato":"5 minuti"},"schema":{"@context":"https:\/\/schema.org","@graph":[{"@type":"Article","@id":"https:\/\/easy-ukca.com\/it\/marcatura-ukca\/#article","isPartOf":{"@id":"https:\/\/easy-ukca.com\/it\/marcatura-ukca\/"},"author":{"name":"admin","@id":"https:\/\/easy-ukca.com\/it\/#\/schema\/person\/c549c554b3ddd8bc846883ffcff58977"},"headline":"Tutto sulla marcatura UKCA","datePublished":"2023-01-22T08:32:20+00:00","dateModified":"2023-01-24T17:13:12+00:00","mainEntityOfPage":{"@id":"https:\/\/easy-ukca.com\/it\/marcatura-ukca\/"},"wordCount":901,"publisher":{"@id":"https:\/\/easy-ukca.com\/it\/#organization"},"image":{"@id":"https:\/\/easy-ukca.com\/it\/marcatura-ukca\/#primaryimage"},"thumbnailUrl":"https:\/\/easy-ukca.com\/wp-content\/uploads\/2022\/06\/UKCA-logo-Easy-UKCA.jpg","keywords":["marcatura UKCA"],"articleSection":["Capire la marcatura UKCA"],"inLanguage":"it-IT"},{"@type":"WebPage","@id":"https:\/\/easy-ukca.com\/it\/marcatura-ukca\/","url":"https:\/\/easy-ukca.com\/it\/marcatura-ukca\/","name":"Tutto sulla marcatura UKCA | Easy UKCA","isPartOf":{"@id":"https:\/\/easy-ukca.com\/it\/#website"},"primaryImageOfPage":{"@id":"https:\/\/easy-ukca.com\/it\/marcatura-ukca\/#primaryimage"},"image":{"@id":"https:\/\/easy-ukca.com\/it\/marcatura-ukca\/#primaryimage"},"thumbnailUrl":"https:\/\/easy-ukca.com\/wp-content\/uploads\/2022\/06\/UKCA-logo-Easy-UKCA.jpg","datePublished":"2023-01-22T08:32:20+00:00","dateModified":"2023-01-24T17:13:12+00:00","description":"Il marchio UKCA sar\u00e0 obbligatorio dal 1\u00ba gennaio 2025. Tutte le informazioni sui requisiti legali e sulle procedure da seguire sul nostro sito web.","inLanguage":"it-IT","potentialAction":[{"@type":"ReadAction","target":["https:\/\/easy-ukca.com\/it\/marcatura-ukca\/"]}]},{"@type":"ImageObject","inLanguage":"it-IT","@id":"https:\/\/easy-ukca.com\/it\/marcatura-ukca\/#primaryimage","url":"https:\/\/easy-ukca.com\/wp-content\/uploads\/2022\/06\/UKCA-logo-Easy-UKCA.jpg","contentUrl":"https:\/\/easy-ukca.com\/wp-content\/uploads\/2022\/06\/UKCA-logo-Easy-UKCA.jpg","width":400,"height":400,"caption":"UKCA logo Easy UKCA"},{"@type":"WebSite","@id":"https:\/\/easy-ukca.com\/it\/#website","url":"https:\/\/easy-ukca.com\/it\/","name":"Easy UKCA","description":"Expertos en marcado UKCA","publisher":{"@id":"https:\/\/easy-ukca.com\/it\/#organization"},"potentialAction":[{"@type":"SearchAction","target":{"@type":"EntryPoint","urlTemplate":"https:\/\/easy-ukca.com\/it\/?s={search_term_string}"},"query-input":{"@type":"PropertyValueSpecification","valueRequired":true,"valueName":"search_term_string"}}],"inLanguage":"it-IT"},{"@type":"Organization","@id":"https:\/\/easy-ukca.com\/it\/#organization","name":"Easy UKCA","url":"https:\/\/easy-ukca.com\/it\/","logo":{"@type":"ImageObject","inLanguage":"it-IT","@id":"https:\/\/easy-ukca.com\/it\/#\/schema\/logo\/image\/","url":"https:\/\/easy-ukca.com\/wp-content\/uploads\/2022\/05\/cropped-Logo-Easy-UKCA.png","contentUrl":"https:\/\/easy-ukca.com\/wp-content\/uploads\/2022\/05\/cropped-Logo-Easy-UKCA.png","width":512,"height":512,"caption":"Easy UKCA"},"image":{"@id":"https:\/\/easy-ukca.com\/it\/#\/schema\/logo\/image\/"},"sameAs":["https:\/\/x.com\/EasyUKCA"]},{"@type":"Person","@id":"https:\/\/easy-ukca.com\/it\/#\/schema\/person\/c549c554b3ddd8bc846883ffcff58977","name":"admin","image":{"@type":"ImageObject","inLanguage":"it-IT","@id":"https:\/\/secure.gravatar.com\/avatar\/79db6ad5491a2207ba489b12cbb7ab52cb955ae7249899fc77ac40d7d612dca6?s=96&d=mm&r=g","url":"https:\/\/secure.gravatar.com\/avatar\/79db6ad5491a2207ba489b12cbb7ab52cb955ae7249899fc77ac40d7d612dca6?s=96&d=mm&r=g","contentUrl":"https:\/\/secure.gravatar.com\/avatar\/79db6ad5491a2207ba489b12cbb7ab52cb955ae7249899fc77ac40d7d612dca6?s=96&d=mm&r=g","caption":"admin"},"sameAs":["https:\/\/easy-ukca.com"]}]}},"_links":{"self":[{"href":"https:\/\/easy-ukca.com\/it\/wp-json\/wp\/v2\/pages\/5884","targetHints":{"allow":["GET"]}}],"collection":[{"href":"https:\/\/easy-ukca.com\/it\/wp-json\/wp\/v2\/pages"}],"about":[{"href":"https:\/\/easy-ukca.com\/it\/wp-json\/wp\/v2\/types\/page"}],"author":[{"embeddable":true,"href":"https:\/\/easy-ukca.com\/it\/wp-json\/wp\/v2\/users\/1"}],"replies":[{"embeddable":true,"href":"https:\/\/easy-ukca.com\/it\/wp-json\/wp\/v2\/comments?post=5884"}],"version-history":[{"count":8,"href":"https:\/\/easy-ukca.com\/it\/wp-json\/wp\/v2\/pages\/5884\/revisions"}],"predecessor-version":[{"id":6113,"href":"https:\/\/easy-ukca.com\/it\/wp-json\/wp\/v2\/pages\/5884\/revisions\/6113"}],"wp:featuredmedia":[{"embeddable":true,"href":"https:\/\/easy-ukca.com\/it\/wp-json\/wp\/v2\/media\/5811"}],"wp:attachment":[{"href":"https:\/\/easy-ukca.com\/it\/wp-json\/wp\/v2\/media?parent=5884"}],"wp:term":[{"taxonomy":"category","embeddable":true,"href":"https:\/\/easy-ukca.com\/it\/wp-json\/wp\/v2\/categories?post=5884"},{"taxonomy":"post_tag","embeddable":true,"href":"https:\/\/easy-ukca.com\/it\/wp-json\/wp\/v2\/tags?post=5884"}],"curies":[{"name":"wp","href":"https:\/\/api.w.org\/{rel}","templated":true}]}}