{"id":5893,"date":"2022-06-12T06:30:59","date_gmt":"2022-06-12T04:30:59","guid":{"rendered":"https:\/\/easy-ukca.com\/cose-la-marcatura-ukni\/"},"modified":"2023-06-20T12:00:33","modified_gmt":"2023-06-20T10:00:33","slug":"marcatura-ukni","status":"publish","type":"page","link":"https:\/\/easy-ukca.com\/it\/marcatura-ukni\/","title":{"rendered":"Cos&#8217;\u00e8 la marcatura UKNI"},"content":{"rendered":"<div class=\"wpb-content-wrapper\">[vc_row css=&#8221;.vc_custom_1653390500260{margin-top: 60px !important;}&#8221;][vc_column][vc_row_inner][vc_column_inner width=&#8221;1\/3&#8243;]<div class=\"vcex-spacing wpex-w-100 wpex-clear\" style=\"height:30px;\"><\/div>[vc_column_text]\n\n[\/vc_column_text][\/vc_column_inner][vc_column_inner width=&#8221;2\/3&#8243;][vc_column_text]\n<h2>Il Protocollo dell&#8217;Irlanda del Nord<\/h2>\n<p>Il 1\u00b0 gennaio 2021 \u00e8 entrato in vigore il Protocollo dell&#8217;Irlanda del Nord, un trattato che garantisce che il confine terrestre tra questo Paese, che appartiene al Regno Unito, e l&#8217;Irlanda, che appartiene all&#8217;Unione Europea, rimanga &#8220;invisibile&#8221;.<\/p>\n<p>Per rendere ci\u00f2 possibile, l&#8217;Irlanda del Nord continua a fare del mercato unico europeo delle merci ed \u00e8 soggetta alle norme doganali dell&#8217;UE. I prodotti fabbricati (o parzialmente trasformati in determinate condizioni) in Irlanda del Nord hanno libero accesso al mercato del Regno Unito, mentre per la stragrande maggioranza dei prodotti importati dall&#8217;UE rimane sufficiente la marcatura CE.<\/p>\n<h2>Peculiarit\u00e0 della marcatura UKNI rispetto alla marcatura UKCA e alla marcatura CE<\/h2>\n<p>Sebbene inevitabilmente vi sia la tendenza ad equiparare la marcatura UKCA alla marcatura UKNI, in realt\u00e0 si tratta di due procedure concettualmente molto diverse. <strong>La marcatura UKCA<\/strong> <strong>sostituisce la marcatura CE e permette la circolazione delle merci<\/strong> in Inghilterra, Galles e Scozia, mentre <strong>la marcatura UKNI \u00e8 complementaria alla marcatura CE<\/strong> in Irlanda del Nord e ha come funzione principale quella di <strong>impedire la circolazione delle merci nell&#8217;UE.<\/strong><\/p>\n<p>La <strong>marcatura UKNI non pu\u00f2 essere applicata singolamente<\/strong>, deve sempre accompagnare la marcatura CE (o altre marcature UE specifiche), e sar\u00e0 necessaria solo se sono soddisfatte le seguenti tre condizioni:<\/p>\n<ul>\n<li>Immissione sul mercato nordirlandese di prodotti soggetti a marcatura CE<\/li>\n<li>Prodotti soggetti a valutazione di conformit\u00e0 da parte di soggetti terzi<\/li>\n<li>La valutazione della conformit\u00e0 viene effettuata tramite un ente di certificazione del Regno Unito<\/li>\n<\/ul>\n<p>Pertanto, la probabilit\u00e0 di dover rispettare gli obblighi del marchio UKNI \u00e8 estremamente bassa per una societ\u00e0 esportatrice italiana. Sono esclusi tutti i prodotti soggetti ad <a href=\"https:\/\/easy-ukca.com\/it\/marcatura-ukca\/autodichiarazione-ukca-prodotti-soggetti-e-obblighi-legali\/\">Autodichiarazione<\/a> cos\u00ec come quelli valutati da organismi comunitari.<\/p>\n<p>Un&#8217;altra conseguenza della limitata applicabilit\u00e0 della marcatura UKNI \u00e8 il <strong>divieto della doppia marcatura CE + UKNI per i prodotti destinati al mercato europeo.<\/strong>. La sua accettazione equivarrebbe a consentire agli organismi di certificazione del Regno Unito di continuare a valutare la conformit\u00e0 alla marcatura CE.<\/p>\n<h2>Aree di applicazione della marcatura UKNI<\/h2>\n<p>Con alcune piccole differenze, questo elenco \u00e8 abbastanza simile all&#8217;elenco delle <a href=\"https:\/\/easy-ukca.com\/it\/marcatura-ukca\/#Areas_de_aplicacion_del_marcado_UKCA\">aree di applicazione della marcatura UKCA <\/a>:<\/p>\n<ul>\n<li>Aerosol<\/li>\n<li>Apparecchi che bruciano combustibili gassosi<\/li>\n<li>Impianti a fune progettati per il trasporto di persone<\/li>\n<li>Alcune sostanze pericolose nelle apparecchiature elettriche ed elettroniche<\/li>\n<li>Prodotti per l&#8217;edilizia<\/li>\n<li>Ecodesign di prodotti legati all&#8217;energia<\/li>\n<li>Compatibilit\u00e0 elettromagnetica<\/li>\n<li>Apparecchiature e sistemi di protezione destinati all&#8217;uso in atmosfere potenzialmente esplosive (ATEX)<\/li>\n<li>Caldaie ad acqua calda<\/li>\n<li>Frigoriferi e congelatori domestici<\/li>\n<li>Ascensori<\/li>\n<li>Apparecchiature elettriche a bassa tensione<\/li>\n<li>Macchine<\/li>\n<li>Strumenti di misura<\/li>\n<li>Emissione di rumore nell&#8217;ambiente<\/li>\n<li>Strumenti per pesare non automatici<\/li>\n<li>DPI<\/li>\n<li>Attrezzature a pressione<\/li>\n<li>Pirotecnica<\/li>\n<li>Apparecchiature terminali radiofoniche e di telecomunicazione<\/li>\n<li>Imbarcazioni da diporto e moto d&#8217;acqua<\/li>\n<li>Giocattoli<\/li>\n<li>Recipienti a pressione semplici<\/li>\n<\/ul>\n<p>Anche i seguenti prodotti sono soggetti alla marcatura UKNI, ma in base a regole speciali:<\/p>\n<ul>\n<li>Dispositivi medici<\/li>\n<li>Interoperabilit\u00e0 ferroviaria<\/li>\n<li>Esplosivi civili<\/li>\n<\/ul>\n<h2>Come eseguire la marcatura UKNI<\/h2>\n<p>Le <a href=\"https:\/\/easy-ukca.com\/it\/marcatura-ukca\/come-eseguire-la-marcatura-ukca\/\">cinque regole fondamentali della marcatura UKCA<\/a> sono valide anche per la marcatura UKNI.<\/p>\n<p>\u00c8 possible <a href=\"https:\/\/assets.publishing.service.gov.uk\/government\/uploads\/system\/uploads\/attachment_data\/file\/948832\/UKNI_BLK_AW.zip\">scaricare il logo UKNI dal sito ufficiale<\/a> del governo britannico.[\/vc_column_text][\/vc_column_inner][\/vc_row_inner][\/vc_column][\/vc_row]\n<\/div>","protected":false},"excerpt":{"rendered":"<p>[vc_row css=&#8221;.vc_custom_1653390500260{margin-top: 60px !important;}&#8221;][vc_column][vc_row_inner][vc_column_inner width=&#8221;1\/3&#8243;][vc_column_text] [\/vc_column_text][\/vc_column_inner][vc_column_inner width=&#8221;2\/3&#8243;][vc_column_text] Il Protocollo dell&#8217;Irlanda del Nord Il 1\u00b0 gennaio 2021 \u00e8 entrato in vigore il Protocollo dell&#8217;Irlanda del Nord, un trattato che garantisce che il confine terrestre tra questo Paese, che appartiene al Regno Unito, e l&#8217;Irlanda, che appartiene all&#8217;Unione Europea, rimanga &#8220;invisibile&#8221;. Per rendere ci\u00f2 possibile, l&#8217;Irlanda del&hellip;<\/p>\n","protected":false},"author":1,"featured_media":5810,"parent":0,"menu_order":0,"comment_status":"closed","ping_status":"closed","template":"templates\/no-sidebar.php","meta":{"footnotes":""},"categories":[],"tags":[106,107],"class_list":["post-5893","page","type-page","status-publish","has-post-thumbnail","hentry","tag-marcatura-ukni","tag-protocollo-dirlanda-del-nord","entry","has-media"],"yoast_head":"<!-- This site is optimized with the Yoast SEO plugin v27.2 - https:\/\/yoast.com\/product\/yoast-seo-wordpress\/ -->\n<title>Cos&#039;\u00e8 la marcatura UKNI | Easy UKCA<\/title>\n<meta name=\"description\" content=\"Scopri le normative obbligatorie a cui sono soggette le esportazioni verso l&#039;Irlanda del Nord dopo l&#039;effettiva attuazione della Brexit.\" \/>\n<meta name=\"robots\" content=\"index, follow, max-snippet:-1, max-image-preview:large, max-video-preview:-1\" \/>\n<link rel=\"canonical\" href=\"https:\/\/easy-ukca.com\/it\/marcatura-ukni\/\" \/>\n<meta name=\"twitter:card\" content=\"summary_large_image\" \/>\n<meta name=\"twitter:title\" content=\"Cos&#039;\u00e8 la marcatura UKNI | Easy UKCA\" \/>\n<meta name=\"twitter:description\" content=\"Scopri le normative obbligatorie a cui sono soggette le esportazioni verso l&#039;Irlanda del Nord dopo l&#039;effettiva attuazione della Brexit.\" \/>\n<meta name=\"twitter:image\" content=\"https:\/\/easy-ukca.com\/wp-content\/uploads\/2022\/06\/UKNI-logo-Easy-UKCA.jpg\" \/>\n<meta name=\"twitter:site\" content=\"@EasyUKCA\" \/>\n<meta name=\"twitter:label1\" content=\"Tempo di lettura stimato\" \/>\n\t<meta name=\"twitter:data1\" content=\"3 minuti\" \/>\n<script type=\"application\/ld+json\" class=\"yoast-schema-graph\">{\"@context\":\"https:\/\/schema.org\",\"@graph\":[{\"@type\":\"Article\",\"@id\":\"https:\/\/easy-ukca.com\/it\/marcatura-ukni\/#article\",\"isPartOf\":{\"@id\":\"https:\/\/easy-ukca.com\/it\/marcatura-ukni\/\"},\"author\":{\"name\":\"admin\",\"@id\":\"https:\/\/easy-ukca.com\/it\/#\/schema\/person\/c549c554b3ddd8bc846883ffcff58977\"},\"headline\":\"Cos&#8217;\u00e8 la marcatura UKNI\",\"datePublished\":\"2022-06-12T04:30:59+00:00\",\"dateModified\":\"2023-06-20T10:00:33+00:00\",\"mainEntityOfPage\":{\"@id\":\"https:\/\/easy-ukca.com\/it\/marcatura-ukni\/\"},\"wordCount\":539,\"publisher\":{\"@id\":\"https:\/\/easy-ukca.com\/it\/#organization\"},\"image\":{\"@id\":\"https:\/\/easy-ukca.com\/it\/marcatura-ukni\/#primaryimage\"},\"thumbnailUrl\":\"https:\/\/easy-ukca.com\/wp-content\/uploads\/2022\/06\/UKNI-logo-Easy-UKCA.jpg\",\"keywords\":[\"marcatura ukni\",\"Protocollo d'Irlanda del Nord\"],\"inLanguage\":\"it-IT\"},{\"@type\":\"WebPage\",\"@id\":\"https:\/\/easy-ukca.com\/it\/marcatura-ukni\/\",\"url\":\"https:\/\/easy-ukca.com\/it\/marcatura-ukni\/\",\"name\":\"Cos'\u00e8 la marcatura UKNI | Easy UKCA\",\"isPartOf\":{\"@id\":\"https:\/\/easy-ukca.com\/it\/#website\"},\"primaryImageOfPage\":{\"@id\":\"https:\/\/easy-ukca.com\/it\/marcatura-ukni\/#primaryimage\"},\"image\":{\"@id\":\"https:\/\/easy-ukca.com\/it\/marcatura-ukni\/#primaryimage\"},\"thumbnailUrl\":\"https:\/\/easy-ukca.com\/wp-content\/uploads\/2022\/06\/UKNI-logo-Easy-UKCA.jpg\",\"datePublished\":\"2022-06-12T04:30:59+00:00\",\"dateModified\":\"2023-06-20T10:00:33+00:00\",\"description\":\"Scopri le normative obbligatorie a cui sono soggette le esportazioni verso l'Irlanda del Nord dopo l'effettiva attuazione della Brexit.\",\"inLanguage\":\"it-IT\",\"potentialAction\":[{\"@type\":\"ReadAction\",\"target\":[\"https:\/\/easy-ukca.com\/it\/marcatura-ukni\/\"]}]},{\"@type\":\"ImageObject\",\"inLanguage\":\"it-IT\",\"@id\":\"https:\/\/easy-ukca.com\/it\/marcatura-ukni\/#primaryimage\",\"url\":\"https:\/\/easy-ukca.com\/wp-content\/uploads\/2022\/06\/UKNI-logo-Easy-UKCA.jpg\",\"contentUrl\":\"https:\/\/easy-ukca.com\/wp-content\/uploads\/2022\/06\/UKNI-logo-Easy-UKCA.jpg\",\"width\":400,\"height\":400,\"caption\":\"UKNI logo Easy UKCA\"},{\"@type\":\"WebSite\",\"@id\":\"https:\/\/easy-ukca.com\/it\/#website\",\"url\":\"https:\/\/easy-ukca.com\/it\/\",\"name\":\"Easy UKCA\",\"description\":\"Expertos en marcado UKCA\",\"publisher\":{\"@id\":\"https:\/\/easy-ukca.com\/it\/#organization\"},\"potentialAction\":[{\"@type\":\"SearchAction\",\"target\":{\"@type\":\"EntryPoint\",\"urlTemplate\":\"https:\/\/easy-ukca.com\/it\/?s={search_term_string}\"},\"query-input\":{\"@type\":\"PropertyValueSpecification\",\"valueRequired\":true,\"valueName\":\"search_term_string\"}}],\"inLanguage\":\"it-IT\"},{\"@type\":\"Organization\",\"@id\":\"https:\/\/easy-ukca.com\/it\/#organization\",\"name\":\"Easy UKCA\",\"url\":\"https:\/\/easy-ukca.com\/it\/\",\"logo\":{\"@type\":\"ImageObject\",\"inLanguage\":\"it-IT\",\"@id\":\"https:\/\/easy-ukca.com\/it\/#\/schema\/logo\/image\/\",\"url\":\"https:\/\/easy-ukca.com\/wp-content\/uploads\/2022\/05\/cropped-Logo-Easy-UKCA.png\",\"contentUrl\":\"https:\/\/easy-ukca.com\/wp-content\/uploads\/2022\/05\/cropped-Logo-Easy-UKCA.png\",\"width\":512,\"height\":512,\"caption\":\"Easy UKCA\"},\"image\":{\"@id\":\"https:\/\/easy-ukca.com\/it\/#\/schema\/logo\/image\/\"},\"sameAs\":[\"https:\/\/x.com\/EasyUKCA\"]},{\"@type\":\"Person\",\"@id\":\"https:\/\/easy-ukca.com\/it\/#\/schema\/person\/c549c554b3ddd8bc846883ffcff58977\",\"name\":\"admin\",\"image\":{\"@type\":\"ImageObject\",\"inLanguage\":\"it-IT\",\"@id\":\"https:\/\/secure.gravatar.com\/avatar\/79db6ad5491a2207ba489b12cbb7ab52cb955ae7249899fc77ac40d7d612dca6?s=96&d=mm&r=g\",\"url\":\"https:\/\/secure.gravatar.com\/avatar\/79db6ad5491a2207ba489b12cbb7ab52cb955ae7249899fc77ac40d7d612dca6?s=96&d=mm&r=g\",\"contentUrl\":\"https:\/\/secure.gravatar.com\/avatar\/79db6ad5491a2207ba489b12cbb7ab52cb955ae7249899fc77ac40d7d612dca6?s=96&d=mm&r=g\",\"caption\":\"admin\"},\"sameAs\":[\"https:\/\/easy-ukca.com\"]}]}<\/script>\n<!-- \/ Yoast SEO plugin. -->","yoast_head_json":{"title":"Cos'\u00e8 la marcatura UKNI | Easy UKCA","description":"Scopri le normative obbligatorie a cui sono soggette le esportazioni verso l'Irlanda del Nord dopo l'effettiva attuazione della Brexit.","robots":{"index":"index","follow":"follow","max-snippet":"max-snippet:-1","max-image-preview":"max-image-preview:large","max-video-preview":"max-video-preview:-1"},"canonical":"https:\/\/easy-ukca.com\/it\/marcatura-ukni\/","twitter_card":"summary_large_image","twitter_title":"Cos'\u00e8 la marcatura UKNI | Easy UKCA","twitter_description":"Scopri le normative obbligatorie a cui sono soggette le esportazioni verso l'Irlanda del Nord dopo l'effettiva attuazione della Brexit.","twitter_image":"https:\/\/easy-ukca.com\/wp-content\/uploads\/2022\/06\/UKNI-logo-Easy-UKCA.jpg","twitter_site":"@EasyUKCA","twitter_misc":{"Tempo di lettura stimato":"3 minuti"},"schema":{"@context":"https:\/\/schema.org","@graph":[{"@type":"Article","@id":"https:\/\/easy-ukca.com\/it\/marcatura-ukni\/#article","isPartOf":{"@id":"https:\/\/easy-ukca.com\/it\/marcatura-ukni\/"},"author":{"name":"admin","@id":"https:\/\/easy-ukca.com\/it\/#\/schema\/person\/c549c554b3ddd8bc846883ffcff58977"},"headline":"Cos&#8217;\u00e8 la marcatura UKNI","datePublished":"2022-06-12T04:30:59+00:00","dateModified":"2023-06-20T10:00:33+00:00","mainEntityOfPage":{"@id":"https:\/\/easy-ukca.com\/it\/marcatura-ukni\/"},"wordCount":539,"publisher":{"@id":"https:\/\/easy-ukca.com\/it\/#organization"},"image":{"@id":"https:\/\/easy-ukca.com\/it\/marcatura-ukni\/#primaryimage"},"thumbnailUrl":"https:\/\/easy-ukca.com\/wp-content\/uploads\/2022\/06\/UKNI-logo-Easy-UKCA.jpg","keywords":["marcatura ukni","Protocollo d'Irlanda del Nord"],"inLanguage":"it-IT"},{"@type":"WebPage","@id":"https:\/\/easy-ukca.com\/it\/marcatura-ukni\/","url":"https:\/\/easy-ukca.com\/it\/marcatura-ukni\/","name":"Cos'\u00e8 la marcatura UKNI | Easy UKCA","isPartOf":{"@id":"https:\/\/easy-ukca.com\/it\/#website"},"primaryImageOfPage":{"@id":"https:\/\/easy-ukca.com\/it\/marcatura-ukni\/#primaryimage"},"image":{"@id":"https:\/\/easy-ukca.com\/it\/marcatura-ukni\/#primaryimage"},"thumbnailUrl":"https:\/\/easy-ukca.com\/wp-content\/uploads\/2022\/06\/UKNI-logo-Easy-UKCA.jpg","datePublished":"2022-06-12T04:30:59+00:00","dateModified":"2023-06-20T10:00:33+00:00","description":"Scopri le normative obbligatorie a cui sono soggette le esportazioni verso l'Irlanda del Nord dopo l'effettiva attuazione della Brexit.","inLanguage":"it-IT","potentialAction":[{"@type":"ReadAction","target":["https:\/\/easy-ukca.com\/it\/marcatura-ukni\/"]}]},{"@type":"ImageObject","inLanguage":"it-IT","@id":"https:\/\/easy-ukca.com\/it\/marcatura-ukni\/#primaryimage","url":"https:\/\/easy-ukca.com\/wp-content\/uploads\/2022\/06\/UKNI-logo-Easy-UKCA.jpg","contentUrl":"https:\/\/easy-ukca.com\/wp-content\/uploads\/2022\/06\/UKNI-logo-Easy-UKCA.jpg","width":400,"height":400,"caption":"UKNI logo Easy UKCA"},{"@type":"WebSite","@id":"https:\/\/easy-ukca.com\/it\/#website","url":"https:\/\/easy-ukca.com\/it\/","name":"Easy UKCA","description":"Expertos en marcado UKCA","publisher":{"@id":"https:\/\/easy-ukca.com\/it\/#organization"},"potentialAction":[{"@type":"SearchAction","target":{"@type":"EntryPoint","urlTemplate":"https:\/\/easy-ukca.com\/it\/?s={search_term_string}"},"query-input":{"@type":"PropertyValueSpecification","valueRequired":true,"valueName":"search_term_string"}}],"inLanguage":"it-IT"},{"@type":"Organization","@id":"https:\/\/easy-ukca.com\/it\/#organization","name":"Easy UKCA","url":"https:\/\/easy-ukca.com\/it\/","logo":{"@type":"ImageObject","inLanguage":"it-IT","@id":"https:\/\/easy-ukca.com\/it\/#\/schema\/logo\/image\/","url":"https:\/\/easy-ukca.com\/wp-content\/uploads\/2022\/05\/cropped-Logo-Easy-UKCA.png","contentUrl":"https:\/\/easy-ukca.com\/wp-content\/uploads\/2022\/05\/cropped-Logo-Easy-UKCA.png","width":512,"height":512,"caption":"Easy UKCA"},"image":{"@id":"https:\/\/easy-ukca.com\/it\/#\/schema\/logo\/image\/"},"sameAs":["https:\/\/x.com\/EasyUKCA"]},{"@type":"Person","@id":"https:\/\/easy-ukca.com\/it\/#\/schema\/person\/c549c554b3ddd8bc846883ffcff58977","name":"admin","image":{"@type":"ImageObject","inLanguage":"it-IT","@id":"https:\/\/secure.gravatar.com\/avatar\/79db6ad5491a2207ba489b12cbb7ab52cb955ae7249899fc77ac40d7d612dca6?s=96&d=mm&r=g","url":"https:\/\/secure.gravatar.com\/avatar\/79db6ad5491a2207ba489b12cbb7ab52cb955ae7249899fc77ac40d7d612dca6?s=96&d=mm&r=g","contentUrl":"https:\/\/secure.gravatar.com\/avatar\/79db6ad5491a2207ba489b12cbb7ab52cb955ae7249899fc77ac40d7d612dca6?s=96&d=mm&r=g","caption":"admin"},"sameAs":["https:\/\/easy-ukca.com"]}]}},"_links":{"self":[{"href":"https:\/\/easy-ukca.com\/it\/wp-json\/wp\/v2\/pages\/5893","targetHints":{"allow":["GET"]}}],"collection":[{"href":"https:\/\/easy-ukca.com\/it\/wp-json\/wp\/v2\/pages"}],"about":[{"href":"https:\/\/easy-ukca.com\/it\/wp-json\/wp\/v2\/types\/page"}],"author":[{"embeddable":true,"href":"https:\/\/easy-ukca.com\/it\/wp-json\/wp\/v2\/users\/1"}],"replies":[{"embeddable":true,"href":"https:\/\/easy-ukca.com\/it\/wp-json\/wp\/v2\/comments?post=5893"}],"version-history":[{"count":10,"href":"https:\/\/easy-ukca.com\/it\/wp-json\/wp\/v2\/pages\/5893\/revisions"}],"predecessor-version":[{"id":7108,"href":"https:\/\/easy-ukca.com\/it\/wp-json\/wp\/v2\/pages\/5893\/revisions\/7108"}],"wp:featuredmedia":[{"embeddable":true,"href":"https:\/\/easy-ukca.com\/it\/wp-json\/wp\/v2\/media\/5810"}],"wp:attachment":[{"href":"https:\/\/easy-ukca.com\/it\/wp-json\/wp\/v2\/media?parent=5893"}],"wp:term":[{"taxonomy":"category","embeddable":true,"href":"https:\/\/easy-ukca.com\/it\/wp-json\/wp\/v2\/categories?post=5893"},{"taxonomy":"post_tag","embeddable":true,"href":"https:\/\/easy-ukca.com\/it\/wp-json\/wp\/v2\/tags?post=5893"}],"curies":[{"name":"wp","href":"https:\/\/api.w.org\/{rel}","templated":true}]}}