{"id":5913,"date":"2022-05-30T06:29:04","date_gmt":"2022-05-30T04:29:04","guid":{"rendered":"https:\/\/easy-ukca.com\/marcatura-ukca\/i-vantaggi-di-avere-un-rappresentante-autorizzato\/"},"modified":"2022-09-15T08:54:58","modified_gmt":"2022-09-15T06:54:58","slug":"i-vantaggi-di-avere-un-rappresentante-autorizzato","status":"publish","type":"page","link":"https:\/\/easy-ukca.com\/it\/marcatura-ukca\/i-vantaggi-di-avere-un-rappresentante-autorizzato\/","title":{"rendered":"I vantaggi di avere un Rappresentante Autorizzato"},"content":{"rendered":"<div class=\"wpb-content-wrapper\">[vc_row css=&#8221;.vc_custom_1653390500260{margin-top: 60px !important;}&#8221;][vc_column][vc_column_text]In pochissimi casi la normativa britannica rende obbligatoria la figura del Rappresentante Autorizzato. Tuttavia, questa opzione \u00e8 altamente raccomandata per qualsiasi esportatore che decida di operare in modo continuativo in questo mercato. Dopo la Brexit, gli ex rappresentanti con sede nell&#8217;UE non vengono pi\u00f9 riconosciuti, costringendo molte aziende a prendere una decisione strategica e a<a href=\"https:\/\/easy-ukca.com\/it\/marcatura-ukca\/come-scegliere-un-rappresentante-autorizzato\/\"> scegliere un Rappresentante Autorizzato<\/a> il pi\u00f9 possibile adatto alle loro esigenze.<\/p>\n<p>Se la tua azienda effettua una vendita ogni dieci anni nel Regno Unito, questa possibilit\u00e0 potrebbe non essere allettante, altrimenti dovrebbe essere presa in seria considerazione. Analizziamo di seguito i vantaggi dello stipulare un contratto con un Rappresentante Autorizzato (&#8220;Authorized Representative&#8221; nella maggior parte dei regolamenti, &#8220;Responsible Person&#8221; in altri).[\/vc_column_text]<div class=\"vcex-spacing wpex-w-100 wpex-clear\" style=\"height:30px;\"><\/div>[\/vc_column][\/vc_row][vc_row full_width=&#8221;stretch_row_content_no_spaces&#8221; css=&#8221;.vc_custom_1653896215006{background-color: #7a939c !important;}&#8221;][vc_column width=&#8221;2\/12&#8243;][\/vc_column][vc_column width=&#8221;1\/12&#8243;]<div class=\"vcex-spacing wpex-w-100 wpex-clear\" style=\"height:30px;\"><\/div>[vc_single_image image=&#8221;5020&#8243;]<div class=\"vcex-spacing wpex-w-100 wpex-clear\" style=\"height:30px;\"><\/div>[\/vc_column][vc_column width=&#8221;1\/12&#8243;][\/vc_column][vc_column width=&#8221;4\/6&#8243;]<div class=\"vcex-spacing wpex-w-100 wpex-clear\" style=\"height:30px;\"><\/div>[vc_column_text color=&#8221;#ffffff&#8221;]\n<h2>Gestione professionale di eventuali contenziosi<\/h2>\n[\/vc_column_text]<div class=\"vcex-spacing wpex-w-100 wpex-clear\" style=\"height:30px;\"><\/div>[\/vc_column][\/vc_row][vc_row][vc_column width=&#8221;2\/12&#8243;][\/vc_column][vc_column width=&#8221;2\/12&#8243;][\/vc_column][vc_column width=&#8221;4\/6&#8243;]<div class=\"vcex-spacing wpex-w-100 wpex-clear\" style=\"height:30px;\"><\/div>[vc_column_text]In caso di contenziosi con una UK-MSA (UK Market Surveillance Authorities), \u00e8 consigliabile avvalersi di un professionista che abbia esperienza nei rapporti con le autorit\u00e0 di vigilanza del mercato.<\/p>\n<p>Gli importatori potrebbero non avere le competenze tecniche necessarie per dimostrare che il fabbricante ha effettuato correttamente la valutazione della conformit\u00e0 del loro prodotto. Spesso sono gli stessi importatori che preferiscono contare con la presenza di un Rappresentante Autorizzato.[\/vc_column_text]<div class=\"vcex-spacing wpex-w-100 wpex-clear\" style=\"height:30px;\"><\/div>[\/vc_column][\/vc_row][vc_row full_width=&#8221;stretch_row_content_no_spaces&#8221; css=&#8221;.vc_custom_1653896215006{background-color: #7a939c !important;}&#8221;][vc_column width=&#8221;2\/12&#8243;][\/vc_column][vc_column width=&#8221;1\/12&#8243;]<div class=\"vcex-spacing wpex-w-100 wpex-clear\" style=\"height:30px;\"><\/div>[vc_single_image image=&#8221;5021&#8243;]<div class=\"vcex-spacing wpex-w-100 wpex-clear\" style=\"height:30px;\"><\/div>[\/vc_column][vc_column width=&#8221;1\/12&#8243;][\/vc_column][vc_column width=&#8221;4\/6&#8243;]<div class=\"vcex-spacing wpex-w-100 wpex-clear\" style=\"height:30px;\"><\/div>[vc_column_text color=&#8221;#ffffff&#8221;]\n<h2>Comodit\u00e0 e protezione delle informazioni<\/h2>\n[\/vc_column_text]<div class=\"vcex-spacing wpex-w-100 wpex-clear\" style=\"height:30px;\"><\/div>[\/vc_column][\/vc_row][vc_row][vc_column width=&#8221;2\/12&#8243;][\/vc_column][vc_column width=&#8221;2\/12&#8243;][\/vc_column][vc_column width=&#8221;4\/6&#8243;]<div class=\"vcex-spacing wpex-w-100 wpex-clear\" style=\"height:30px;\"><\/div>[vc_column_text]La legge richiede all&#8217;importatore di conservare, per 10 anni dalla data di immissione sul mercato, la Dichiarazione di Conformit\u00e0 UKCA e la documentazione tecnica. Per ottemperare a tale obbligo, il fabbricante deve inviare a tutti i suoi importatori detta documentazione e, pertanto, condividere con loro i dettagli tecnici della conformit\u00e0 dei propri prodotti alle normative e norme applicabili.<\/p>\n<p>Affidare l&#8217;obbligo di conservazione della documentazione tecnica a un Rappresentante Autorizzato facilita il rapporto con i nuovi importatori e garantisce il controllo assoluto sulle informazioni sensibili.[\/vc_column_text]<div class=\"vcex-spacing wpex-w-100 wpex-clear\" style=\"height:30px;\"><\/div>[\/vc_column][\/vc_row][vc_row full_width=&#8221;stretch_row_content_no_spaces&#8221; css=&#8221;.vc_custom_1653896215006{background-color: #7a939c !important;}&#8221;][vc_column width=&#8221;2\/12&#8243;][\/vc_column][vc_column width=&#8221;1\/12&#8243;]<div class=\"vcex-spacing wpex-w-100 wpex-clear\" style=\"height:30px;\"><\/div>[vc_single_image image=&#8221;5022&#8243;]<div class=\"vcex-spacing wpex-w-100 wpex-clear\" style=\"height:30px;\"><\/div>[\/vc_column][vc_column width=&#8221;1\/12&#8243;][\/vc_column][vc_column width=&#8221;4\/6&#8243;]<div class=\"vcex-spacing wpex-w-100 wpex-clear\" style=\"height:30px;\"><\/div>[vc_column_text color=&#8221;#ffffff&#8221;]\n<h2>Etichettatura pi\u00f9 facile<\/h2>\n[\/vc_column_text]<div class=\"vcex-spacing wpex-w-100 wpex-clear\" style=\"height:30px;\"><\/div>[\/vc_column][\/vc_row][vc_row][vc_column width=&#8221;2\/12&#8243;][\/vc_column][vc_column width=&#8221;2\/12&#8243;][\/vc_column][vc_column width=&#8221;4\/6&#8243;]<div class=\"vcex-spacing wpex-w-100 wpex-clear\" style=\"height:30px;\"><\/div>[vc_column_text]I dati dell&#8217;importatore (ragione sociale, marchio registrato, indirizzo) devono apparire sull&#8217;etichetta del prodotto.<\/p>\n<p>A seconda del tipo di prodotto e dell&#8217;esistenza di una pluralit\u00e0 di importatori, il rispetto di tale obbligo pu\u00f2 essere particolarmente complesso. In molti casi la cosa pi\u00f9 semplice \u00e8 citare, sull&#8217;etichetta e sulla confezione, i dati di un Rappresentante Autorizzato.[\/vc_column_text]<div class=\"vcex-spacing wpex-w-100 wpex-clear\" style=\"height:30px;\"><\/div>[\/vc_column][\/vc_row][vc_row full_width=&#8221;stretch_row_content_no_spaces&#8221; css=&#8221;.vc_custom_1653896215006{background-color: #7a939c !important;}&#8221;][vc_column width=&#8221;2\/12&#8243;][\/vc_column][vc_column width=&#8221;1\/12&#8243;]<div class=\"vcex-spacing wpex-w-100 wpex-clear\" style=\"height:30px;\"><\/div>[vc_single_image image=&#8221;5019&#8243;]<div class=\"vcex-spacing wpex-w-100 wpex-clear\" style=\"height:30px;\"><\/div>[\/vc_column][vc_column width=&#8221;1\/12&#8243;][\/vc_column][vc_column width=&#8221;4\/6&#8243;]<div class=\"vcex-spacing wpex-w-100 wpex-clear\" style=\"height:30px;\"><\/div>[vc_column_text color=&#8221;#ffffff&#8221;]\n<h2>Cambiamenti normativi sotto controllo<\/h2>\n[\/vc_column_text]<div class=\"vcex-spacing wpex-w-100 wpex-clear\" style=\"height:30px;\"><\/div>[\/vc_column][\/vc_row][vc_row][vc_column width=&#8221;2\/12&#8243;][\/vc_column][vc_column width=&#8221;2\/12&#8243;][\/vc_column][vc_column width=&#8221;4\/6&#8243;]<div class=\"vcex-spacing wpex-w-100 wpex-clear\" style=\"height:30px;\"><\/div>[vc_column_text]Il Rappresentante Autorizzato \u00e8 una figura con formazione tecnica che, per esercitare la sua funzione, deve monitorare l&#8217;evoluzione delle normative britanniche all&#8217;interno della sua area di competenza.<\/p>\n<p>Non sappiamo fino a che punto si spinger\u00e0 la cosiddetta &#8220;divergenza&#8221; tra la normativa britannica e quella comunitaria, ma \u00e8 chiaro che qualsiasi differenza normativa tra i due sistemi pu\u00f2 avere ripercussioni importanti sia per un&#8217;azienda che vuole entrare nel mercato britannico sia per ormai dalla presenza consolidata. Contare con un Rappresentante Autorizzato equivale ad avere un servizio di &#8220;alert&#8221; sulle modifiche normative che interessano direttamente l&#8217;azienda produttrice.[\/vc_column_text]<div class=\"vcex-spacing wpex-w-100 wpex-clear\" style=\"height:30px;\"><\/div>[\/vc_column][\/vc_row]\n<\/div>","protected":false},"excerpt":{"rendered":"<p>[vc_row css=&#8221;.vc_custom_1653390500260{margin-top: 60px !important;}&#8221;][vc_column][vc_column_text]In pochissimi casi la normativa britannica rende obbligatoria la figura del Rappresentante Autorizzato. Tuttavia, questa opzione \u00e8 altamente raccomandata per qualsiasi esportatore che decida di operare in modo continuativo in questo mercato. Dopo la Brexit, gli ex rappresentanti con sede nell&#8217;UE non vengono pi\u00f9 riconosciuti, costringendo molte aziende a prendere una decisione&hellip;<\/p>\n","protected":false},"author":1,"featured_media":5813,"parent":5884,"menu_order":0,"comment_status":"closed","ping_status":"closed","template":"templates\/no-sidebar.php","meta":{"footnotes":""},"categories":[103],"tags":[114],"class_list":["post-5913","page","type-page","status-publish","has-post-thumbnail","hentry","category-capire-la-marcatura-ukca","tag-rappresentante-autorizzato","entry","has-media"],"yoast_head":"<!-- This site is optimized with the Yoast SEO plugin v27.2 - https:\/\/yoast.com\/product\/yoast-seo-wordpress\/ -->\n<title>I vantaggi di avere un Rappresentante Autorizzato | Easy UKCA<\/title>\n<meta name=\"description\" content=\"Nella maggior parte dei casi, non \u00e8 obbligatorio assumere un Rappresentante Autorizzato per esportare nel Regno Unito, tuttavia, questa opzione offre alcuni interessanti vantaggi di cui tenere conto.\" \/>\n<meta name=\"robots\" content=\"index, follow, max-snippet:-1, max-image-preview:large, max-video-preview:-1\" \/>\n<link rel=\"canonical\" href=\"https:\/\/easy-ukca.com\/it\/marcatura-ukca\/i-vantaggi-di-avere-un-rappresentante-autorizzato\/\" \/>\n<meta name=\"twitter:card\" content=\"summary_large_image\" \/>\n<meta name=\"twitter:title\" content=\"I vantaggi di avere un Rappresentante Autorizzato | Easy UKCA\" \/>\n<meta name=\"twitter:description\" content=\"Nella maggior parte dei casi, non \u00e8 obbligatorio assumere un Rappresentante Autorizzato per esportare nel Regno Unito, tuttavia, questa opzione offre alcuni interessanti vantaggi di cui tenere conto.\" \/>\n<meta name=\"twitter:image\" content=\"https:\/\/easy-ukca.com\/wp-content\/uploads\/2022\/06\/Representante-Autorizado-UKCA.jpg\" \/>\n<meta name=\"twitter:site\" content=\"@EasyUKCA\" \/>\n<meta name=\"twitter:label1\" content=\"Tempo di lettura stimato\" \/>\n\t<meta name=\"twitter:data1\" content=\"3 minuti\" \/>\n<script type=\"application\/ld+json\" class=\"yoast-schema-graph\">{\"@context\":\"https:\/\/schema.org\",\"@graph\":[{\"@type\":\"Article\",\"@id\":\"https:\/\/easy-ukca.com\/it\/marcatura-ukca\/i-vantaggi-di-avere-un-rappresentante-autorizzato\/#article\",\"isPartOf\":{\"@id\":\"https:\/\/easy-ukca.com\/it\/marcatura-ukca\/i-vantaggi-di-avere-un-rappresentante-autorizzato\/\"},\"author\":{\"name\":\"admin\",\"@id\":\"https:\/\/easy-ukca.com\/it\/#\/schema\/person\/c549c554b3ddd8bc846883ffcff58977\"},\"headline\":\"I vantaggi di avere un Rappresentante Autorizzato\",\"datePublished\":\"2022-05-30T04:29:04+00:00\",\"dateModified\":\"2022-09-15T06:54:58+00:00\",\"mainEntityOfPage\":{\"@id\":\"https:\/\/easy-ukca.com\/it\/marcatura-ukca\/i-vantaggi-di-avere-un-rappresentante-autorizzato\/\"},\"wordCount\":855,\"publisher\":{\"@id\":\"https:\/\/easy-ukca.com\/it\/#organization\"},\"image\":{\"@id\":\"https:\/\/easy-ukca.com\/it\/marcatura-ukca\/i-vantaggi-di-avere-un-rappresentante-autorizzato\/#primaryimage\"},\"thumbnailUrl\":\"https:\/\/easy-ukca.com\/wp-content\/uploads\/2022\/06\/Representante-Autorizado-UKCA.jpg\",\"keywords\":[\"rappresentante autorizzato\"],\"articleSection\":[\"Capire la marcatura UKCA\"],\"inLanguage\":\"it-IT\"},{\"@type\":\"WebPage\",\"@id\":\"https:\/\/easy-ukca.com\/it\/marcatura-ukca\/i-vantaggi-di-avere-un-rappresentante-autorizzato\/\",\"url\":\"https:\/\/easy-ukca.com\/it\/marcatura-ukca\/i-vantaggi-di-avere-un-rappresentante-autorizzato\/\",\"name\":\"I vantaggi di avere un Rappresentante Autorizzato | Easy UKCA\",\"isPartOf\":{\"@id\":\"https:\/\/easy-ukca.com\/it\/#website\"},\"primaryImageOfPage\":{\"@id\":\"https:\/\/easy-ukca.com\/it\/marcatura-ukca\/i-vantaggi-di-avere-un-rappresentante-autorizzato\/#primaryimage\"},\"image\":{\"@id\":\"https:\/\/easy-ukca.com\/it\/marcatura-ukca\/i-vantaggi-di-avere-un-rappresentante-autorizzato\/#primaryimage\"},\"thumbnailUrl\":\"https:\/\/easy-ukca.com\/wp-content\/uploads\/2022\/06\/Representante-Autorizado-UKCA.jpg\",\"datePublished\":\"2022-05-30T04:29:04+00:00\",\"dateModified\":\"2022-09-15T06:54:58+00:00\",\"description\":\"Nella maggior parte dei casi, non \u00e8 obbligatorio assumere un Rappresentante Autorizzato per esportare nel Regno Unito, tuttavia, questa opzione offre alcuni interessanti vantaggi di cui tenere conto.\",\"breadcrumb\":{\"@id\":\"https:\/\/easy-ukca.com\/it\/marcatura-ukca\/i-vantaggi-di-avere-un-rappresentante-autorizzato\/#breadcrumb\"},\"inLanguage\":\"it-IT\",\"potentialAction\":[{\"@type\":\"ReadAction\",\"target\":[\"https:\/\/easy-ukca.com\/it\/marcatura-ukca\/i-vantaggi-di-avere-un-rappresentante-autorizzato\/\"]}]},{\"@type\":\"ImageObject\",\"inLanguage\":\"it-IT\",\"@id\":\"https:\/\/easy-ukca.com\/it\/marcatura-ukca\/i-vantaggi-di-avere-un-rappresentante-autorizzato\/#primaryimage\",\"url\":\"https:\/\/easy-ukca.com\/wp-content\/uploads\/2022\/06\/Representante-Autorizado-UKCA.jpg\",\"contentUrl\":\"https:\/\/easy-ukca.com\/wp-content\/uploads\/2022\/06\/Representante-Autorizado-UKCA.jpg\",\"width\":400,\"height\":400,\"caption\":\"Rappresentante Autorizzato UKCA\"},{\"@type\":\"BreadcrumbList\",\"@id\":\"https:\/\/easy-ukca.com\/it\/marcatura-ukca\/i-vantaggi-di-avere-un-rappresentante-autorizzato\/#breadcrumb\",\"itemListElement\":[{\"@type\":\"ListItem\",\"position\":1,\"name\":\"Tutto sulla marcatura UKCA\",\"item\":\"https:\/\/easy-ukca.com\/it\/marcatura-ukca\/\"},{\"@type\":\"ListItem\",\"position\":2,\"name\":\"I vantaggi di avere un Rappresentante Autorizzato\"}]},{\"@type\":\"WebSite\",\"@id\":\"https:\/\/easy-ukca.com\/it\/#website\",\"url\":\"https:\/\/easy-ukca.com\/it\/\",\"name\":\"Easy UKCA\",\"description\":\"Expertos en marcado UKCA\",\"publisher\":{\"@id\":\"https:\/\/easy-ukca.com\/it\/#organization\"},\"potentialAction\":[{\"@type\":\"SearchAction\",\"target\":{\"@type\":\"EntryPoint\",\"urlTemplate\":\"https:\/\/easy-ukca.com\/it\/?s={search_term_string}\"},\"query-input\":{\"@type\":\"PropertyValueSpecification\",\"valueRequired\":true,\"valueName\":\"search_term_string\"}}],\"inLanguage\":\"it-IT\"},{\"@type\":\"Organization\",\"@id\":\"https:\/\/easy-ukca.com\/it\/#organization\",\"name\":\"Easy UKCA\",\"url\":\"https:\/\/easy-ukca.com\/it\/\",\"logo\":{\"@type\":\"ImageObject\",\"inLanguage\":\"it-IT\",\"@id\":\"https:\/\/easy-ukca.com\/it\/#\/schema\/logo\/image\/\",\"url\":\"https:\/\/easy-ukca.com\/wp-content\/uploads\/2022\/05\/cropped-Logo-Easy-UKCA.png\",\"contentUrl\":\"https:\/\/easy-ukca.com\/wp-content\/uploads\/2022\/05\/cropped-Logo-Easy-UKCA.png\",\"width\":512,\"height\":512,\"caption\":\"Easy UKCA\"},\"image\":{\"@id\":\"https:\/\/easy-ukca.com\/it\/#\/schema\/logo\/image\/\"},\"sameAs\":[\"https:\/\/x.com\/EasyUKCA\"]},{\"@type\":\"Person\",\"@id\":\"https:\/\/easy-ukca.com\/it\/#\/schema\/person\/c549c554b3ddd8bc846883ffcff58977\",\"name\":\"admin\",\"image\":{\"@type\":\"ImageObject\",\"inLanguage\":\"it-IT\",\"@id\":\"https:\/\/secure.gravatar.com\/avatar\/79db6ad5491a2207ba489b12cbb7ab52cb955ae7249899fc77ac40d7d612dca6?s=96&d=mm&r=g\",\"url\":\"https:\/\/secure.gravatar.com\/avatar\/79db6ad5491a2207ba489b12cbb7ab52cb955ae7249899fc77ac40d7d612dca6?s=96&d=mm&r=g\",\"contentUrl\":\"https:\/\/secure.gravatar.com\/avatar\/79db6ad5491a2207ba489b12cbb7ab52cb955ae7249899fc77ac40d7d612dca6?s=96&d=mm&r=g\",\"caption\":\"admin\"},\"sameAs\":[\"https:\/\/easy-ukca.com\"]}]}<\/script>\n<!-- \/ Yoast SEO plugin. -->","yoast_head_json":{"title":"I vantaggi di avere un Rappresentante Autorizzato | Easy UKCA","description":"Nella maggior parte dei casi, non \u00e8 obbligatorio assumere un Rappresentante Autorizzato per esportare nel Regno Unito, tuttavia, questa opzione offre alcuni interessanti vantaggi di cui tenere conto.","robots":{"index":"index","follow":"follow","max-snippet":"max-snippet:-1","max-image-preview":"max-image-preview:large","max-video-preview":"max-video-preview:-1"},"canonical":"https:\/\/easy-ukca.com\/it\/marcatura-ukca\/i-vantaggi-di-avere-un-rappresentante-autorizzato\/","twitter_card":"summary_large_image","twitter_title":"I vantaggi di avere un Rappresentante Autorizzato | Easy UKCA","twitter_description":"Nella maggior parte dei casi, non \u00e8 obbligatorio assumere un Rappresentante Autorizzato per esportare nel Regno Unito, tuttavia, questa opzione offre alcuni interessanti vantaggi di cui tenere conto.","twitter_image":"https:\/\/easy-ukca.com\/wp-content\/uploads\/2022\/06\/Representante-Autorizado-UKCA.jpg","twitter_site":"@EasyUKCA","twitter_misc":{"Tempo di lettura stimato":"3 minuti"},"schema":{"@context":"https:\/\/schema.org","@graph":[{"@type":"Article","@id":"https:\/\/easy-ukca.com\/it\/marcatura-ukca\/i-vantaggi-di-avere-un-rappresentante-autorizzato\/#article","isPartOf":{"@id":"https:\/\/easy-ukca.com\/it\/marcatura-ukca\/i-vantaggi-di-avere-un-rappresentante-autorizzato\/"},"author":{"name":"admin","@id":"https:\/\/easy-ukca.com\/it\/#\/schema\/person\/c549c554b3ddd8bc846883ffcff58977"},"headline":"I vantaggi di avere un Rappresentante Autorizzato","datePublished":"2022-05-30T04:29:04+00:00","dateModified":"2022-09-15T06:54:58+00:00","mainEntityOfPage":{"@id":"https:\/\/easy-ukca.com\/it\/marcatura-ukca\/i-vantaggi-di-avere-un-rappresentante-autorizzato\/"},"wordCount":855,"publisher":{"@id":"https:\/\/easy-ukca.com\/it\/#organization"},"image":{"@id":"https:\/\/easy-ukca.com\/it\/marcatura-ukca\/i-vantaggi-di-avere-un-rappresentante-autorizzato\/#primaryimage"},"thumbnailUrl":"https:\/\/easy-ukca.com\/wp-content\/uploads\/2022\/06\/Representante-Autorizado-UKCA.jpg","keywords":["rappresentante autorizzato"],"articleSection":["Capire la marcatura UKCA"],"inLanguage":"it-IT"},{"@type":"WebPage","@id":"https:\/\/easy-ukca.com\/it\/marcatura-ukca\/i-vantaggi-di-avere-un-rappresentante-autorizzato\/","url":"https:\/\/easy-ukca.com\/it\/marcatura-ukca\/i-vantaggi-di-avere-un-rappresentante-autorizzato\/","name":"I vantaggi di avere un Rappresentante Autorizzato | Easy UKCA","isPartOf":{"@id":"https:\/\/easy-ukca.com\/it\/#website"},"primaryImageOfPage":{"@id":"https:\/\/easy-ukca.com\/it\/marcatura-ukca\/i-vantaggi-di-avere-un-rappresentante-autorizzato\/#primaryimage"},"image":{"@id":"https:\/\/easy-ukca.com\/it\/marcatura-ukca\/i-vantaggi-di-avere-un-rappresentante-autorizzato\/#primaryimage"},"thumbnailUrl":"https:\/\/easy-ukca.com\/wp-content\/uploads\/2022\/06\/Representante-Autorizado-UKCA.jpg","datePublished":"2022-05-30T04:29:04+00:00","dateModified":"2022-09-15T06:54:58+00:00","description":"Nella maggior parte dei casi, non \u00e8 obbligatorio assumere un Rappresentante Autorizzato per esportare nel Regno Unito, tuttavia, questa opzione offre alcuni interessanti vantaggi di cui tenere conto.","breadcrumb":{"@id":"https:\/\/easy-ukca.com\/it\/marcatura-ukca\/i-vantaggi-di-avere-un-rappresentante-autorizzato\/#breadcrumb"},"inLanguage":"it-IT","potentialAction":[{"@type":"ReadAction","target":["https:\/\/easy-ukca.com\/it\/marcatura-ukca\/i-vantaggi-di-avere-un-rappresentante-autorizzato\/"]}]},{"@type":"ImageObject","inLanguage":"it-IT","@id":"https:\/\/easy-ukca.com\/it\/marcatura-ukca\/i-vantaggi-di-avere-un-rappresentante-autorizzato\/#primaryimage","url":"https:\/\/easy-ukca.com\/wp-content\/uploads\/2022\/06\/Representante-Autorizado-UKCA.jpg","contentUrl":"https:\/\/easy-ukca.com\/wp-content\/uploads\/2022\/06\/Representante-Autorizado-UKCA.jpg","width":400,"height":400,"caption":"Rappresentante Autorizzato UKCA"},{"@type":"BreadcrumbList","@id":"https:\/\/easy-ukca.com\/it\/marcatura-ukca\/i-vantaggi-di-avere-un-rappresentante-autorizzato\/#breadcrumb","itemListElement":[{"@type":"ListItem","position":1,"name":"Tutto sulla marcatura UKCA","item":"https:\/\/easy-ukca.com\/it\/marcatura-ukca\/"},{"@type":"ListItem","position":2,"name":"I vantaggi di avere un Rappresentante Autorizzato"}]},{"@type":"WebSite","@id":"https:\/\/easy-ukca.com\/it\/#website","url":"https:\/\/easy-ukca.com\/it\/","name":"Easy UKCA","description":"Expertos en marcado UKCA","publisher":{"@id":"https:\/\/easy-ukca.com\/it\/#organization"},"potentialAction":[{"@type":"SearchAction","target":{"@type":"EntryPoint","urlTemplate":"https:\/\/easy-ukca.com\/it\/?s={search_term_string}"},"query-input":{"@type":"PropertyValueSpecification","valueRequired":true,"valueName":"search_term_string"}}],"inLanguage":"it-IT"},{"@type":"Organization","@id":"https:\/\/easy-ukca.com\/it\/#organization","name":"Easy UKCA","url":"https:\/\/easy-ukca.com\/it\/","logo":{"@type":"ImageObject","inLanguage":"it-IT","@id":"https:\/\/easy-ukca.com\/it\/#\/schema\/logo\/image\/","url":"https:\/\/easy-ukca.com\/wp-content\/uploads\/2022\/05\/cropped-Logo-Easy-UKCA.png","contentUrl":"https:\/\/easy-ukca.com\/wp-content\/uploads\/2022\/05\/cropped-Logo-Easy-UKCA.png","width":512,"height":512,"caption":"Easy UKCA"},"image":{"@id":"https:\/\/easy-ukca.com\/it\/#\/schema\/logo\/image\/"},"sameAs":["https:\/\/x.com\/EasyUKCA"]},{"@type":"Person","@id":"https:\/\/easy-ukca.com\/it\/#\/schema\/person\/c549c554b3ddd8bc846883ffcff58977","name":"admin","image":{"@type":"ImageObject","inLanguage":"it-IT","@id":"https:\/\/secure.gravatar.com\/avatar\/79db6ad5491a2207ba489b12cbb7ab52cb955ae7249899fc77ac40d7d612dca6?s=96&d=mm&r=g","url":"https:\/\/secure.gravatar.com\/avatar\/79db6ad5491a2207ba489b12cbb7ab52cb955ae7249899fc77ac40d7d612dca6?s=96&d=mm&r=g","contentUrl":"https:\/\/secure.gravatar.com\/avatar\/79db6ad5491a2207ba489b12cbb7ab52cb955ae7249899fc77ac40d7d612dca6?s=96&d=mm&r=g","caption":"admin"},"sameAs":["https:\/\/easy-ukca.com"]}]}},"_links":{"self":[{"href":"https:\/\/easy-ukca.com\/it\/wp-json\/wp\/v2\/pages\/5913","targetHints":{"allow":["GET"]}}],"collection":[{"href":"https:\/\/easy-ukca.com\/it\/wp-json\/wp\/v2\/pages"}],"about":[{"href":"https:\/\/easy-ukca.com\/it\/wp-json\/wp\/v2\/types\/page"}],"author":[{"embeddable":true,"href":"https:\/\/easy-ukca.com\/it\/wp-json\/wp\/v2\/users\/1"}],"replies":[{"embeddable":true,"href":"https:\/\/easy-ukca.com\/it\/wp-json\/wp\/v2\/comments?post=5913"}],"version-history":[{"count":5,"href":"https:\/\/easy-ukca.com\/it\/wp-json\/wp\/v2\/pages\/5913\/revisions"}],"predecessor-version":[{"id":6067,"href":"https:\/\/easy-ukca.com\/it\/wp-json\/wp\/v2\/pages\/5913\/revisions\/6067"}],"up":[{"embeddable":true,"href":"https:\/\/easy-ukca.com\/it\/wp-json\/wp\/v2\/pages\/5884"}],"wp:featuredmedia":[{"embeddable":true,"href":"https:\/\/easy-ukca.com\/it\/wp-json\/wp\/v2\/media\/5813"}],"wp:attachment":[{"href":"https:\/\/easy-ukca.com\/it\/wp-json\/wp\/v2\/media?parent=5913"}],"wp:term":[{"taxonomy":"category","embeddable":true,"href":"https:\/\/easy-ukca.com\/it\/wp-json\/wp\/v2\/categories?post=5913"},{"taxonomy":"post_tag","embeddable":true,"href":"https:\/\/easy-ukca.com\/it\/wp-json\/wp\/v2\/tags?post=5913"}],"curies":[{"name":"wp","href":"https:\/\/api.w.org\/{rel}","templated":true}]}}