{"id":5951,"date":"2022-06-27T16:55:26","date_gmt":"2022-06-27T14:55:26","guid":{"rendered":"https:\/\/easy-ukca.com\/prodotti\/marcatura-atex-ukca-ukex\/"},"modified":"2023-01-24T20:06:09","modified_gmt":"2023-01-24T18:06:09","slug":"marcatura-atex-ukca-ukex","status":"publish","type":"page","link":"https:\/\/easy-ukca.com\/it\/prodotti\/marcatura-atex-ukca-ukex\/","title":{"rendered":"Marcatura ATEX UKCA (UKEX)"},"content":{"rendered":"<div class=\"wpb-content-wrapper\">[vc_row css=&#8221;.vc_custom_1655717672809{margin-top: 60px !important;}&#8221;][vc_column][vc_column_text]\n<h2>FAQ su ATEX UKCA (UKEX)<\/h2>\n[\/vc_column_text]<div class=\"vcex-spacing wpex-w-100 wpex-clear\" style=\"height:30px;\"><\/div>[vc_column_text css=&#8221;.vc_custom_1657608439203{border-radius: 10px !important;}&#8221;]\n<table id=\"tablepress-9\" class=\"tablepress tablepress-id-9\">\n<tbody class=\"row-hover\">\n<tr class=\"row-1\">\n\t<td class=\"column-1\">\u00c8 necessaria la marcatura UKCA per esportare apparecchiature ATEX nel Regno Unito (tranne l'Irlanda del Nord)?<\/td><td class=\"column-2\">S\u00cc<\/td>\n<\/tr>\n<tr class=\"row-2\">\n\t<td class=\"column-1\">\u00c8 necessaria la marcatura UKNI per esportare apparecchiature ATEX in Irlanda del Nord?<\/td><td class=\"column-2\">S\u00cc (se l'organismo accreditato \u00e8 del Regno Unito)<\/td>\n<\/tr>\n<tr class=\"row-3\">\n\t<td class=\"column-1\">\u00c8 possibile l'Autodichiarazione UKCA?<\/td><td class=\"column-2\">S\u00cc (in determinati casi)<\/td>\n<\/tr>\n<tr class=\"row-4\">\n\t<td class=\"column-1\">\u00c8 obbligatorio avere un Rappresentante Autorizzato?<\/td><td class=\"column-2\">NO<\/td>\n<\/tr>\n<\/tbody>\n<\/table>\n<!-- #tablepress-9 from cache -->[\/vc_column_text]<div class=\"vcex-spacing wpex-w-100 wpex-clear\" style=\"height:30px;\"><\/div>[vc_row_inner][vc_column_inner width=&#8221;1\/3&#8243;][vc_column_text]\n\n[\/vc_column_text]<div class=\"vcex-spacing wpex-w-100 wpex-clear\" style=\"height:30px;\"><\/div>[vc_single_image source=&#8221;featured_image&#8221;]<div class=\"vcex-spacing wpex-w-100 wpex-clear\" style=\"height:30px;\"><\/div>[\/vc_column_inner][vc_column_inner width=&#8221;2\/3&#8243;][vc_column_text]\n<h2>Normative applicabili<\/h2>\n<p>La protezione delle <strong>apparecchiature destinate ad essere usate in atmosfere pericolose<\/strong> si sviluppa in due fasi. In primo luogo, nella fase di progettazione e realizzazione del prodotto e, successivamente, nella sua successiva installazione, ispezione e manutenzione.<\/p>\n<p>La prima parte \u00e8 ci\u00f2 che \u00e8 comunemente noto come ATEX ed \u00e8 disciplinato dalla Direttiva 2014\/34\/UE-Apparecchiature e sistemi di protezione per l&#8217;uso in atmosfere potenzialmente esplosive e, nel Regno Unito, dall&#8217;<strong>Equipment and Protective Systems Intended for use in Potentially Explosive Atmospheres Regulations de 2016<\/strong>. Qua il <a href=\"https:\/\/www.legislation.gov.uk\/uksi\/2016\/1107\/contents\/made\">testo completo<\/a> e la <a href=\"https:\/\/www.gov.uk\/government\/publications\/equipment-and-protective-systems-intended-for-use-in-potentially-explosive-atmospheres-regulations-2016\">gu\u00edda<\/a> di applicazione della normativa britannica.<\/p>\n<p>In questo articolo non ci occuperemo della seconda parte della protezione in atmosfere pericolose, che nel Regno Unito si chiama DSEAR (Dangerous Substances and Explosive Atmospheres Regulations) e che \u00e8 un insieme di normative che recepiscono la Direttiva ATEX 1999\/92\/CE.<\/p>\n<p>Tornando al livello di tutela che interessa direttamente le imprese esportatrici (progettazione e fabbricazione di attrezzature), \u00e8 importante evidenziare la <strong>corrispondenza totale tra la normativa CE e quella del Regno Unito.<\/strong> C&#8217;\u00e8 una coincidenza tra i concetti fondamentali, le categorie, le zone e persino tra gli standard utilizzati (Harmonized nell&#8217;UE e Designated in UK).<\/p>\n<h2>Condizioni dell&#8217;Autodichiarazione<\/h2>\n<p>In conseguenza di quanto sopra, la <strong><a href=\"https:\/\/easy-ukca.com\/it\/marcatura-ukca\/autodichiarazione-ukca-prodotti-soggetti-e-obblighi-legali\/\">Autodichiarazione ATEX<\/a><\/strong> <strong>\u00e8 consentita alle stesse condizioni nell&#8217;Unione Europea e nel Regno Unito.<\/strong> Entrambe le normative, infatti, differiscono dalla certificazione internazionale IECEx in un punto fondamentale: non richiedono la valutazione della conformit\u00e0 da parte di organismi accreditati per tutti i tipi di prodotti e atmosfere pericolose.<\/p>\n<p>A seconda della Categoria ATEX avremo uno schema di certificazione o un altro:<\/p>\n<ul>\n<li><strong>Categoria 1 (zone 0 e 20) + Categoria 2 (zone 1 e 21) di apparecchiature elettriche:<\/strong> la valutazione della conformit\u00e0 deve essere effettuata da un Organismo Accreditato nel Regno Unito.<\/li>\n<li><strong style=\"color: var(--wpex-text-2);\">Categoria 2 (zone 1 e 21) di apparecchiature meccaniche:<\/strong><span style=\"color: var(--wpex-text-2);\"> l&#8217;Autodichiarazione \u00e8 consentita con un requisito aggiuntivo. \u00c8 necessario conservare la documentazione tecnica per 10 anni presso un organismo accreditato nel Regno Unito. Questo servizio di solito costa circa 600 sterline.<\/span><\/li>\n<li><strong style=\"color: var(--wpex-text-2);\">Categoria 3 (zone 2 e 22):<\/strong><span style=\"color: var(--wpex-text-2);\">l&#8217;Autodichiarazione \u00e8 consentita senza requisiti aggiuntivi rispetto ad una normale procedura di<a href=\"https:\/\/easy-ukca.com\/it\/marcatura-ukca\/\">marcatura UKCA<\/a>.<\/span><\/li>\n<\/ul>\n<h2>Marcatura UKNI<\/h2>\n<p>La marcatura UKNI \u00e8 obbligatoria solo nel caso di utilizzo di un Organismo Accreditato britannico per la valutazione obbligatoria della conformit\u00e0. Ci\u00f2 significa che le apparecchiature soggette ad autodichiarazione e le apparecchiature testate per la marcatura CE per tutto il 2023 non recheranno la marcatura UKNI.<\/p>\n<h2>Certificazione dei componenti<\/h2>\n<p>Come regola generale, la certificazione ATEX UKCA, chiamata anche UKEX, richiede che i componenti ATEX di un assieme passino attraverso la stessa procedura di certificazione dell&#8217;assieme. Si richiede inoltre che il certificato di un componente sia \u201creferenziato\u201d, ovvero che nel documento sia indicato l&#8217;uso finale che il prodotto avr\u00e0.<\/p>\n<p>Dopo l&#8217;entrata in vigore della marcatura UKCA obbligatoria, \u00e8 lecito presumere che, per un certo periodo, gli organismi accreditati dimostreranno una certa flessibilit\u00e0 nel richiedere la certificazione UKCA dei componenti, purch\u00e9 dispongano della certificazione europea o IECEx.[\/vc_column_text][\/vc_column_inner][\/vc_row_inner][\/vc_column][\/vc_row][vc_row][vc_column][vc_wp_tagcloud title=&#8221;Altri temi interessanti&#8221; taxonomy=&#8221;post_tag&#8221;][\/vc_column][\/vc_row]\n<\/div>","protected":false},"excerpt":{"rendered":"<p>[vc_row css=&#8221;.vc_custom_1655717672809{margin-top: 60px !important;}&#8221;][vc_column][vc_column_text] FAQ su ATEX UKCA (UKEX) [\/vc_column_text][vc_column_text css=&#8221;.vc_custom_1657608439203{border-radius: 10px !important;}&#8221;][\/vc_column_text][vc_row_inner][vc_column_inner width=&#8221;1\/3&#8243;][vc_column_text] [\/vc_column_text][vc_single_image source=&#8221;featured_image&#8221;][\/vc_column_inner][vc_column_inner width=&#8221;2\/3&#8243;][vc_column_text] Normative applicabili La protezione delle apparecchiature destinate ad essere usate in atmosfere pericolose si sviluppa in due fasi. In primo luogo, nella fase di progettazione e realizzazione del prodotto e, successivamente, nella sua successiva installazione, ispezione e manutenzione.&hellip;<\/p>\n","protected":false},"author":1,"featured_media":5819,"parent":5863,"menu_order":0,"comment_status":"closed","ping_status":"closed","template":"templates\/no-sidebar.php","meta":{"footnotes":""},"categories":[104],"tags":[105,115,111],"class_list":["post-5951","page","type-page","status-publish","has-post-thumbnail","hentry","category-prodotti-esempi-pratici","tag-atex-it","tag-macchine-industriali","tag-ukex-it","entry","has-media"],"yoast_head":"<!-- This site is optimized with the Yoast SEO plugin v27.2 - https:\/\/yoast.com\/product\/yoast-seo-wordpress\/ -->\n<title>Marcatura ATEX UKCA (UKEX) | Easy UKCA<\/title>\n<meta name=\"description\" content=\"Tutto quello che c&#039;\u00e8 da sapere sulla marcatura UKCA delle apparecchiature destinate ad atmosfere pericolose (ATEX). Scopri in quali casi \u00e8 possibile l&#039;Autodichiarazione.\" \/>\n<meta name=\"robots\" content=\"index, follow, max-snippet:-1, max-image-preview:large, max-video-preview:-1\" \/>\n<link rel=\"canonical\" href=\"https:\/\/easy-ukca.com\/it\/prodotti\/marcatura-atex-ukca-ukex\/\" \/>\n<meta name=\"twitter:card\" content=\"summary_large_image\" \/>\n<meta name=\"twitter:title\" content=\"Marcatura ATEX UKCA (UKEX) | Easy UKCA\" \/>\n<meta name=\"twitter:description\" content=\"La marcatura UKCA \u00e8 necessaria per tutti i componenti di una macchina industriale? Quali sono le normative applicabili? Tutte le informazioni qui.\" \/>\n<meta name=\"twitter:image\" content=\"https:\/\/easy-ukca.com\/wp-content\/uploads\/2022\/06\/Marcado-UKCA-de-maquinaria-industrial.jpg\" \/>\n<meta name=\"twitter:site\" content=\"@EasyUKCA\" \/>\n<meta name=\"twitter:label1\" content=\"Tempo di lettura stimato\" \/>\n\t<meta name=\"twitter:data1\" content=\"3 minuti\" \/>\n<script type=\"application\/ld+json\" class=\"yoast-schema-graph\">{\"@context\":\"https:\/\/schema.org\",\"@graph\":[{\"@type\":\"Article\",\"@id\":\"https:\/\/easy-ukca.com\/it\/prodotti\/marcatura-atex-ukca-ukex\/#article\",\"isPartOf\":{\"@id\":\"https:\/\/easy-ukca.com\/it\/prodotti\/marcatura-atex-ukca-ukex\/\"},\"author\":{\"name\":\"admin\",\"@id\":\"https:\/\/easy-ukca.com\/it\/#\/schema\/person\/c549c554b3ddd8bc846883ffcff58977\"},\"headline\":\"Marcatura ATEX UKCA (UKEX)\",\"datePublished\":\"2022-06-27T14:55:26+00:00\",\"dateModified\":\"2023-01-24T18:06:09+00:00\",\"mainEntityOfPage\":{\"@id\":\"https:\/\/easy-ukca.com\/it\/prodotti\/marcatura-atex-ukca-ukex\/\"},\"wordCount\":575,\"publisher\":{\"@id\":\"https:\/\/easy-ukca.com\/it\/#organization\"},\"image\":{\"@id\":\"https:\/\/easy-ukca.com\/it\/prodotti\/marcatura-atex-ukca-ukex\/#primaryimage\"},\"thumbnailUrl\":\"https:\/\/easy-ukca.com\/wp-content\/uploads\/2022\/06\/Marcado-ATEX-UKCA-UKEX.jpg\",\"keywords\":[\"atex\",\"macchine industriali\",\"ukex\"],\"articleSection\":[\"Prodotti- Esempi pratici\"],\"inLanguage\":\"it-IT\"},{\"@type\":\"WebPage\",\"@id\":\"https:\/\/easy-ukca.com\/it\/prodotti\/marcatura-atex-ukca-ukex\/\",\"url\":\"https:\/\/easy-ukca.com\/it\/prodotti\/marcatura-atex-ukca-ukex\/\",\"name\":\"Marcatura ATEX UKCA (UKEX) | Easy UKCA\",\"isPartOf\":{\"@id\":\"https:\/\/easy-ukca.com\/it\/#website\"},\"primaryImageOfPage\":{\"@id\":\"https:\/\/easy-ukca.com\/it\/prodotti\/marcatura-atex-ukca-ukex\/#primaryimage\"},\"image\":{\"@id\":\"https:\/\/easy-ukca.com\/it\/prodotti\/marcatura-atex-ukca-ukex\/#primaryimage\"},\"thumbnailUrl\":\"https:\/\/easy-ukca.com\/wp-content\/uploads\/2022\/06\/Marcado-ATEX-UKCA-UKEX.jpg\",\"datePublished\":\"2022-06-27T14:55:26+00:00\",\"dateModified\":\"2023-01-24T18:06:09+00:00\",\"description\":\"Tutto quello che c'\u00e8 da sapere sulla marcatura UKCA delle apparecchiature destinate ad atmosfere pericolose (ATEX). Scopri in quali casi \u00e8 possibile l'Autodichiarazione.\",\"breadcrumb\":{\"@id\":\"https:\/\/easy-ukca.com\/it\/prodotti\/marcatura-atex-ukca-ukex\/#breadcrumb\"},\"inLanguage\":\"it-IT\",\"potentialAction\":[{\"@type\":\"ReadAction\",\"target\":[\"https:\/\/easy-ukca.com\/it\/prodotti\/marcatura-atex-ukca-ukex\/\"]}]},{\"@type\":\"ImageObject\",\"inLanguage\":\"it-IT\",\"@id\":\"https:\/\/easy-ukca.com\/it\/prodotti\/marcatura-atex-ukca-ukex\/#primaryimage\",\"url\":\"https:\/\/easy-ukca.com\/wp-content\/uploads\/2022\/06\/Marcado-ATEX-UKCA-UKEX.jpg\",\"contentUrl\":\"https:\/\/easy-ukca.com\/wp-content\/uploads\/2022\/06\/Marcado-ATEX-UKCA-UKEX.jpg\",\"width\":400,\"height\":400,\"caption\":\"Marcatura ATEX UKCA (UKEX)\"},{\"@type\":\"BreadcrumbList\",\"@id\":\"https:\/\/easy-ukca.com\/it\/prodotti\/marcatura-atex-ukca-ukex\/#breadcrumb\",\"itemListElement\":[{\"@type\":\"ListItem\",\"position\":1,\"name\":\"Prodotti- Casi pratici\",\"item\":\"https:\/\/easy-ukca.com\/it\/prodotti\/\"},{\"@type\":\"ListItem\",\"position\":2,\"name\":\"Marcatura ATEX UKCA (UKEX)\"}]},{\"@type\":\"WebSite\",\"@id\":\"https:\/\/easy-ukca.com\/it\/#website\",\"url\":\"https:\/\/easy-ukca.com\/it\/\",\"name\":\"Easy UKCA\",\"description\":\"Expertos en marcado UKCA\",\"publisher\":{\"@id\":\"https:\/\/easy-ukca.com\/it\/#organization\"},\"potentialAction\":[{\"@type\":\"SearchAction\",\"target\":{\"@type\":\"EntryPoint\",\"urlTemplate\":\"https:\/\/easy-ukca.com\/it\/?s={search_term_string}\"},\"query-input\":{\"@type\":\"PropertyValueSpecification\",\"valueRequired\":true,\"valueName\":\"search_term_string\"}}],\"inLanguage\":\"it-IT\"},{\"@type\":\"Organization\",\"@id\":\"https:\/\/easy-ukca.com\/it\/#organization\",\"name\":\"Easy UKCA\",\"url\":\"https:\/\/easy-ukca.com\/it\/\",\"logo\":{\"@type\":\"ImageObject\",\"inLanguage\":\"it-IT\",\"@id\":\"https:\/\/easy-ukca.com\/it\/#\/schema\/logo\/image\/\",\"url\":\"https:\/\/easy-ukca.com\/wp-content\/uploads\/2022\/05\/cropped-Logo-Easy-UKCA.png\",\"contentUrl\":\"https:\/\/easy-ukca.com\/wp-content\/uploads\/2022\/05\/cropped-Logo-Easy-UKCA.png\",\"width\":512,\"height\":512,\"caption\":\"Easy UKCA\"},\"image\":{\"@id\":\"https:\/\/easy-ukca.com\/it\/#\/schema\/logo\/image\/\"},\"sameAs\":[\"https:\/\/x.com\/EasyUKCA\"]},{\"@type\":\"Person\",\"@id\":\"https:\/\/easy-ukca.com\/it\/#\/schema\/person\/c549c554b3ddd8bc846883ffcff58977\",\"name\":\"admin\",\"image\":{\"@type\":\"ImageObject\",\"inLanguage\":\"it-IT\",\"@id\":\"https:\/\/secure.gravatar.com\/avatar\/79db6ad5491a2207ba489b12cbb7ab52cb955ae7249899fc77ac40d7d612dca6?s=96&d=mm&r=g\",\"url\":\"https:\/\/secure.gravatar.com\/avatar\/79db6ad5491a2207ba489b12cbb7ab52cb955ae7249899fc77ac40d7d612dca6?s=96&d=mm&r=g\",\"contentUrl\":\"https:\/\/secure.gravatar.com\/avatar\/79db6ad5491a2207ba489b12cbb7ab52cb955ae7249899fc77ac40d7d612dca6?s=96&d=mm&r=g\",\"caption\":\"admin\"},\"sameAs\":[\"https:\/\/easy-ukca.com\"]}]}<\/script>\n<!-- \/ Yoast SEO plugin. -->","yoast_head_json":{"title":"Marcatura ATEX UKCA (UKEX) | Easy UKCA","description":"Tutto quello che c'\u00e8 da sapere sulla marcatura UKCA delle apparecchiature destinate ad atmosfere pericolose (ATEX). Scopri in quali casi \u00e8 possibile l'Autodichiarazione.","robots":{"index":"index","follow":"follow","max-snippet":"max-snippet:-1","max-image-preview":"max-image-preview:large","max-video-preview":"max-video-preview:-1"},"canonical":"https:\/\/easy-ukca.com\/it\/prodotti\/marcatura-atex-ukca-ukex\/","twitter_card":"summary_large_image","twitter_title":"Marcatura ATEX UKCA (UKEX) | Easy UKCA","twitter_description":"La marcatura UKCA \u00e8 necessaria per tutti i componenti di una macchina industriale? Quali sono le normative applicabili? Tutte le informazioni qui.","twitter_image":"https:\/\/easy-ukca.com\/wp-content\/uploads\/2022\/06\/Marcado-UKCA-de-maquinaria-industrial.jpg","twitter_site":"@EasyUKCA","twitter_misc":{"Tempo di lettura stimato":"3 minuti"},"schema":{"@context":"https:\/\/schema.org","@graph":[{"@type":"Article","@id":"https:\/\/easy-ukca.com\/it\/prodotti\/marcatura-atex-ukca-ukex\/#article","isPartOf":{"@id":"https:\/\/easy-ukca.com\/it\/prodotti\/marcatura-atex-ukca-ukex\/"},"author":{"name":"admin","@id":"https:\/\/easy-ukca.com\/it\/#\/schema\/person\/c549c554b3ddd8bc846883ffcff58977"},"headline":"Marcatura ATEX UKCA (UKEX)","datePublished":"2022-06-27T14:55:26+00:00","dateModified":"2023-01-24T18:06:09+00:00","mainEntityOfPage":{"@id":"https:\/\/easy-ukca.com\/it\/prodotti\/marcatura-atex-ukca-ukex\/"},"wordCount":575,"publisher":{"@id":"https:\/\/easy-ukca.com\/it\/#organization"},"image":{"@id":"https:\/\/easy-ukca.com\/it\/prodotti\/marcatura-atex-ukca-ukex\/#primaryimage"},"thumbnailUrl":"https:\/\/easy-ukca.com\/wp-content\/uploads\/2022\/06\/Marcado-ATEX-UKCA-UKEX.jpg","keywords":["atex","macchine industriali","ukex"],"articleSection":["Prodotti- Esempi pratici"],"inLanguage":"it-IT"},{"@type":"WebPage","@id":"https:\/\/easy-ukca.com\/it\/prodotti\/marcatura-atex-ukca-ukex\/","url":"https:\/\/easy-ukca.com\/it\/prodotti\/marcatura-atex-ukca-ukex\/","name":"Marcatura ATEX UKCA (UKEX) | Easy UKCA","isPartOf":{"@id":"https:\/\/easy-ukca.com\/it\/#website"},"primaryImageOfPage":{"@id":"https:\/\/easy-ukca.com\/it\/prodotti\/marcatura-atex-ukca-ukex\/#primaryimage"},"image":{"@id":"https:\/\/easy-ukca.com\/it\/prodotti\/marcatura-atex-ukca-ukex\/#primaryimage"},"thumbnailUrl":"https:\/\/easy-ukca.com\/wp-content\/uploads\/2022\/06\/Marcado-ATEX-UKCA-UKEX.jpg","datePublished":"2022-06-27T14:55:26+00:00","dateModified":"2023-01-24T18:06:09+00:00","description":"Tutto quello che c'\u00e8 da sapere sulla marcatura UKCA delle apparecchiature destinate ad atmosfere pericolose (ATEX). Scopri in quali casi \u00e8 possibile l'Autodichiarazione.","breadcrumb":{"@id":"https:\/\/easy-ukca.com\/it\/prodotti\/marcatura-atex-ukca-ukex\/#breadcrumb"},"inLanguage":"it-IT","potentialAction":[{"@type":"ReadAction","target":["https:\/\/easy-ukca.com\/it\/prodotti\/marcatura-atex-ukca-ukex\/"]}]},{"@type":"ImageObject","inLanguage":"it-IT","@id":"https:\/\/easy-ukca.com\/it\/prodotti\/marcatura-atex-ukca-ukex\/#primaryimage","url":"https:\/\/easy-ukca.com\/wp-content\/uploads\/2022\/06\/Marcado-ATEX-UKCA-UKEX.jpg","contentUrl":"https:\/\/easy-ukca.com\/wp-content\/uploads\/2022\/06\/Marcado-ATEX-UKCA-UKEX.jpg","width":400,"height":400,"caption":"Marcatura ATEX UKCA (UKEX)"},{"@type":"BreadcrumbList","@id":"https:\/\/easy-ukca.com\/it\/prodotti\/marcatura-atex-ukca-ukex\/#breadcrumb","itemListElement":[{"@type":"ListItem","position":1,"name":"Prodotti- Casi pratici","item":"https:\/\/easy-ukca.com\/it\/prodotti\/"},{"@type":"ListItem","position":2,"name":"Marcatura ATEX UKCA (UKEX)"}]},{"@type":"WebSite","@id":"https:\/\/easy-ukca.com\/it\/#website","url":"https:\/\/easy-ukca.com\/it\/","name":"Easy UKCA","description":"Expertos en marcado UKCA","publisher":{"@id":"https:\/\/easy-ukca.com\/it\/#organization"},"potentialAction":[{"@type":"SearchAction","target":{"@type":"EntryPoint","urlTemplate":"https:\/\/easy-ukca.com\/it\/?s={search_term_string}"},"query-input":{"@type":"PropertyValueSpecification","valueRequired":true,"valueName":"search_term_string"}}],"inLanguage":"it-IT"},{"@type":"Organization","@id":"https:\/\/easy-ukca.com\/it\/#organization","name":"Easy UKCA","url":"https:\/\/easy-ukca.com\/it\/","logo":{"@type":"ImageObject","inLanguage":"it-IT","@id":"https:\/\/easy-ukca.com\/it\/#\/schema\/logo\/image\/","url":"https:\/\/easy-ukca.com\/wp-content\/uploads\/2022\/05\/cropped-Logo-Easy-UKCA.png","contentUrl":"https:\/\/easy-ukca.com\/wp-content\/uploads\/2022\/05\/cropped-Logo-Easy-UKCA.png","width":512,"height":512,"caption":"Easy UKCA"},"image":{"@id":"https:\/\/easy-ukca.com\/it\/#\/schema\/logo\/image\/"},"sameAs":["https:\/\/x.com\/EasyUKCA"]},{"@type":"Person","@id":"https:\/\/easy-ukca.com\/it\/#\/schema\/person\/c549c554b3ddd8bc846883ffcff58977","name":"admin","image":{"@type":"ImageObject","inLanguage":"it-IT","@id":"https:\/\/secure.gravatar.com\/avatar\/79db6ad5491a2207ba489b12cbb7ab52cb955ae7249899fc77ac40d7d612dca6?s=96&d=mm&r=g","url":"https:\/\/secure.gravatar.com\/avatar\/79db6ad5491a2207ba489b12cbb7ab52cb955ae7249899fc77ac40d7d612dca6?s=96&d=mm&r=g","contentUrl":"https:\/\/secure.gravatar.com\/avatar\/79db6ad5491a2207ba489b12cbb7ab52cb955ae7249899fc77ac40d7d612dca6?s=96&d=mm&r=g","caption":"admin"},"sameAs":["https:\/\/easy-ukca.com"]}]}},"_links":{"self":[{"href":"https:\/\/easy-ukca.com\/it\/wp-json\/wp\/v2\/pages\/5951","targetHints":{"allow":["GET"]}}],"collection":[{"href":"https:\/\/easy-ukca.com\/it\/wp-json\/wp\/v2\/pages"}],"about":[{"href":"https:\/\/easy-ukca.com\/it\/wp-json\/wp\/v2\/types\/page"}],"author":[{"embeddable":true,"href":"https:\/\/easy-ukca.com\/it\/wp-json\/wp\/v2\/users\/1"}],"replies":[{"embeddable":true,"href":"https:\/\/easy-ukca.com\/it\/wp-json\/wp\/v2\/comments?post=5951"}],"version-history":[{"count":5,"href":"https:\/\/easy-ukca.com\/it\/wp-json\/wp\/v2\/pages\/5951\/revisions"}],"predecessor-version":[{"id":6127,"href":"https:\/\/easy-ukca.com\/it\/wp-json\/wp\/v2\/pages\/5951\/revisions\/6127"}],"up":[{"embeddable":true,"href":"https:\/\/easy-ukca.com\/it\/wp-json\/wp\/v2\/pages\/5863"}],"wp:featuredmedia":[{"embeddable":true,"href":"https:\/\/easy-ukca.com\/it\/wp-json\/wp\/v2\/media\/5819"}],"wp:attachment":[{"href":"https:\/\/easy-ukca.com\/it\/wp-json\/wp\/v2\/media?parent=5951"}],"wp:term":[{"taxonomy":"category","embeddable":true,"href":"https:\/\/easy-ukca.com\/it\/wp-json\/wp\/v2\/categories?post=5951"},{"taxonomy":"post_tag","embeddable":true,"href":"https:\/\/easy-ukca.com\/it\/wp-json\/wp\/v2\/tags?post=5951"}],"curies":[{"name":"wp","href":"https:\/\/api.w.org\/{rel}","templated":true}]}}