{"id":5957,"date":"2022-06-07T15:03:18","date_gmt":"2022-06-07T13:03:18","guid":{"rendered":"https:\/\/easy-ukca.com\/cookie-policy\/"},"modified":"2023-06-20T11:24:23","modified_gmt":"2023-06-20T09:24:23","slug":"cookie-policy","status":"publish","type":"page","link":"https:\/\/easy-ukca.com\/it\/cookie-policy\/","title":{"rendered":"Cookie Policy"},"content":{"rendered":"<div class=\"wpb-content-wrapper\">[vc_row css=&#8221;.vc_custom_1653390500260{margin-top: 60px !important;}&#8221;][vc_column]<div class=\"vcex-spacing wpex-w-100 wpex-clear\" style=\"height:30px;\"><\/div>[vc_column_text]Il nostro sito Web utilizza cookie propri e di terze parti per migliorare la tua esperienza utente e mostrarti contenuti relativi alle tue preferenze. Se continui a navigare consideriamo che accetti il \u200b\u200bsuo utilizzo. Puoi ottenere maggiori informazioni, o sapere come modificare la configurazione, nella nostra Cookie Policy.<\/p>\n<p>Questo sito utilizza i seguenti cookie:<\/p>\n<ul>\n<li><strong>Preferenze<\/strong><br \/>\nQuesti cookie ci consentono di sapere se hai gi\u00e0 visitato il nostro sito o meno. La perdita delle informazioni memorizzate in un cookie delle preferenze pu\u00f2 rendere l&#8217;esperienza del sito meno funzionale, ma non dovrebbe pregiudicarne il funzionamento.<\/li>\n<\/ul>\n<ul>\n<li><strong>Processi<\/strong><br \/>\nI cookie di processo consentono il funzionamento del sito web e offrono servizi attesi dall&#8217;utente che accede al sito, come la navigazione nelle pagine web o l&#8217;accesso ad aree protette del sito. Senza questi cookie, il sito Web non pu\u00f2 funzionare correttamente.<\/li>\n<\/ul>\n<ul>\n<li><strong>Stato della sessione<\/strong><br \/>\nQuesti cookie salvano le informazioni necessarie durante la sessione e le modifiche ad essa correlate e determinano anche se sei registrato o meno al web.<\/li>\n<\/ul>\n<ul>\n<li><strong>Social media<\/strong><br \/>\nIl nostro sito Web pu\u00f2 utilizzare connettori con social network come Facebook o Twitter. Quando ti registri al sito con le credenziali di un social network, autorizzi il social network a memorizzare un Cookie persistente che ricorda la tua identit\u00e0 e ti consente di accedere al sito fino alla scadenza. Puoi eliminare questo Cookie e revocare l&#8217;accesso al sito tramite i social network aggiornando le tue preferenze nello specifico social network.<\/li>\n<\/ul>\n<ul>\n<li><strong>Analitiche<\/strong><br \/>\nGoogle Analytics \u00e8 uno strumento di analisi web gratuito di Google che consente principalmente ai proprietari di siti web di capire come gli utenti interagiscono con il loro sito web. Abilita anche i cookie nel dominio del sito in cui ti trovi e utilizza un insieme di cookie chiamato &#8220;__utma&#8221; e &#8220;__utmz&#8221; per raccogliere informazioni in modo anonimo e segnalare le tendenze del sito Web senza identificare i singoli utenti.<\/li>\n<\/ul>\n<ul>\n<li><strong>Funzionali o pubblicitarie<\/strong><br \/>\nUtilizziamo questi cookie per offrirti annunci pubblicitari che riteniamo pertinenti e che potrebbero interessarti. Questi cookie consentono di ricordare le scelte effettuate sul nostro sito Web, offrendo funzionalit\u00e0 pi\u00f9 personalizzate e consentendo la creazione di un elenco di parole chiave in base alla ricerca che si sta effettuando. Inoltre, consentono la diffusione di pubblicit\u00e0 pi\u00f9 idonea e pertinente, secondo i tuoi interessi, ed evitando la continua percezione della pubblicit\u00e0 stessa.<\/li>\n<\/ul>\n<ul>\n<li><strong>Pubblicitarie di terzi<\/strong><br \/>\nOltre alla pubblicit\u00e0 gestita dalla nostra azienda, il nostro sito offre ai suoi inserzionisti la possibilit\u00e0 di pubblicare annunci tramite terze parti (&#8220;AdServer&#8221;) e di installare i loro cookie. Questi cookie di terze parti sono installati da siti web esterni, che accedono ad essi e ai loro dati per offrire servizi o pubblicit\u00e0 personalizzata. Le aziende che generano questi cookie hanno politiche proprie sulla privacy. Non abbiamo alcun controllo su queste politiche e per maggiori informazioni dovresti controllare la privacy e\/o la cookie policy della terza parte.<\/li>\n<\/ul>\n<p><strong>Come disabilitare i cookie?<\/strong> \u00c8 possibile configurare il browser in modo che tutti questi cookie vengano eliminati automaticamente una volta chiuso il browser, il computer o il dispositivo.<\/p>\n<ul>\n<li>chrome: http:\/\/support.google.com\/chrome\/bin\/answer.py?hl=es&amp;answer=95647<\/li>\n<li>firefox: http:\/\/support.mozilla.org\/es\/kb\/cookies-informacion-que-los-sitios-webguardan-en-?redirectlocale=en-US&amp;redirectslug=Cookies<\/li>\n<li>internet explorer: https:\/\/support.microsoft.com\/es-es\/help\/17442\/windowsinternet-explorer-delete-manage-cookies<\/li>\n<li>safari: https:\/\/support.apple.com\/es-es\/HT201265<\/li>\n<\/ul>\n[\/vc_column_text][\/vc_column][\/vc_row]\n<\/div>","protected":false},"excerpt":{"rendered":"<p>[vc_row css=&#8221;.vc_custom_1653390500260{margin-top: 60px !important;}&#8221;][vc_column][vc_column_text]Il nostro sito Web utilizza cookie propri e di terze parti per migliorare la tua esperienza utente e mostrarti contenuti relativi alle tue preferenze. Se continui a navigare consideriamo che accetti il \u200b\u200bsuo utilizzo. Puoi ottenere maggiori informazioni, o sapere come modificare la configurazione, nella nostra Cookie Policy. Questo sito utilizza i&hellip;<\/p>\n","protected":false},"author":1,"featured_media":5337,"parent":0,"menu_order":0,"comment_status":"closed","ping_status":"closed","template":"templates\/no-sidebar.php","meta":{"footnotes":""},"categories":[],"tags":[],"class_list":["post-5957","page","type-page","status-publish","has-post-thumbnail","hentry","entry","has-media"],"yoast_head":"<!-- This site is optimized with the Yoast SEO plugin v27.2 - https:\/\/yoast.com\/product\/yoast-seo-wordpress\/ -->\n<title>Cookie Policy | Easy UKCA<\/title>\n<meta name=\"description\" content=\"Informazioni sul trattamento dei cookie da parte di Easy UKCA\" \/>\n<meta name=\"robots\" content=\"index, follow, max-snippet:-1, max-image-preview:large, max-video-preview:-1\" \/>\n<link rel=\"canonical\" href=\"https:\/\/easy-ukca.com\/it\/cookie-policy\/\" \/>\n<meta name=\"twitter:card\" content=\"summary_large_image\" \/>\n<meta name=\"twitter:title\" content=\"Cookie Policy | Easy UKCA\" \/>\n<meta name=\"twitter:description\" content=\"Informazioni sul trattamento dei cookie da parte di Easy UKCA\" \/>\n<meta name=\"twitter:image\" content=\"https:\/\/easy-ukca.com\/wp-content\/uploads\/2022\/05\/Logo-Easy-UKCA.png\" \/>\n<meta name=\"twitter:site\" content=\"@EasyUKCA\" \/>\n<meta name=\"twitter:label1\" content=\"Tempo di lettura stimato\" \/>\n\t<meta name=\"twitter:data1\" content=\"3 minuti\" \/>\n<script type=\"application\/ld+json\" class=\"yoast-schema-graph\">{\"@context\":\"https:\/\/schema.org\",\"@graph\":[{\"@type\":\"Article\",\"@id\":\"https:\/\/easy-ukca.com\/it\/cookie-policy\/#article\",\"isPartOf\":{\"@id\":\"https:\/\/easy-ukca.com\/it\/cookie-policy\/\"},\"author\":{\"name\":\"admin\",\"@id\":\"https:\/\/easy-ukca.com\/it\/#\/schema\/person\/c549c554b3ddd8bc846883ffcff58977\"},\"headline\":\"Cookie Policy\",\"datePublished\":\"2022-06-07T13:03:18+00:00\",\"dateModified\":\"2023-06-20T09:24:23+00:00\",\"mainEntityOfPage\":{\"@id\":\"https:\/\/easy-ukca.com\/it\/cookie-policy\/\"},\"wordCount\":566,\"publisher\":{\"@id\":\"https:\/\/easy-ukca.com\/it\/#organization\"},\"image\":{\"@id\":\"https:\/\/easy-ukca.com\/it\/cookie-policy\/#primaryimage\"},\"thumbnailUrl\":\"https:\/\/easy-ukca.com\/wp-content\/uploads\/2022\/05\/Logo-Easy-UKCA.png\",\"inLanguage\":\"it-IT\"},{\"@type\":\"WebPage\",\"@id\":\"https:\/\/easy-ukca.com\/it\/cookie-policy\/\",\"url\":\"https:\/\/easy-ukca.com\/it\/cookie-policy\/\",\"name\":\"Cookie Policy | Easy UKCA\",\"isPartOf\":{\"@id\":\"https:\/\/easy-ukca.com\/it\/#website\"},\"primaryImageOfPage\":{\"@id\":\"https:\/\/easy-ukca.com\/it\/cookie-policy\/#primaryimage\"},\"image\":{\"@id\":\"https:\/\/easy-ukca.com\/it\/cookie-policy\/#primaryimage\"},\"thumbnailUrl\":\"https:\/\/easy-ukca.com\/wp-content\/uploads\/2022\/05\/Logo-Easy-UKCA.png\",\"datePublished\":\"2022-06-07T13:03:18+00:00\",\"dateModified\":\"2023-06-20T09:24:23+00:00\",\"description\":\"Informazioni sul trattamento dei cookie da parte di Easy UKCA\",\"inLanguage\":\"it-IT\",\"potentialAction\":[{\"@type\":\"ReadAction\",\"target\":[\"https:\/\/easy-ukca.com\/it\/cookie-policy\/\"]}]},{\"@type\":\"ImageObject\",\"inLanguage\":\"it-IT\",\"@id\":\"https:\/\/easy-ukca.com\/it\/cookie-policy\/#primaryimage\",\"url\":\"https:\/\/easy-ukca.com\/wp-content\/uploads\/2022\/05\/Logo-Easy-UKCA.png\",\"contentUrl\":\"https:\/\/easy-ukca.com\/wp-content\/uploads\/2022\/05\/Logo-Easy-UKCA.png\",\"width\":400,\"height\":400,\"caption\":\"Logo Easy UKCA\"},{\"@type\":\"WebSite\",\"@id\":\"https:\/\/easy-ukca.com\/it\/#website\",\"url\":\"https:\/\/easy-ukca.com\/it\/\",\"name\":\"Easy UKCA\",\"description\":\"Expertos en marcado UKCA\",\"publisher\":{\"@id\":\"https:\/\/easy-ukca.com\/it\/#organization\"},\"potentialAction\":[{\"@type\":\"SearchAction\",\"target\":{\"@type\":\"EntryPoint\",\"urlTemplate\":\"https:\/\/easy-ukca.com\/it\/?s={search_term_string}\"},\"query-input\":{\"@type\":\"PropertyValueSpecification\",\"valueRequired\":true,\"valueName\":\"search_term_string\"}}],\"inLanguage\":\"it-IT\"},{\"@type\":\"Organization\",\"@id\":\"https:\/\/easy-ukca.com\/it\/#organization\",\"name\":\"Easy UKCA\",\"url\":\"https:\/\/easy-ukca.com\/it\/\",\"logo\":{\"@type\":\"ImageObject\",\"inLanguage\":\"it-IT\",\"@id\":\"https:\/\/easy-ukca.com\/it\/#\/schema\/logo\/image\/\",\"url\":\"https:\/\/easy-ukca.com\/wp-content\/uploads\/2022\/05\/cropped-Logo-Easy-UKCA.png\",\"contentUrl\":\"https:\/\/easy-ukca.com\/wp-content\/uploads\/2022\/05\/cropped-Logo-Easy-UKCA.png\",\"width\":512,\"height\":512,\"caption\":\"Easy UKCA\"},\"image\":{\"@id\":\"https:\/\/easy-ukca.com\/it\/#\/schema\/logo\/image\/\"},\"sameAs\":[\"https:\/\/x.com\/EasyUKCA\"]},{\"@type\":\"Person\",\"@id\":\"https:\/\/easy-ukca.com\/it\/#\/schema\/person\/c549c554b3ddd8bc846883ffcff58977\",\"name\":\"admin\",\"image\":{\"@type\":\"ImageObject\",\"inLanguage\":\"it-IT\",\"@id\":\"https:\/\/secure.gravatar.com\/avatar\/79db6ad5491a2207ba489b12cbb7ab52cb955ae7249899fc77ac40d7d612dca6?s=96&d=mm&r=g\",\"url\":\"https:\/\/secure.gravatar.com\/avatar\/79db6ad5491a2207ba489b12cbb7ab52cb955ae7249899fc77ac40d7d612dca6?s=96&d=mm&r=g\",\"contentUrl\":\"https:\/\/secure.gravatar.com\/avatar\/79db6ad5491a2207ba489b12cbb7ab52cb955ae7249899fc77ac40d7d612dca6?s=96&d=mm&r=g\",\"caption\":\"admin\"},\"sameAs\":[\"https:\/\/easy-ukca.com\"]}]}<\/script>\n<!-- \/ Yoast SEO plugin. -->","yoast_head_json":{"title":"Cookie Policy | Easy UKCA","description":"Informazioni sul trattamento dei cookie da parte di Easy UKCA","robots":{"index":"index","follow":"follow","max-snippet":"max-snippet:-1","max-image-preview":"max-image-preview:large","max-video-preview":"max-video-preview:-1"},"canonical":"https:\/\/easy-ukca.com\/it\/cookie-policy\/","twitter_card":"summary_large_image","twitter_title":"Cookie Policy | Easy UKCA","twitter_description":"Informazioni sul trattamento dei cookie da parte di Easy UKCA","twitter_image":"https:\/\/easy-ukca.com\/wp-content\/uploads\/2022\/05\/Logo-Easy-UKCA.png","twitter_site":"@EasyUKCA","twitter_misc":{"Tempo di lettura stimato":"3 minuti"},"schema":{"@context":"https:\/\/schema.org","@graph":[{"@type":"Article","@id":"https:\/\/easy-ukca.com\/it\/cookie-policy\/#article","isPartOf":{"@id":"https:\/\/easy-ukca.com\/it\/cookie-policy\/"},"author":{"name":"admin","@id":"https:\/\/easy-ukca.com\/it\/#\/schema\/person\/c549c554b3ddd8bc846883ffcff58977"},"headline":"Cookie Policy","datePublished":"2022-06-07T13:03:18+00:00","dateModified":"2023-06-20T09:24:23+00:00","mainEntityOfPage":{"@id":"https:\/\/easy-ukca.com\/it\/cookie-policy\/"},"wordCount":566,"publisher":{"@id":"https:\/\/easy-ukca.com\/it\/#organization"},"image":{"@id":"https:\/\/easy-ukca.com\/it\/cookie-policy\/#primaryimage"},"thumbnailUrl":"https:\/\/easy-ukca.com\/wp-content\/uploads\/2022\/05\/Logo-Easy-UKCA.png","inLanguage":"it-IT"},{"@type":"WebPage","@id":"https:\/\/easy-ukca.com\/it\/cookie-policy\/","url":"https:\/\/easy-ukca.com\/it\/cookie-policy\/","name":"Cookie Policy | Easy UKCA","isPartOf":{"@id":"https:\/\/easy-ukca.com\/it\/#website"},"primaryImageOfPage":{"@id":"https:\/\/easy-ukca.com\/it\/cookie-policy\/#primaryimage"},"image":{"@id":"https:\/\/easy-ukca.com\/it\/cookie-policy\/#primaryimage"},"thumbnailUrl":"https:\/\/easy-ukca.com\/wp-content\/uploads\/2022\/05\/Logo-Easy-UKCA.png","datePublished":"2022-06-07T13:03:18+00:00","dateModified":"2023-06-20T09:24:23+00:00","description":"Informazioni sul trattamento dei cookie da parte di Easy UKCA","inLanguage":"it-IT","potentialAction":[{"@type":"ReadAction","target":["https:\/\/easy-ukca.com\/it\/cookie-policy\/"]}]},{"@type":"ImageObject","inLanguage":"it-IT","@id":"https:\/\/easy-ukca.com\/it\/cookie-policy\/#primaryimage","url":"https:\/\/easy-ukca.com\/wp-content\/uploads\/2022\/05\/Logo-Easy-UKCA.png","contentUrl":"https:\/\/easy-ukca.com\/wp-content\/uploads\/2022\/05\/Logo-Easy-UKCA.png","width":400,"height":400,"caption":"Logo Easy UKCA"},{"@type":"WebSite","@id":"https:\/\/easy-ukca.com\/it\/#website","url":"https:\/\/easy-ukca.com\/it\/","name":"Easy UKCA","description":"Expertos en marcado UKCA","publisher":{"@id":"https:\/\/easy-ukca.com\/it\/#organization"},"potentialAction":[{"@type":"SearchAction","target":{"@type":"EntryPoint","urlTemplate":"https:\/\/easy-ukca.com\/it\/?s={search_term_string}"},"query-input":{"@type":"PropertyValueSpecification","valueRequired":true,"valueName":"search_term_string"}}],"inLanguage":"it-IT"},{"@type":"Organization","@id":"https:\/\/easy-ukca.com\/it\/#organization","name":"Easy UKCA","url":"https:\/\/easy-ukca.com\/it\/","logo":{"@type":"ImageObject","inLanguage":"it-IT","@id":"https:\/\/easy-ukca.com\/it\/#\/schema\/logo\/image\/","url":"https:\/\/easy-ukca.com\/wp-content\/uploads\/2022\/05\/cropped-Logo-Easy-UKCA.png","contentUrl":"https:\/\/easy-ukca.com\/wp-content\/uploads\/2022\/05\/cropped-Logo-Easy-UKCA.png","width":512,"height":512,"caption":"Easy UKCA"},"image":{"@id":"https:\/\/easy-ukca.com\/it\/#\/schema\/logo\/image\/"},"sameAs":["https:\/\/x.com\/EasyUKCA"]},{"@type":"Person","@id":"https:\/\/easy-ukca.com\/it\/#\/schema\/person\/c549c554b3ddd8bc846883ffcff58977","name":"admin","image":{"@type":"ImageObject","inLanguage":"it-IT","@id":"https:\/\/secure.gravatar.com\/avatar\/79db6ad5491a2207ba489b12cbb7ab52cb955ae7249899fc77ac40d7d612dca6?s=96&d=mm&r=g","url":"https:\/\/secure.gravatar.com\/avatar\/79db6ad5491a2207ba489b12cbb7ab52cb955ae7249899fc77ac40d7d612dca6?s=96&d=mm&r=g","contentUrl":"https:\/\/secure.gravatar.com\/avatar\/79db6ad5491a2207ba489b12cbb7ab52cb955ae7249899fc77ac40d7d612dca6?s=96&d=mm&r=g","caption":"admin"},"sameAs":["https:\/\/easy-ukca.com"]}]}},"_links":{"self":[{"href":"https:\/\/easy-ukca.com\/it\/wp-json\/wp\/v2\/pages\/5957","targetHints":{"allow":["GET"]}}],"collection":[{"href":"https:\/\/easy-ukca.com\/it\/wp-json\/wp\/v2\/pages"}],"about":[{"href":"https:\/\/easy-ukca.com\/it\/wp-json\/wp\/v2\/types\/page"}],"author":[{"embeddable":true,"href":"https:\/\/easy-ukca.com\/it\/wp-json\/wp\/v2\/users\/1"}],"replies":[{"embeddable":true,"href":"https:\/\/easy-ukca.com\/it\/wp-json\/wp\/v2\/comments?post=5957"}],"version-history":[{"count":6,"href":"https:\/\/easy-ukca.com\/it\/wp-json\/wp\/v2\/pages\/5957\/revisions"}],"predecessor-version":[{"id":5964,"href":"https:\/\/easy-ukca.com\/it\/wp-json\/wp\/v2\/pages\/5957\/revisions\/5964"}],"wp:featuredmedia":[{"embeddable":true,"href":"https:\/\/easy-ukca.com\/it\/wp-json\/wp\/v2\/media\/5337"}],"wp:attachment":[{"href":"https:\/\/easy-ukca.com\/it\/wp-json\/wp\/v2\/media?parent=5957"}],"wp:term":[{"taxonomy":"category","embeddable":true,"href":"https:\/\/easy-ukca.com\/it\/wp-json\/wp\/v2\/categories?post=5957"},{"taxonomy":"post_tag","embeddable":true,"href":"https:\/\/easy-ukca.com\/it\/wp-json\/wp\/v2\/tags?post=5957"}],"curies":[{"name":"wp","href":"https:\/\/api.w.org\/{rel}","templated":true}]}}