{"id":5994,"date":"2022-07-24T17:43:48","date_gmt":"2022-07-24T15:43:48","guid":{"rendered":"https:\/\/easy-ukca.com\/?page_id=5994"},"modified":"2023-01-24T19:59:45","modified_gmt":"2023-01-24T17:59:45","slug":"marcatura-ukca-delle-attrezzature-a-pressione","status":"publish","type":"page","link":"https:\/\/easy-ukca.com\/it\/prodotti\/marcatura-ukca-delle-attrezzature-a-pressione\/","title":{"rendered":"Marcatura UKCA delle attrezzature a pressione"},"content":{"rendered":"<div class=\"wpb-content-wrapper\">[vc_row css=&#8221;.vc_custom_1655717672809{margin-top: 60px !important;}&#8221;][vc_column][vc_column_text]\n<h2>FAQ su Marcatura UKCA delle attrezzature a pressione<\/h2>\n[\/vc_column_text]<div class=\"vcex-spacing wpex-w-100 wpex-clear\" style=\"height:30px;\"><\/div>[vc_column_text css=&#8221;.vc_custom_1658686656597{border-radius: 10px !important;}&#8221;]\n<table id=\"tablepress-11\" class=\"tablepress tablepress-id-11\">\n<tbody class=\"row-hover\">\n<tr class=\"row-1\">\n\t<td class=\"column-1\">\u00c8 necessaria la marcatura UKCA per esportare apparecchiature a pressione nel Regno Unito (tranne l'Irlanda del Nord)?<\/td><td class=\"column-2\">S\u00cc (se applicabile la normativa Pressure Equipment Regulations del 2016)<\/td>\n<\/tr>\n<tr class=\"row-2\">\n\t<td class=\"column-1\">\u00c8 necessaria la marcatura UKNI per esportare apparecchiature a pressione in Irlanda del Nord?<\/td><td class=\"column-2\">S\u00cc (se l'organismo accreditato \u00e8 del Regno Unito)<\/td>\n<\/tr>\n<tr class=\"row-3\">\n\t<td class=\"column-1\">\u00c8 possibile l'Autodichiarazione UKCA?<\/td><td class=\"column-2\">S\u00cc (in determinati casi)<\/td>\n<\/tr>\n<tr class=\"row-4\">\n\t<td class=\"column-1\">\u00c8 obbligatorio avere un Rappresentante Autorizzato?<\/td><td class=\"column-2\">NO<\/td>\n<\/tr>\n<\/tbody>\n<\/table>\n<!-- #tablepress-11 from cache -->[\/vc_column_text]<div class=\"vcex-spacing wpex-w-100 wpex-clear\" style=\"height:30px;\"><\/div>[vc_row_inner][vc_column_inner width=&#8221;1\/3&#8243;][vc_column_text]\n\n[\/vc_column_text]<div class=\"vcex-spacing wpex-w-100 wpex-clear\" style=\"height:30px;\"><\/div>[vc_single_image source=&#8221;featured_image&#8221;]<div class=\"vcex-spacing wpex-w-100 wpex-clear\" style=\"height:30px;\"><\/div>[\/vc_column_inner][vc_column_inner width=&#8221;2\/3&#8243;][vc_column_text]\n<h2>Normative applicabili<\/h2>\n<p>A molte aziende che non esportano regolarmente nel Regno Unito potrebbe essere richiesta una <strong><a href=\"https:\/\/easy-ukca.com\/it\/marcatura-ukca\/dichiarazione-di-conformita-ukca\/\">Dichiarazione di Conformit\u00e0 UKCA<\/a><\/strong> per un&#8217;attrezzatura a pressione in quanto componente di un assieme pi\u00f9 grande. Per questa tipologia di produttori, cos\u00ec come per quelli che operano da tempo nel Regno Unito, delineiamo qui i concetti fondamentali della normativa di riferimento per il settore, la <strong>Pressure Equipment (Safety) Regulations<\/strong> del 2016.<\/p>\n<p>Esistono altre due normative applicabili alle attrezzature a pressione:<\/p>\n<ul>\n<li>Carriage of Dangerous Goods and Use of Transportable Pressure Equipment Regulations 2009<\/li>\n<li>Simple Pressure Vessels (Safety) Regulations 2016<\/li>\n<\/ul>\n<p>ma non le analizzeremo in questo articolo. Per maggiori informazioni, e per accedere ai testi ufficiali, \u00e8 possibile consultare la <a href=\"https:\/\/easy-ukca.com\/it\/marcatura-ukca\/corrispondenza-tra-le-normative-ce-e-uk\/\">corrispondenza tra le normative CE e UK<\/a>.<\/p>\n<h2>Concetti fondamentali<\/h2>\n<p>La normativa di riferimento nel Regno Unito per le attrezzature a pressione \u00e8 un recepimento pressoch\u00e9 perfetto della Direttiva 2014\/68\/UE-Attrezzature a pressione (PED) che, come \u00e8 noto, disciplina la progettazione, la fabbricazione e la valutazione della conformit\u00e0 delle attrezzature a pressione (e degli assiemi) sottoposte a una pressione massima ammissibile superiore a 0,5 bar.<\/p>\n<p>La valutazione della conformit\u00e0 secondo entrambi gli standard dipende essenzialmente da tre variabili:<\/p>\n<ol>\n<li><strong>Tipo<\/strong> di attrezzatura a pressione: recipiente (vessel), generatore di vapore (caldaia) o tubo;<\/li>\n<li><strong>Stato fisico<\/strong> del fluido: gassoso o liquido;<\/li>\n<li><strong>Gruppo<\/strong> a cui appartiene il fluido: Gruppo 1 o Gruppo 2. Il gruppo 1 \u00e8 costituito da vari tipi di fluidi pericolosi, esplosivi, ossidanti, ossidanti, tossici.<\/li>\n<\/ol>\n<p>Conoscendo la <strong>pressione massima applicabile<\/strong>, il <strong>volume<\/strong> dei recipienti o il <strong>diametro<\/strong> delle tubazioni, \u00e8 possibile determinare la categoria di appartenenza di ciascuna attrezzatura a pressione attraverso l&#8217;<a href=\"https:\/\/www.legislation.gov.uk\/uksi\/2016\/1105\/schedule\/1B\">allegato 1B<\/a> del Pressure Equipment (Safety) Regulations del 2016.<\/p>\n<p>Un dettaglio secondario ci mostra come la coincidenza tra le normative britanniche ed europee sia totale. Consultando le tabelle dell&#8217;Allegato 1 che determinano la categoria delle attrezzature a pressione, \u00e8 possibile leggere \u00abArticle 4, paragraph 3\u00bb nell&#8217;area del grafico che identifica le attrezzature escluse dalla normativa. Si tratta di apparecchiature che devono semplicemente essere fabbricate sulla base di una solida pratica ingegneristica (SEP in inglese, \u00abSound Engineering Practice\u00bb) e non richiedono una valutazione di conformit\u00e0. \u00abArticle 4, paragraph 3\u00bb \u00e8 un riferimento giuridico alla Direttiva Europea e non alla normativa britannica.<\/p>\n<h2><img loading=\"lazy\" decoding=\"async\" class=\"aligncenter wp-image-6006 size-full\" src=\"https:\/\/easy-ukca.com\/wp-content\/uploads\/2022\/07\/Pressure-Equipment-Safety-Regulations-2016-schedule-1.gif\" alt=\"Pressure Equipment (Safety) Regulations 2016 schedule 1\" width=\"422\" height=\"321\" \/><\/h2>\n<p>In conclusione, le apparecchiature soggette alla normativa in questione sono classificate in 4 categorie: I, II, III e IV, dalle quali dipendono le procedure di valutazione della conformit\u00e0.<\/p>\n<h2>Condizioni dell&#8217;Autodichiarazione<\/h2>\n<p>Inizialmente, l&#8217;<strong><a href=\"https:\/\/easy-ukca.com\/it\/marcatura-ukca\/autodichiarazione-ukca-prodotti-soggetti-e-obblighi-legali\/\">Autodichiarazione UKCA<\/a><\/strong> \u00e8 consentita solo per le apparecchiature appartenenti alla categoria I, per le quali \u00e8 richiesto il <strong>controllo interno della produzione<\/strong> (modulo A). Le altre categorie (II, III e IV) comportano una valutazione di conformit\u00e0 effettuata da un organismo accreditato nel Regno Unito.<\/p>\n<p>In pratica, il ricorso all&#8217;autodichiarazione \u00e8 pi\u00f9 ampio, tenendo conto che le aziende che hanno fatto verificare il proprio sistema di qualit\u00e0 in conformit\u00e0, ad esempio, al modulo H (Total Quality Assurance) della Direttiva PED, tramite un organismo CE, non dovranno\u00a0 testare le apparecchiature a pressione classificate fino alla categoria III.<\/p>\n<h2>Marcatura UKNI<\/h2>\n<p>La marcatura UKNI \u00e8 obbligatoria solo nel caso di utilizzo di un Organismo Accreditato britannico per la valutazione obbligatoria della conformit\u00e0. Ci\u00f2 significa che le apparecchiature soggette ad autodichiarazione e le apparecchiature testate per la marcatura CE per tutto il 2023 non recheranno la marcatura UKNI.[\/vc_column_text][\/vc_column_inner][\/vc_row_inner][\/vc_column][\/vc_row][vc_row][vc_column][vc_wp_tagcloud title=&#8221;Altri temi interessanti&#8221; taxonomy=&#8221;post_tag&#8221;][\/vc_column][\/vc_row]\n<\/div>","protected":false},"excerpt":{"rendered":"<p>[vc_row css=&#8221;.vc_custom_1655717672809{margin-top: 60px !important;}&#8221;][vc_column][vc_column_text] FAQ su Marcatura UKCA delle attrezzature a pressione [\/vc_column_text][vc_column_text css=&#8221;.vc_custom_1658686656597{border-radius: 10px !important;}&#8221;][\/vc_column_text][vc_row_inner][vc_column_inner width=&#8221;1\/3&#8243;][vc_column_text] [\/vc_column_text][vc_single_image source=&#8221;featured_image&#8221;][\/vc_column_inner][vc_column_inner width=&#8221;2\/3&#8243;][vc_column_text] Normative applicabili A molte aziende che non esportano regolarmente nel Regno Unito potrebbe essere richiesta una Dichiarazione di Conformit\u00e0 UKCA per un&#8217;attrezzatura a pressione in quanto componente di un assieme pi\u00f9 grande. Per questa tipologia&hellip;<\/p>\n","protected":false},"author":1,"featured_media":5998,"parent":5863,"menu_order":0,"comment_status":"closed","ping_status":"closed","template":"templates\/no-sidebar.php","meta":{"footnotes":""},"categories":[104],"tags":[],"class_list":["post-5994","page","type-page","status-publish","has-post-thumbnail","hentry","category-prodotti-esempi-pratici","entry","has-media"],"yoast_head":"<!-- This site is optimized with the Yoast SEO plugin v27.2 - https:\/\/yoast.com\/product\/yoast-seo-wordpress\/ -->\n<title>Marcatura UKCA delle attrezzature a pressione | Easy UKCA<\/title>\n<meta name=\"description\" content=\"Tutto quello che c&#039;\u00e8 da sapere sulla marcatura UKCA delle apparecchiature destinate ad atmosfere pericolose (ATEX). Scopri in quali casi \u00e8 possibile l&#039;Autodichiarazione.\" \/>\n<meta name=\"robots\" content=\"index, follow, max-snippet:-1, max-image-preview:large, max-video-preview:-1\" \/>\n<link rel=\"canonical\" href=\"https:\/\/easy-ukca.com\/it\/prodotti\/marcatura-ukca-delle-attrezzature-a-pressione\/\" \/>\n<meta name=\"twitter:card\" content=\"summary_large_image\" \/>\n<meta name=\"twitter:title\" content=\"Marcatura UKCA delle attrezzature a pressione | Easy UKCA\" \/>\n<meta name=\"twitter:description\" content=\"La marcatura UKCA \u00e8 necessaria per tutti i componenti di una macchina industriale? Quali sono le normative applicabili? Tutte le informazioni qui.\" \/>\n<meta name=\"twitter:image\" content=\"https:\/\/easy-ukca.com\/wp-content\/uploads\/2022\/06\/Marcado-UKCA-de-maquinaria-industrial.jpg\" \/>\n<meta name=\"twitter:site\" content=\"@EasyUKCA\" \/>\n<meta name=\"twitter:label1\" content=\"Tempo di lettura stimato\" \/>\n\t<meta name=\"twitter:data1\" content=\"4 minuti\" \/>\n<script type=\"application\/ld+json\" class=\"yoast-schema-graph\">{\"@context\":\"https:\/\/schema.org\",\"@graph\":[{\"@type\":\"Article\",\"@id\":\"https:\/\/easy-ukca.com\/it\/prodotti\/marcatura-ukca-delle-attrezzature-a-pressione\/#article\",\"isPartOf\":{\"@id\":\"https:\/\/easy-ukca.com\/it\/prodotti\/marcatura-ukca-delle-attrezzature-a-pressione\/\"},\"author\":{\"name\":\"admin\",\"@id\":\"https:\/\/easy-ukca.com\/it\/#\/schema\/person\/c549c554b3ddd8bc846883ffcff58977\"},\"headline\":\"Marcatura UKCA delle attrezzature a pressione\",\"datePublished\":\"2022-07-24T15:43:48+00:00\",\"dateModified\":\"2023-01-24T17:59:45+00:00\",\"mainEntityOfPage\":{\"@id\":\"https:\/\/easy-ukca.com\/it\/prodotti\/marcatura-ukca-delle-attrezzature-a-pressione\/\"},\"wordCount\":637,\"publisher\":{\"@id\":\"https:\/\/easy-ukca.com\/it\/#organization\"},\"image\":{\"@id\":\"https:\/\/easy-ukca.com\/it\/prodotti\/marcatura-ukca-delle-attrezzature-a-pressione\/#primaryimage\"},\"thumbnailUrl\":\"https:\/\/easy-ukca.com\/wp-content\/uploads\/2022\/07\/Marcado-UKCA-de-equipos-a-presion.png\",\"articleSection\":[\"Prodotti- Esempi pratici\"],\"inLanguage\":\"it-IT\"},{\"@type\":\"WebPage\",\"@id\":\"https:\/\/easy-ukca.com\/it\/prodotti\/marcatura-ukca-delle-attrezzature-a-pressione\/\",\"url\":\"https:\/\/easy-ukca.com\/it\/prodotti\/marcatura-ukca-delle-attrezzature-a-pressione\/\",\"name\":\"Marcatura UKCA delle attrezzature a pressione | Easy UKCA\",\"isPartOf\":{\"@id\":\"https:\/\/easy-ukca.com\/it\/#website\"},\"primaryImageOfPage\":{\"@id\":\"https:\/\/easy-ukca.com\/it\/prodotti\/marcatura-ukca-delle-attrezzature-a-pressione\/#primaryimage\"},\"image\":{\"@id\":\"https:\/\/easy-ukca.com\/it\/prodotti\/marcatura-ukca-delle-attrezzature-a-pressione\/#primaryimage\"},\"thumbnailUrl\":\"https:\/\/easy-ukca.com\/wp-content\/uploads\/2022\/07\/Marcado-UKCA-de-equipos-a-presion.png\",\"datePublished\":\"2022-07-24T15:43:48+00:00\",\"dateModified\":\"2023-01-24T17:59:45+00:00\",\"description\":\"Tutto quello che c'\u00e8 da sapere sulla marcatura UKCA delle apparecchiature destinate ad atmosfere pericolose (ATEX). Scopri in quali casi \u00e8 possibile l'Autodichiarazione.\",\"breadcrumb\":{\"@id\":\"https:\/\/easy-ukca.com\/it\/prodotti\/marcatura-ukca-delle-attrezzature-a-pressione\/#breadcrumb\"},\"inLanguage\":\"it-IT\",\"potentialAction\":[{\"@type\":\"ReadAction\",\"target\":[\"https:\/\/easy-ukca.com\/it\/prodotti\/marcatura-ukca-delle-attrezzature-a-pressione\/\"]}]},{\"@type\":\"ImageObject\",\"inLanguage\":\"it-IT\",\"@id\":\"https:\/\/easy-ukca.com\/it\/prodotti\/marcatura-ukca-delle-attrezzature-a-pressione\/#primaryimage\",\"url\":\"https:\/\/easy-ukca.com\/wp-content\/uploads\/2022\/07\/Marcado-UKCA-de-equipos-a-presion.png\",\"contentUrl\":\"https:\/\/easy-ukca.com\/wp-content\/uploads\/2022\/07\/Marcado-UKCA-de-equipos-a-presion.png\",\"width\":400,\"height\":400,\"caption\":\"Marcado UKCA de equipos a presi\u00f3n\"},{\"@type\":\"BreadcrumbList\",\"@id\":\"https:\/\/easy-ukca.com\/it\/prodotti\/marcatura-ukca-delle-attrezzature-a-pressione\/#breadcrumb\",\"itemListElement\":[{\"@type\":\"ListItem\",\"position\":1,\"name\":\"Prodotti- Casi pratici\",\"item\":\"https:\/\/easy-ukca.com\/it\/prodotti\/\"},{\"@type\":\"ListItem\",\"position\":2,\"name\":\"Marcatura UKCA delle attrezzature a pressione\"}]},{\"@type\":\"WebSite\",\"@id\":\"https:\/\/easy-ukca.com\/it\/#website\",\"url\":\"https:\/\/easy-ukca.com\/it\/\",\"name\":\"Easy UKCA\",\"description\":\"Expertos en marcado UKCA\",\"publisher\":{\"@id\":\"https:\/\/easy-ukca.com\/it\/#organization\"},\"potentialAction\":[{\"@type\":\"SearchAction\",\"target\":{\"@type\":\"EntryPoint\",\"urlTemplate\":\"https:\/\/easy-ukca.com\/it\/?s={search_term_string}\"},\"query-input\":{\"@type\":\"PropertyValueSpecification\",\"valueRequired\":true,\"valueName\":\"search_term_string\"}}],\"inLanguage\":\"it-IT\"},{\"@type\":\"Organization\",\"@id\":\"https:\/\/easy-ukca.com\/it\/#organization\",\"name\":\"Easy UKCA\",\"url\":\"https:\/\/easy-ukca.com\/it\/\",\"logo\":{\"@type\":\"ImageObject\",\"inLanguage\":\"it-IT\",\"@id\":\"https:\/\/easy-ukca.com\/it\/#\/schema\/logo\/image\/\",\"url\":\"https:\/\/easy-ukca.com\/wp-content\/uploads\/2022\/05\/cropped-Logo-Easy-UKCA.png\",\"contentUrl\":\"https:\/\/easy-ukca.com\/wp-content\/uploads\/2022\/05\/cropped-Logo-Easy-UKCA.png\",\"width\":512,\"height\":512,\"caption\":\"Easy UKCA\"},\"image\":{\"@id\":\"https:\/\/easy-ukca.com\/it\/#\/schema\/logo\/image\/\"},\"sameAs\":[\"https:\/\/x.com\/EasyUKCA\"]},{\"@type\":\"Person\",\"@id\":\"https:\/\/easy-ukca.com\/it\/#\/schema\/person\/c549c554b3ddd8bc846883ffcff58977\",\"name\":\"admin\",\"image\":{\"@type\":\"ImageObject\",\"inLanguage\":\"it-IT\",\"@id\":\"https:\/\/secure.gravatar.com\/avatar\/79db6ad5491a2207ba489b12cbb7ab52cb955ae7249899fc77ac40d7d612dca6?s=96&d=mm&r=g\",\"url\":\"https:\/\/secure.gravatar.com\/avatar\/79db6ad5491a2207ba489b12cbb7ab52cb955ae7249899fc77ac40d7d612dca6?s=96&d=mm&r=g\",\"contentUrl\":\"https:\/\/secure.gravatar.com\/avatar\/79db6ad5491a2207ba489b12cbb7ab52cb955ae7249899fc77ac40d7d612dca6?s=96&d=mm&r=g\",\"caption\":\"admin\"},\"sameAs\":[\"https:\/\/easy-ukca.com\"]}]}<\/script>\n<!-- \/ Yoast SEO plugin. -->","yoast_head_json":{"title":"Marcatura UKCA delle attrezzature a pressione | Easy UKCA","description":"Tutto quello che c'\u00e8 da sapere sulla marcatura UKCA delle apparecchiature destinate ad atmosfere pericolose (ATEX). Scopri in quali casi \u00e8 possibile l'Autodichiarazione.","robots":{"index":"index","follow":"follow","max-snippet":"max-snippet:-1","max-image-preview":"max-image-preview:large","max-video-preview":"max-video-preview:-1"},"canonical":"https:\/\/easy-ukca.com\/it\/prodotti\/marcatura-ukca-delle-attrezzature-a-pressione\/","twitter_card":"summary_large_image","twitter_title":"Marcatura UKCA delle attrezzature a pressione | Easy UKCA","twitter_description":"La marcatura UKCA \u00e8 necessaria per tutti i componenti di una macchina industriale? Quali sono le normative applicabili? Tutte le informazioni qui.","twitter_image":"https:\/\/easy-ukca.com\/wp-content\/uploads\/2022\/06\/Marcado-UKCA-de-maquinaria-industrial.jpg","twitter_site":"@EasyUKCA","twitter_misc":{"Tempo di lettura stimato":"4 minuti"},"schema":{"@context":"https:\/\/schema.org","@graph":[{"@type":"Article","@id":"https:\/\/easy-ukca.com\/it\/prodotti\/marcatura-ukca-delle-attrezzature-a-pressione\/#article","isPartOf":{"@id":"https:\/\/easy-ukca.com\/it\/prodotti\/marcatura-ukca-delle-attrezzature-a-pressione\/"},"author":{"name":"admin","@id":"https:\/\/easy-ukca.com\/it\/#\/schema\/person\/c549c554b3ddd8bc846883ffcff58977"},"headline":"Marcatura UKCA delle attrezzature a pressione","datePublished":"2022-07-24T15:43:48+00:00","dateModified":"2023-01-24T17:59:45+00:00","mainEntityOfPage":{"@id":"https:\/\/easy-ukca.com\/it\/prodotti\/marcatura-ukca-delle-attrezzature-a-pressione\/"},"wordCount":637,"publisher":{"@id":"https:\/\/easy-ukca.com\/it\/#organization"},"image":{"@id":"https:\/\/easy-ukca.com\/it\/prodotti\/marcatura-ukca-delle-attrezzature-a-pressione\/#primaryimage"},"thumbnailUrl":"https:\/\/easy-ukca.com\/wp-content\/uploads\/2022\/07\/Marcado-UKCA-de-equipos-a-presion.png","articleSection":["Prodotti- Esempi pratici"],"inLanguage":"it-IT"},{"@type":"WebPage","@id":"https:\/\/easy-ukca.com\/it\/prodotti\/marcatura-ukca-delle-attrezzature-a-pressione\/","url":"https:\/\/easy-ukca.com\/it\/prodotti\/marcatura-ukca-delle-attrezzature-a-pressione\/","name":"Marcatura UKCA delle attrezzature a pressione | Easy UKCA","isPartOf":{"@id":"https:\/\/easy-ukca.com\/it\/#website"},"primaryImageOfPage":{"@id":"https:\/\/easy-ukca.com\/it\/prodotti\/marcatura-ukca-delle-attrezzature-a-pressione\/#primaryimage"},"image":{"@id":"https:\/\/easy-ukca.com\/it\/prodotti\/marcatura-ukca-delle-attrezzature-a-pressione\/#primaryimage"},"thumbnailUrl":"https:\/\/easy-ukca.com\/wp-content\/uploads\/2022\/07\/Marcado-UKCA-de-equipos-a-presion.png","datePublished":"2022-07-24T15:43:48+00:00","dateModified":"2023-01-24T17:59:45+00:00","description":"Tutto quello che c'\u00e8 da sapere sulla marcatura UKCA delle apparecchiature destinate ad atmosfere pericolose (ATEX). Scopri in quali casi \u00e8 possibile l'Autodichiarazione.","breadcrumb":{"@id":"https:\/\/easy-ukca.com\/it\/prodotti\/marcatura-ukca-delle-attrezzature-a-pressione\/#breadcrumb"},"inLanguage":"it-IT","potentialAction":[{"@type":"ReadAction","target":["https:\/\/easy-ukca.com\/it\/prodotti\/marcatura-ukca-delle-attrezzature-a-pressione\/"]}]},{"@type":"ImageObject","inLanguage":"it-IT","@id":"https:\/\/easy-ukca.com\/it\/prodotti\/marcatura-ukca-delle-attrezzature-a-pressione\/#primaryimage","url":"https:\/\/easy-ukca.com\/wp-content\/uploads\/2022\/07\/Marcado-UKCA-de-equipos-a-presion.png","contentUrl":"https:\/\/easy-ukca.com\/wp-content\/uploads\/2022\/07\/Marcado-UKCA-de-equipos-a-presion.png","width":400,"height":400,"caption":"Marcado UKCA de equipos a presi\u00f3n"},{"@type":"BreadcrumbList","@id":"https:\/\/easy-ukca.com\/it\/prodotti\/marcatura-ukca-delle-attrezzature-a-pressione\/#breadcrumb","itemListElement":[{"@type":"ListItem","position":1,"name":"Prodotti- Casi pratici","item":"https:\/\/easy-ukca.com\/it\/prodotti\/"},{"@type":"ListItem","position":2,"name":"Marcatura UKCA delle attrezzature a pressione"}]},{"@type":"WebSite","@id":"https:\/\/easy-ukca.com\/it\/#website","url":"https:\/\/easy-ukca.com\/it\/","name":"Easy UKCA","description":"Expertos en marcado UKCA","publisher":{"@id":"https:\/\/easy-ukca.com\/it\/#organization"},"potentialAction":[{"@type":"SearchAction","target":{"@type":"EntryPoint","urlTemplate":"https:\/\/easy-ukca.com\/it\/?s={search_term_string}"},"query-input":{"@type":"PropertyValueSpecification","valueRequired":true,"valueName":"search_term_string"}}],"inLanguage":"it-IT"},{"@type":"Organization","@id":"https:\/\/easy-ukca.com\/it\/#organization","name":"Easy UKCA","url":"https:\/\/easy-ukca.com\/it\/","logo":{"@type":"ImageObject","inLanguage":"it-IT","@id":"https:\/\/easy-ukca.com\/it\/#\/schema\/logo\/image\/","url":"https:\/\/easy-ukca.com\/wp-content\/uploads\/2022\/05\/cropped-Logo-Easy-UKCA.png","contentUrl":"https:\/\/easy-ukca.com\/wp-content\/uploads\/2022\/05\/cropped-Logo-Easy-UKCA.png","width":512,"height":512,"caption":"Easy UKCA"},"image":{"@id":"https:\/\/easy-ukca.com\/it\/#\/schema\/logo\/image\/"},"sameAs":["https:\/\/x.com\/EasyUKCA"]},{"@type":"Person","@id":"https:\/\/easy-ukca.com\/it\/#\/schema\/person\/c549c554b3ddd8bc846883ffcff58977","name":"admin","image":{"@type":"ImageObject","inLanguage":"it-IT","@id":"https:\/\/secure.gravatar.com\/avatar\/79db6ad5491a2207ba489b12cbb7ab52cb955ae7249899fc77ac40d7d612dca6?s=96&d=mm&r=g","url":"https:\/\/secure.gravatar.com\/avatar\/79db6ad5491a2207ba489b12cbb7ab52cb955ae7249899fc77ac40d7d612dca6?s=96&d=mm&r=g","contentUrl":"https:\/\/secure.gravatar.com\/avatar\/79db6ad5491a2207ba489b12cbb7ab52cb955ae7249899fc77ac40d7d612dca6?s=96&d=mm&r=g","caption":"admin"},"sameAs":["https:\/\/easy-ukca.com"]}]}},"_links":{"self":[{"href":"https:\/\/easy-ukca.com\/it\/wp-json\/wp\/v2\/pages\/5994","targetHints":{"allow":["GET"]}}],"collection":[{"href":"https:\/\/easy-ukca.com\/it\/wp-json\/wp\/v2\/pages"}],"about":[{"href":"https:\/\/easy-ukca.com\/it\/wp-json\/wp\/v2\/types\/page"}],"author":[{"embeddable":true,"href":"https:\/\/easy-ukca.com\/it\/wp-json\/wp\/v2\/users\/1"}],"replies":[{"embeddable":true,"href":"https:\/\/easy-ukca.com\/it\/wp-json\/wp\/v2\/comments?post=5994"}],"version-history":[{"count":8,"href":"https:\/\/easy-ukca.com\/it\/wp-json\/wp\/v2\/pages\/5994\/revisions"}],"predecessor-version":[{"id":6124,"href":"https:\/\/easy-ukca.com\/it\/wp-json\/wp\/v2\/pages\/5994\/revisions\/6124"}],"up":[{"embeddable":true,"href":"https:\/\/easy-ukca.com\/it\/wp-json\/wp\/v2\/pages\/5863"}],"wp:featuredmedia":[{"embeddable":true,"href":"https:\/\/easy-ukca.com\/it\/wp-json\/wp\/v2\/media\/5998"}],"wp:attachment":[{"href":"https:\/\/easy-ukca.com\/it\/wp-json\/wp\/v2\/media?parent=5994"}],"wp:term":[{"taxonomy":"category","embeddable":true,"href":"https:\/\/easy-ukca.com\/it\/wp-json\/wp\/v2\/categories?post=5994"},{"taxonomy":"post_tag","embeddable":true,"href":"https:\/\/easy-ukca.com\/it\/wp-json\/wp\/v2\/tags?post=5994"}],"curies":[{"name":"wp","href":"https:\/\/api.w.org\/{rel}","templated":true}]}}