{"id":6021,"date":"2022-08-31T15:42:38","date_gmt":"2022-08-31T13:42:38","guid":{"rendered":"https:\/\/easy-ukca.com\/?page_id=6021"},"modified":"2023-06-20T17:59:39","modified_gmt":"2023-06-20T15:59:39","slug":"come-scegliere-un-rappresentante-autorizzato","status":"publish","type":"page","link":"https:\/\/easy-ukca.com\/it\/marcatura-ukca\/come-scegliere-un-rappresentante-autorizzato\/","title":{"rendered":"Come scegliere un Rappresentante Autorizzato"},"content":{"rendered":"<div class=\"wpb-content-wrapper\">[vc_row css=&#8221;.vc_custom_1653390500260{margin-top: 60px !important;}&#8221;][vc_column][vc_column_text]<span style=\"color: var(--wpex-text-2);\">L&#8217;obbligo legale di indicare i dati dell&#8217;importatore sull&#8217;etichetta (o sulla confezione) \u00e8 un problema quando la societ\u00e0 esportatrice ha diversi importatori nel Regno Unito. Questo \u00e8 il motivo principale per cui molte aziende decidono di avvalersi di un Rappresentante Autorizzato nel Regno Unito.<\/span><\/p>\n<p>Non \u00e8, per\u00f2, l&#8217;unico. Disporre di un Rappresentante Autorizzato (sia esso persona fisica o persona giuridica) offre dei <a href=\"https:\/\/easy-ukca.com\/it\/marcatura-ukca\/i-vantaggi-di-avere-un-rappresentante-autorizzato\/\">chiari vantaggi (legali e tecnici)<\/a> da approfittare.<\/p>\n<p>Quali fattori devono essere presi in considerazione per scegliere correttamente un rappresentante autorizzato nel Regno Unito?<br \/>\nQui li indichiamo, schematicamente:[\/vc_column_text]<div class=\"vcex-spacing wpex-w-100 wpex-clear\" style=\"height:30px;\"><\/div>[\/vc_column][\/vc_row][vc_row full_width=&#8221;stretch_row_content_no_spaces&#8221; css=&#8221;.vc_custom_1653896215006{background-color: #7a939c !important;}&#8221;][vc_column width=&#8221;1\/6&#8243;][\/vc_column][vc_column width=&#8221;1\/4&#8243;][vc_column_text color=&#8221;#ffffff&#8221;]\n<h2>Variabili da considerare nella scelta di un Rappresentante Autorizzato<\/h2>\n[\/vc_column_text][\/vc_column][vc_column width=&#8221;1\/12&#8243;][\/vc_column][vc_column width=&#8221;1\/2&#8243;]<div class=\"vcex-spacing wpex-w-100 wpex-clear\" style=\"height:30px;\"><\/div><style>.vcex-bullets.vcex_69e649ea3c618{color:#ffffff;font-size:24px;}<\/style><div class=\"vcex-module vcex-bullets vcex-bullets--vertical custom-icon vcex_69e649ea3c618\">\n<ul role=\"list\">\n<li><div class=\"vcex-bullets-ci-wrap wpex-inline-flex\"><span class=\"vcex-bullets-icon-wrap vcex-icon-wrap wpex-mr-10\"><span class=\"vcex-bullets-icon vcex-icon wpex-icon wpex-icon--bidi\" aria-hidden=\"true\"><svg xmlns=\"http:\/\/www.w3.org\/2000\/svg\" viewBox=\"0 0 512 512\"><path d=\"M448 128l-177.6 0c1 5.2 1.6 10.5 1.6 16l0 16 32 0 144 0c8.8 0 16-7.2 16-16s-7.2-16-16-16zM224 144c0-17.7-14.3-32-32-32c0 0 0 0 0 0l-24 0c-66.3 0-120 53.7-120 120l0 48c0 52.5 33.7 97.1 80.7 113.4c-.5-3.1-.7-6.2-.7-9.4c0-20 9.2-37.9 23.6-49.7c-4.9-9-7.6-19.4-7.6-30.3c0-15.1 5.3-29 14-40c-8.8-11-14-24.9-14-40l0-40c0-13.3 10.7-24 24-24s24 10.7 24 24l0 40c0 8.8 7.2 16 16 16s16-7.2 16-16l0-40 0-40zM192 64s0 0 0 0c18 0 34.6 6 48 16l208 0c35.3 0 64 28.7 64 64s-28.7 64-64 64l-82 0c1.3 5.1 2 10.5 2 16c0 25.3-14.7 47.2-36 57.6c2.6 7 4 14.5 4 22.4c0 20-9.2 37.9-23.6 49.7c4.9 9 7.6 19.4 7.6 30.3c0 35.3-28.7 64-64 64l-64 0-24 0C75.2 448 0 372.8 0 280l0-48C0 139.2 75.2 64 168 64l24 0zm64 336c8.8 0 16-7.2 16-16s-7.2-16-16-16l-48 0-16 0c-8.8 0-16 7.2-16 16s7.2 16 16 16l64 0zm16-176c0 5.5-.7 10.9-2 16l2 0 32 0c8.8 0 16-7.2 16-16s-7.2-16-16-16l-32 0 0 16zm-24 64l-40 0c-8.8 0-16 7.2-16 16s7.2 16 16 16l48 0 16 0c8.8 0 16-7.2 16-16s-7.2-16-16-16l-24 0z\"\/><\/svg><\/span><\/span><div class=\"vcex-content wpex-flex-grow\">Documentazione tecnica<\/div><\/div><\/li>\n<li><div class=\"vcex-bullets-ci-wrap wpex-inline-flex\"><span class=\"vcex-bullets-icon-wrap vcex-icon-wrap wpex-mr-10\"><span class=\"vcex-bullets-icon vcex-icon wpex-icon wpex-icon--bidi\" aria-hidden=\"true\"><svg xmlns=\"http:\/\/www.w3.org\/2000\/svg\" viewBox=\"0 0 512 512\"><path d=\"M448 128l-177.6 0c1 5.2 1.6 10.5 1.6 16l0 16 32 0 144 0c8.8 0 16-7.2 16-16s-7.2-16-16-16zM224 144c0-17.7-14.3-32-32-32c0 0 0 0 0 0l-24 0c-66.3 0-120 53.7-120 120l0 48c0 52.5 33.7 97.1 80.7 113.4c-.5-3.1-.7-6.2-.7-9.4c0-20 9.2-37.9 23.6-49.7c-4.9-9-7.6-19.4-7.6-30.3c0-15.1 5.3-29 14-40c-8.8-11-14-24.9-14-40l0-40c0-13.3 10.7-24 24-24s24 10.7 24 24l0 40c0 8.8 7.2 16 16 16s16-7.2 16-16l0-40 0-40zM192 64s0 0 0 0c18 0 34.6 6 48 16l208 0c35.3 0 64 28.7 64 64s-28.7 64-64 64l-82 0c1.3 5.1 2 10.5 2 16c0 25.3-14.7 47.2-36 57.6c2.6 7 4 14.5 4 22.4c0 20-9.2 37.9-23.6 49.7c4.9 9 7.6 19.4 7.6 30.3c0 35.3-28.7 64-64 64l-64 0-24 0C75.2 448 0 372.8 0 280l0-48C0 139.2 75.2 64 168 64l24 0zm64 336c8.8 0 16-7.2 16-16s-7.2-16-16-16l-48 0-16 0c-8.8 0-16 7.2-16 16s7.2 16 16 16l64 0zm16-176c0 5.5-.7 10.9-2 16l2 0 32 0c8.8 0 16-7.2 16-16s-7.2-16-16-16l-32 0 0 16zm-24 64l-40 0c-8.8 0-16 7.2-16 16s7.2 16 16 16l48 0 16 0c8.8 0 16-7.2 16-16s-7.2-16-16-16l-24 0z\"\/><\/svg><\/span><\/span><div class=\"vcex-content wpex-flex-grow\">Funzioni del Rappresentante<\/div><\/div><\/li>\n<li><div class=\"vcex-bullets-ci-wrap wpex-inline-flex\"><span class=\"vcex-bullets-icon-wrap vcex-icon-wrap wpex-mr-10\"><span class=\"vcex-bullets-icon vcex-icon wpex-icon wpex-icon--bidi\" aria-hidden=\"true\"><svg xmlns=\"http:\/\/www.w3.org\/2000\/svg\" viewBox=\"0 0 512 512\"><path d=\"M448 128l-177.6 0c1 5.2 1.6 10.5 1.6 16l0 16 32 0 144 0c8.8 0 16-7.2 16-16s-7.2-16-16-16zM224 144c0-17.7-14.3-32-32-32c0 0 0 0 0 0l-24 0c-66.3 0-120 53.7-120 120l0 48c0 52.5 33.7 97.1 80.7 113.4c-.5-3.1-.7-6.2-.7-9.4c0-20 9.2-37.9 23.6-49.7c-4.9-9-7.6-19.4-7.6-30.3c0-15.1 5.3-29 14-40c-8.8-11-14-24.9-14-40l0-40c0-13.3 10.7-24 24-24s24 10.7 24 24l0 40c0 8.8 7.2 16 16 16s16-7.2 16-16l0-40 0-40zM192 64s0 0 0 0c18 0 34.6 6 48 16l208 0c35.3 0 64 28.7 64 64s-28.7 64-64 64l-82 0c1.3 5.1 2 10.5 2 16c0 25.3-14.7 47.2-36 57.6c2.6 7 4 14.5 4 22.4c0 20-9.2 37.9-23.6 49.7c4.9 9 7.6 19.4 7.6 30.3c0 35.3-28.7 64-64 64l-64 0-24 0C75.2 448 0 372.8 0 280l0-48C0 139.2 75.2 64 168 64l24 0zm64 336c8.8 0 16-7.2 16-16s-7.2-16-16-16l-48 0-16 0c-8.8 0-16 7.2-16 16s7.2 16 16 16l64 0zm16-176c0 5.5-.7 10.9-2 16l2 0 32 0c8.8 0 16-7.2 16-16s-7.2-16-16-16l-32 0 0 16zm-24 64l-40 0c-8.8 0-16 7.2-16 16s7.2 16 16 16l48 0 16 0c8.8 0 16-7.2 16-16s-7.2-16-16-16l-24 0z\"\/><\/svg><\/span><\/span><div class=\"vcex-content wpex-flex-grow\">Quantit\u00e0 di prodotti<\/div><\/div><\/li>\n<\/ul>\n<\/div>[\/vc_column][\/vc_row][vc_row css=&#8221;.vc_custom_1653390500260{margin-top: 60px !important;}&#8221;][vc_column][vc_column_text]Ogni <a href=\"https:\/\/easy-ukca.com\/it\/marcatura-ukca\/dichiarazione-di-conformita-ukca\/\">Dichiarazione di Conformit\u00e0 UKCA<\/a> deve essere supportata da un <a href=\"https:\/\/easy-ukca.com\/it\/marcatura-ukca\/autodichiarazione-ukca-prodotti-soggetti-e-obblighi-legali\/#Elaboracion_o_transposicion_del_expediente_tecnico\">fascicolo tecnico<\/a> che dimostri la conformit\u00e0 del prodotto alle normative applicabili. Molte aziende dispongono effettivamente della <strong>documentazione tecnica<\/strong> <em>prima<\/em> di emettere la Dichiazione, ma altre esportano nel Regno Unito senza di essa, sapendo che avranno 15 giorni di tempo per consegnarla, in caso di richiesta delle autorit\u00e0 di vigilanza del mercato.<\/p>\n<p>Alcuni Rappresentanti Autorizzati richiedono il fascicolo tecnico completo per accettare l&#8217;incarico. Si tratta di figure molto tecniche, che nel contempo offrono solitamente la trasposizione del fascicolo e la sua conservazione, e le cui funzioni <strong>funzioni<\/strong> vanno oltre il semplice adempimento di un obbligo di legge.<\/p>\n<p>Questo tipo di Rappresentante Autorizzato, specializzato in alcuni Regolamenti, svolge un&#8217;importante <strong>funzione di monitoraggio e controllo dell&#8217;evoluzione normativa.<\/strong> Quando la cosiddetta &#8220;divergenza&#8221; (ad esempio l&#8217;adozione di un nuovo Standard nel Regno Unito) interessi i prodotti di una delle societ\u00e0 rappresentate, il Rappresentante informer\u00e0 tempestivamente il cliente proponendo aggiornamenti nella documentazione tecnica o nei prodotti stessi.<\/p>\n<p>Se non si dispone di un fascicolo tecnico, \u00e8 possibile ricorrere a Rappresentanti che accettano la documentazione incompleta o ad altri che direttamente non richiedono il fascicolo tecnico ai propri clienti. Nella maggior parte dei casi, queste figure non svolgono funzioni che vadano oltre il concedere l&#8217;uso del loro nome.<\/p>\n<p>Un altro fattore che influisce nella scelta del Rapresentante Autorizzato \u00e8 il<strong>numero di prodotti (e relativi fascicoli tecnici)<\/strong> che si vogliono esportare nel Regno Unito. Alcuni rappresentanti applicano una tariffa forfettaria per 20 referenze o 200 o 2.000, altri, la maggioranza, hanno tariffe proporzionali al numero di fascicoli tecnici.<\/p>\n<blockquote><p>Noi non agiamo in qualit\u00e0 di Rappresentante Autorizzato, ma <strong>abbiamo accordi con vari partner<\/strong> che offrono questo servizio in base a diverse modalit\u00e0. Ora che conosci gli aspetti pi\u00f9 rilevanti nella scelta del tuo partner nel Regno Unito, contattaci per conoscere le tariffe e le condizioni adatte alle tue esigenze!<\/p><\/blockquote>\n[\/vc_column_text]<div class=\"vcex-spacing wpex-w-100 wpex-clear\" style=\"height:60px;\"><\/div>[\/vc_column][\/vc_row]\n<\/div>","protected":false},"excerpt":{"rendered":"<p>[vc_row css=&#8221;.vc_custom_1653390500260{margin-top: 60px !important;}&#8221;][vc_column][vc_column_text]L&#8217;obbligo legale di indicare i dati dell&#8217;importatore sull&#8217;etichetta (o sulla confezione) \u00e8 un problema quando la societ\u00e0 esportatrice ha diversi importatori nel Regno Unito. Questo \u00e8 il motivo principale per cui molte aziende decidono di avvalersi di un Rappresentante Autorizzato nel Regno Unito. Non \u00e8, per\u00f2, l&#8217;unico. Disporre di un Rappresentante Autorizzato&hellip;<\/p>\n","protected":false},"author":1,"featured_media":5813,"parent":5884,"menu_order":0,"comment_status":"closed","ping_status":"closed","template":"templates\/no-sidebar.php","meta":{"footnotes":""},"categories":[103],"tags":[114],"class_list":["post-6021","page","type-page","status-publish","has-post-thumbnail","hentry","category-capire-la-marcatura-ukca","tag-rappresentante-autorizzato","entry","has-media"],"yoast_head":"<!-- This site is optimized with the Yoast SEO plugin v27.2 - https:\/\/yoast.com\/product\/yoast-seo-wordpress\/ -->\n<title>Come scegliere un Rappresentante Autorizzato | Easy UKCA<\/title>\n<meta name=\"description\" content=\"Quali variabili devono essere prese in considerazione quando si sceglie un Rappresentante Autorizzato per il Regno Unito? Qui troverai tutto ci\u00f2 che c&#039;\u00e8 da sapere.\" \/>\n<meta name=\"robots\" content=\"index, follow, max-snippet:-1, max-image-preview:large, max-video-preview:-1\" \/>\n<link rel=\"canonical\" href=\"https:\/\/easy-ukca.com\/it\/marcatura-ukca\/come-scegliere-un-rappresentante-autorizzato\/\" \/>\n<meta name=\"twitter:card\" content=\"summary_large_image\" \/>\n<meta name=\"twitter:title\" content=\"Come scegliere un Rappresentante Autorizzato | Easy UKCA\" \/>\n<meta name=\"twitter:description\" content=\"Quali variabili devono essere prese in considerazione quando si sceglie un Rappresentante Autorizzato per il Regno Unito? Qui troverai tutto ci\u00f2 che c&#039;\u00e8 da sapere.\" \/>\n<meta name=\"twitter:image\" content=\"https:\/\/easy-ukca.com\/wp-content\/uploads\/2022\/06\/Representante-Autorizado-UKCA.jpg\" \/>\n<meta name=\"twitter:site\" content=\"@EasyUKCA\" \/>\n<meta name=\"twitter:label1\" content=\"Tempo di lettura stimato\" \/>\n\t<meta name=\"twitter:data1\" content=\"2 minuti\" \/>\n<script type=\"application\/ld+json\" class=\"yoast-schema-graph\">{\"@context\":\"https:\/\/schema.org\",\"@graph\":[{\"@type\":\"Article\",\"@id\":\"https:\/\/easy-ukca.com\/it\/marcatura-ukca\/come-scegliere-un-rappresentante-autorizzato\/#article\",\"isPartOf\":{\"@id\":\"https:\/\/easy-ukca.com\/it\/marcatura-ukca\/come-scegliere-un-rappresentante-autorizzato\/\"},\"author\":{\"name\":\"admin\",\"@id\":\"https:\/\/easy-ukca.com\/it\/#\/schema\/person\/c549c554b3ddd8bc846883ffcff58977\"},\"headline\":\"Come scegliere un Rappresentante Autorizzato\",\"datePublished\":\"2022-08-31T13:42:38+00:00\",\"dateModified\":\"2023-06-20T15:59:39+00:00\",\"mainEntityOfPage\":{\"@id\":\"https:\/\/easy-ukca.com\/it\/marcatura-ukca\/come-scegliere-un-rappresentante-autorizzato\/\"},\"wordCount\":526,\"publisher\":{\"@id\":\"https:\/\/easy-ukca.com\/it\/#organization\"},\"image\":{\"@id\":\"https:\/\/easy-ukca.com\/it\/marcatura-ukca\/come-scegliere-un-rappresentante-autorizzato\/#primaryimage\"},\"thumbnailUrl\":\"https:\/\/easy-ukca.com\/wp-content\/uploads\/2022\/06\/Representante-Autorizado-UKCA.jpg\",\"keywords\":[\"rappresentante autorizzato\"],\"articleSection\":[\"Capire la marcatura UKCA\"],\"inLanguage\":\"it-IT\"},{\"@type\":\"WebPage\",\"@id\":\"https:\/\/easy-ukca.com\/it\/marcatura-ukca\/come-scegliere-un-rappresentante-autorizzato\/\",\"url\":\"https:\/\/easy-ukca.com\/it\/marcatura-ukca\/come-scegliere-un-rappresentante-autorizzato\/\",\"name\":\"Come scegliere un Rappresentante Autorizzato | Easy UKCA\",\"isPartOf\":{\"@id\":\"https:\/\/easy-ukca.com\/it\/#website\"},\"primaryImageOfPage\":{\"@id\":\"https:\/\/easy-ukca.com\/it\/marcatura-ukca\/come-scegliere-un-rappresentante-autorizzato\/#primaryimage\"},\"image\":{\"@id\":\"https:\/\/easy-ukca.com\/it\/marcatura-ukca\/come-scegliere-un-rappresentante-autorizzato\/#primaryimage\"},\"thumbnailUrl\":\"https:\/\/easy-ukca.com\/wp-content\/uploads\/2022\/06\/Representante-Autorizado-UKCA.jpg\",\"datePublished\":\"2022-08-31T13:42:38+00:00\",\"dateModified\":\"2023-06-20T15:59:39+00:00\",\"description\":\"Quali variabili devono essere prese in considerazione quando si sceglie un Rappresentante Autorizzato per il Regno Unito? Qui troverai tutto ci\u00f2 che c'\u00e8 da sapere.\",\"breadcrumb\":{\"@id\":\"https:\/\/easy-ukca.com\/it\/marcatura-ukca\/come-scegliere-un-rappresentante-autorizzato\/#breadcrumb\"},\"inLanguage\":\"it-IT\",\"potentialAction\":[{\"@type\":\"ReadAction\",\"target\":[\"https:\/\/easy-ukca.com\/it\/marcatura-ukca\/come-scegliere-un-rappresentante-autorizzato\/\"]}]},{\"@type\":\"ImageObject\",\"inLanguage\":\"it-IT\",\"@id\":\"https:\/\/easy-ukca.com\/it\/marcatura-ukca\/come-scegliere-un-rappresentante-autorizzato\/#primaryimage\",\"url\":\"https:\/\/easy-ukca.com\/wp-content\/uploads\/2022\/06\/Representante-Autorizado-UKCA.jpg\",\"contentUrl\":\"https:\/\/easy-ukca.com\/wp-content\/uploads\/2022\/06\/Representante-Autorizado-UKCA.jpg\",\"width\":400,\"height\":400,\"caption\":\"Rappresentante Autorizzato UKCA\"},{\"@type\":\"BreadcrumbList\",\"@id\":\"https:\/\/easy-ukca.com\/it\/marcatura-ukca\/come-scegliere-un-rappresentante-autorizzato\/#breadcrumb\",\"itemListElement\":[{\"@type\":\"ListItem\",\"position\":1,\"name\":\"Tutto sulla marcatura UKCA\",\"item\":\"https:\/\/easy-ukca.com\/it\/marcatura-ukca\/\"},{\"@type\":\"ListItem\",\"position\":2,\"name\":\"Come scegliere un Rappresentante Autorizzato\"}]},{\"@type\":\"WebSite\",\"@id\":\"https:\/\/easy-ukca.com\/it\/#website\",\"url\":\"https:\/\/easy-ukca.com\/it\/\",\"name\":\"Easy UKCA\",\"description\":\"Expertos en marcado UKCA\",\"publisher\":{\"@id\":\"https:\/\/easy-ukca.com\/it\/#organization\"},\"potentialAction\":[{\"@type\":\"SearchAction\",\"target\":{\"@type\":\"EntryPoint\",\"urlTemplate\":\"https:\/\/easy-ukca.com\/it\/?s={search_term_string}\"},\"query-input\":{\"@type\":\"PropertyValueSpecification\",\"valueRequired\":true,\"valueName\":\"search_term_string\"}}],\"inLanguage\":\"it-IT\"},{\"@type\":\"Organization\",\"@id\":\"https:\/\/easy-ukca.com\/it\/#organization\",\"name\":\"Easy UKCA\",\"url\":\"https:\/\/easy-ukca.com\/it\/\",\"logo\":{\"@type\":\"ImageObject\",\"inLanguage\":\"it-IT\",\"@id\":\"https:\/\/easy-ukca.com\/it\/#\/schema\/logo\/image\/\",\"url\":\"https:\/\/easy-ukca.com\/wp-content\/uploads\/2022\/05\/cropped-Logo-Easy-UKCA.png\",\"contentUrl\":\"https:\/\/easy-ukca.com\/wp-content\/uploads\/2022\/05\/cropped-Logo-Easy-UKCA.png\",\"width\":512,\"height\":512,\"caption\":\"Easy UKCA\"},\"image\":{\"@id\":\"https:\/\/easy-ukca.com\/it\/#\/schema\/logo\/image\/\"},\"sameAs\":[\"https:\/\/x.com\/EasyUKCA\"]},{\"@type\":\"Person\",\"@id\":\"https:\/\/easy-ukca.com\/it\/#\/schema\/person\/c549c554b3ddd8bc846883ffcff58977\",\"name\":\"admin\",\"image\":{\"@type\":\"ImageObject\",\"inLanguage\":\"it-IT\",\"@id\":\"https:\/\/secure.gravatar.com\/avatar\/79db6ad5491a2207ba489b12cbb7ab52cb955ae7249899fc77ac40d7d612dca6?s=96&d=mm&r=g\",\"url\":\"https:\/\/secure.gravatar.com\/avatar\/79db6ad5491a2207ba489b12cbb7ab52cb955ae7249899fc77ac40d7d612dca6?s=96&d=mm&r=g\",\"contentUrl\":\"https:\/\/secure.gravatar.com\/avatar\/79db6ad5491a2207ba489b12cbb7ab52cb955ae7249899fc77ac40d7d612dca6?s=96&d=mm&r=g\",\"caption\":\"admin\"},\"sameAs\":[\"https:\/\/easy-ukca.com\"]}]}<\/script>\n<!-- \/ Yoast SEO plugin. -->","yoast_head_json":{"title":"Come scegliere un Rappresentante Autorizzato | Easy UKCA","description":"Quali variabili devono essere prese in considerazione quando si sceglie un Rappresentante Autorizzato per il Regno Unito? Qui troverai tutto ci\u00f2 che c'\u00e8 da sapere.","robots":{"index":"index","follow":"follow","max-snippet":"max-snippet:-1","max-image-preview":"max-image-preview:large","max-video-preview":"max-video-preview:-1"},"canonical":"https:\/\/easy-ukca.com\/it\/marcatura-ukca\/come-scegliere-un-rappresentante-autorizzato\/","twitter_card":"summary_large_image","twitter_title":"Come scegliere un Rappresentante Autorizzato | Easy UKCA","twitter_description":"Quali variabili devono essere prese in considerazione quando si sceglie un Rappresentante Autorizzato per il Regno Unito? Qui troverai tutto ci\u00f2 che c'\u00e8 da sapere.","twitter_image":"https:\/\/easy-ukca.com\/wp-content\/uploads\/2022\/06\/Representante-Autorizado-UKCA.jpg","twitter_site":"@EasyUKCA","twitter_misc":{"Tempo di lettura stimato":"2 minuti"},"schema":{"@context":"https:\/\/schema.org","@graph":[{"@type":"Article","@id":"https:\/\/easy-ukca.com\/it\/marcatura-ukca\/come-scegliere-un-rappresentante-autorizzato\/#article","isPartOf":{"@id":"https:\/\/easy-ukca.com\/it\/marcatura-ukca\/come-scegliere-un-rappresentante-autorizzato\/"},"author":{"name":"admin","@id":"https:\/\/easy-ukca.com\/it\/#\/schema\/person\/c549c554b3ddd8bc846883ffcff58977"},"headline":"Come scegliere un Rappresentante Autorizzato","datePublished":"2022-08-31T13:42:38+00:00","dateModified":"2023-06-20T15:59:39+00:00","mainEntityOfPage":{"@id":"https:\/\/easy-ukca.com\/it\/marcatura-ukca\/come-scegliere-un-rappresentante-autorizzato\/"},"wordCount":526,"publisher":{"@id":"https:\/\/easy-ukca.com\/it\/#organization"},"image":{"@id":"https:\/\/easy-ukca.com\/it\/marcatura-ukca\/come-scegliere-un-rappresentante-autorizzato\/#primaryimage"},"thumbnailUrl":"https:\/\/easy-ukca.com\/wp-content\/uploads\/2022\/06\/Representante-Autorizado-UKCA.jpg","keywords":["rappresentante autorizzato"],"articleSection":["Capire la marcatura UKCA"],"inLanguage":"it-IT"},{"@type":"WebPage","@id":"https:\/\/easy-ukca.com\/it\/marcatura-ukca\/come-scegliere-un-rappresentante-autorizzato\/","url":"https:\/\/easy-ukca.com\/it\/marcatura-ukca\/come-scegliere-un-rappresentante-autorizzato\/","name":"Come scegliere un Rappresentante Autorizzato | Easy UKCA","isPartOf":{"@id":"https:\/\/easy-ukca.com\/it\/#website"},"primaryImageOfPage":{"@id":"https:\/\/easy-ukca.com\/it\/marcatura-ukca\/come-scegliere-un-rappresentante-autorizzato\/#primaryimage"},"image":{"@id":"https:\/\/easy-ukca.com\/it\/marcatura-ukca\/come-scegliere-un-rappresentante-autorizzato\/#primaryimage"},"thumbnailUrl":"https:\/\/easy-ukca.com\/wp-content\/uploads\/2022\/06\/Representante-Autorizado-UKCA.jpg","datePublished":"2022-08-31T13:42:38+00:00","dateModified":"2023-06-20T15:59:39+00:00","description":"Quali variabili devono essere prese in considerazione quando si sceglie un Rappresentante Autorizzato per il Regno Unito? Qui troverai tutto ci\u00f2 che c'\u00e8 da sapere.","breadcrumb":{"@id":"https:\/\/easy-ukca.com\/it\/marcatura-ukca\/come-scegliere-un-rappresentante-autorizzato\/#breadcrumb"},"inLanguage":"it-IT","potentialAction":[{"@type":"ReadAction","target":["https:\/\/easy-ukca.com\/it\/marcatura-ukca\/come-scegliere-un-rappresentante-autorizzato\/"]}]},{"@type":"ImageObject","inLanguage":"it-IT","@id":"https:\/\/easy-ukca.com\/it\/marcatura-ukca\/come-scegliere-un-rappresentante-autorizzato\/#primaryimage","url":"https:\/\/easy-ukca.com\/wp-content\/uploads\/2022\/06\/Representante-Autorizado-UKCA.jpg","contentUrl":"https:\/\/easy-ukca.com\/wp-content\/uploads\/2022\/06\/Representante-Autorizado-UKCA.jpg","width":400,"height":400,"caption":"Rappresentante Autorizzato UKCA"},{"@type":"BreadcrumbList","@id":"https:\/\/easy-ukca.com\/it\/marcatura-ukca\/come-scegliere-un-rappresentante-autorizzato\/#breadcrumb","itemListElement":[{"@type":"ListItem","position":1,"name":"Tutto sulla marcatura UKCA","item":"https:\/\/easy-ukca.com\/it\/marcatura-ukca\/"},{"@type":"ListItem","position":2,"name":"Come scegliere un Rappresentante Autorizzato"}]},{"@type":"WebSite","@id":"https:\/\/easy-ukca.com\/it\/#website","url":"https:\/\/easy-ukca.com\/it\/","name":"Easy UKCA","description":"Expertos en marcado UKCA","publisher":{"@id":"https:\/\/easy-ukca.com\/it\/#organization"},"potentialAction":[{"@type":"SearchAction","target":{"@type":"EntryPoint","urlTemplate":"https:\/\/easy-ukca.com\/it\/?s={search_term_string}"},"query-input":{"@type":"PropertyValueSpecification","valueRequired":true,"valueName":"search_term_string"}}],"inLanguage":"it-IT"},{"@type":"Organization","@id":"https:\/\/easy-ukca.com\/it\/#organization","name":"Easy UKCA","url":"https:\/\/easy-ukca.com\/it\/","logo":{"@type":"ImageObject","inLanguage":"it-IT","@id":"https:\/\/easy-ukca.com\/it\/#\/schema\/logo\/image\/","url":"https:\/\/easy-ukca.com\/wp-content\/uploads\/2022\/05\/cropped-Logo-Easy-UKCA.png","contentUrl":"https:\/\/easy-ukca.com\/wp-content\/uploads\/2022\/05\/cropped-Logo-Easy-UKCA.png","width":512,"height":512,"caption":"Easy UKCA"},"image":{"@id":"https:\/\/easy-ukca.com\/it\/#\/schema\/logo\/image\/"},"sameAs":["https:\/\/x.com\/EasyUKCA"]},{"@type":"Person","@id":"https:\/\/easy-ukca.com\/it\/#\/schema\/person\/c549c554b3ddd8bc846883ffcff58977","name":"admin","image":{"@type":"ImageObject","inLanguage":"it-IT","@id":"https:\/\/secure.gravatar.com\/avatar\/79db6ad5491a2207ba489b12cbb7ab52cb955ae7249899fc77ac40d7d612dca6?s=96&d=mm&r=g","url":"https:\/\/secure.gravatar.com\/avatar\/79db6ad5491a2207ba489b12cbb7ab52cb955ae7249899fc77ac40d7d612dca6?s=96&d=mm&r=g","contentUrl":"https:\/\/secure.gravatar.com\/avatar\/79db6ad5491a2207ba489b12cbb7ab52cb955ae7249899fc77ac40d7d612dca6?s=96&d=mm&r=g","caption":"admin"},"sameAs":["https:\/\/easy-ukca.com"]}]}},"_links":{"self":[{"href":"https:\/\/easy-ukca.com\/it\/wp-json\/wp\/v2\/pages\/6021","targetHints":{"allow":["GET"]}}],"collection":[{"href":"https:\/\/easy-ukca.com\/it\/wp-json\/wp\/v2\/pages"}],"about":[{"href":"https:\/\/easy-ukca.com\/it\/wp-json\/wp\/v2\/types\/page"}],"author":[{"embeddable":true,"href":"https:\/\/easy-ukca.com\/it\/wp-json\/wp\/v2\/users\/1"}],"replies":[{"embeddable":true,"href":"https:\/\/easy-ukca.com\/it\/wp-json\/wp\/v2\/comments?post=6021"}],"version-history":[{"count":10,"href":"https:\/\/easy-ukca.com\/it\/wp-json\/wp\/v2\/pages\/6021\/revisions"}],"predecessor-version":[{"id":7133,"href":"https:\/\/easy-ukca.com\/it\/wp-json\/wp\/v2\/pages\/6021\/revisions\/7133"}],"up":[{"embeddable":true,"href":"https:\/\/easy-ukca.com\/it\/wp-json\/wp\/v2\/pages\/5884"}],"wp:featuredmedia":[{"embeddable":true,"href":"https:\/\/easy-ukca.com\/it\/wp-json\/wp\/v2\/media\/5813"}],"wp:attachment":[{"href":"https:\/\/easy-ukca.com\/it\/wp-json\/wp\/v2\/media?parent=6021"}],"wp:term":[{"taxonomy":"category","embeddable":true,"href":"https:\/\/easy-ukca.com\/it\/wp-json\/wp\/v2\/categories?post=6021"},{"taxonomy":"post_tag","embeddable":true,"href":"https:\/\/easy-ukca.com\/it\/wp-json\/wp\/v2\/tags?post=6021"}],"curies":[{"name":"wp","href":"https:\/\/api.w.org\/{rel}","templated":true}]}}